{"id":54072,"date":"2022-09-28T09:46:24","date_gmt":"2022-09-28T09:46:24","guid":{"rendered":"https:\/\/donaulife-new.ogrisdigital.at\/produkt\/v-syndicate-rolling-tray-420-gold-m\/"},"modified":"2024-07-01T01:01:58","modified_gmt":"2024-07-01T01:01:58","slug":"v-syndicate-rolling-tray-420-gold-m","status":"publish","type":"product","link":"https:\/\/donaulife-new.ogrisdigital.at\/it\/v-syndicate-rolling-tray-420-gold-m\/","title":{"rendered":"V SYNDICATE Rolling Tray M | &#8216;420 Gold&#8217;"},"content":{"rendered":"<h2>V Syndicate Rolling Tray<\/h2>\n<p>Das V Syndicate Alu Rolling Tray im 420 Design. Das Rolling Tray hat eine Gr\u00f6\u00dfe von 27 x 16 cm.<\/p>\n<h3>\u00dcber V Syndicate:<\/h3>\n<p>V Syndicate\u00ae wurde 2010 gegr\u00fcndet und ist eine Lifestyle-Marke, die sich<br \/>\nFreizeit- und Raucherzubeh\u00f6r widmet. Unser Engagement f\u00fcr Innovation hat uns dazu inspiriert, die weltweit erste flache Kr\u00e4uterm\u00fchle in Form einer Karte im Brieftaschenformat zu entwickeln, die passenderweise &#8220;Grinder Card&#8221; genannt wird. Dieses elegante Ger\u00e4t ist umweltfreundlich, da es nur 5 % des Metalls verbraucht, das ein typischer Grinder ben\u00f6tigt. Der rostfreie Stahl in medizinischer Qualit\u00e4t verhindert Rost, w\u00e4hrend eine Vielzahl von Zahngr\u00f6\u00dfen drei verschiedene Bl\u00fctentexturen erm\u00f6glicht.<\/p>\n","protected":false},"excerpt":{"rendered":"<p>V Syndicate Rolling Tray Das V Syndicate Alu Rolling Tray im 420 Design. Das Rolling Tray hat eine Gr\u00f6\u00dfe von<\/p>\n","protected":false},"featured_media":37100,"comment_status":"open","ping_status":"open","template":"","meta":{"_acf_changed":false},"product_cat":[2794,2451,2793],"product_tag":[2981],"acf":[],"_links":{"self":[{"href":"https:\/\/donaulife-new.ogrisdigital.at\/it\/wp-json\/wp\/v2\/product\/54072"}],"collection":[{"href":"https:\/\/donaulife-new.ogrisdigital.at\/it\/wp-json\/wp\/v2\/product"}],"about":[{"href":"https:\/\/donaulife-new.ogrisdigital.at\/it\/wp-json\/wp\/v2\/types\/product"}],"replies":[{"embeddable":true,"href":"https:\/\/donaulife-new.ogrisdigital.at\/it\/wp-json\/wp\/v2\/comments?post=54072"}],"wp:featuredmedia":[{"embeddable":true,"href":"https:\/\/donaulife-new.ogrisdigital.at\/it\/wp-json\/wp\/v2\/media\/37100"}],"wp:attachment":[{"href":"https:\/\/donaulife-new.ogrisdigital.at\/it\/wp-json\/wp\/v2\/media?parent=54072"}],"wp:term":[{"taxonomy":"product_cat","embeddable":true,"href":"https:\/\/donaulife-new.ogrisdigital.at\/it\/wp-json\/wp\/v2\/product_cat?post=54072"},{"taxonomy":"product_tag","embeddable":true,"href":"https:\/\/donaulife-new.ogrisdigital.at\/it\/wp-json\/wp\/v2\/product_tag?post=54072"}],"curies":[{"name":"wp","href":"https:\/\/api.w.org\/{rel}","templated":true}]}}