{"id":53973,"date":"2022-09-11T22:46:55","date_gmt":"2022-09-11T22:46:55","guid":{"rendered":"https:\/\/donaulife-new.ogrisdigital.at\/produkt\/boost-pro-beakerbong-long-black-schwarz-55-cm\/"},"modified":"2025-01-15T07:09:05","modified_gmt":"2025-01-15T07:09:05","slug":"boost-pro-beakerbong-long-black-schwarz-55-cm","status":"publish","type":"product","link":"https:\/\/donaulife-new.ogrisdigital.at\/it\/boost-pro-beakerbong-long-black-schwarz-55-cm\/","title":{"rendered":"BOOST Pro Beakerbong &#8216;Long Black&#8217; schwarz | 55 cm"},"content":{"rendered":"<h2>Boost Pro Kolbenbong<\/h2>\n<p>Dieses Schmuckst\u00fcck von Boost kommt in dunklem schwarzen Design. Zuerst passiert der Rauch das Schlitz Diffusorchillum um dann weiter in den Beaker zu ziehen was jeden Hit von dieser Bong zum wahren Vergn\u00fcgen macht. Die Schrift sichert dir den perfekten Grip damit dieses sch\u00f6nen St\u00fcck keine Bekanntschaft mit dem harten Fu\u00dfboden machen muss. Sie kommt in den Farben Rot oder Gr\u00fcn, ist mit einem 29,2 mm Sockel ausgestattet und hat einen 18,8 mm Bongkopf mit Rollstop.<\/p>\n<h3>\u00dcber Boost:<\/h3>\n<p>Die Bongschmiede von Boost zeigt das gute Qualit\u00e4t nicht immer extrem teuer sein muss. Von einfachen geraden Bongs bis hin zu Percolator Bongs und au\u00dfergew\u00f6hlichen Formen bietet Boost f\u00fcr jeden Geschmack die richtige Glasvase. Auch beim Zubeh\u00f6r bietet der Hersteller hochwertige Bong K\u00f6pfe, Vork\u00fchler sowie Diffusor Chillums die mit vielen Modellen kompatibel sind. Wer noch stabilere Glaswaren sucht sollte auf den Zusatz Boost PRO achten. Diese sind dicker und meist mit weiteren Gimmicks wie zum Beispiel einem Eisfach ausgestattet.<\/p>\n<div style=\"position: static !important;\"><\/div>\n","protected":false},"excerpt":{"rendered":"<p>Boost Pro Kolbenbong Dieses Schmuckst\u00fcck von Boost kommt in dunklem schwarzen Design. Zuerst passiert der Rauch das Schlitz Diffusorchillum um<\/p>\n","protected":false},"featured_media":36621,"comment_status":"open","ping_status":"open","template":"","meta":{"_acf_changed":false},"product_cat":[2514,2459,2706,2523,2515,2635,2506,2463],"product_tag":[2707],"acf":[],"_links":{"self":[{"href":"https:\/\/donaulife-new.ogrisdigital.at\/it\/wp-json\/wp\/v2\/product\/53973"}],"collection":[{"href":"https:\/\/donaulife-new.ogrisdigital.at\/it\/wp-json\/wp\/v2\/product"}],"about":[{"href":"https:\/\/donaulife-new.ogrisdigital.at\/it\/wp-json\/wp\/v2\/types\/product"}],"replies":[{"embeddable":true,"href":"https:\/\/donaulife-new.ogrisdigital.at\/it\/wp-json\/wp\/v2\/comments?post=53973"}],"wp:featuredmedia":[{"embeddable":true,"href":"https:\/\/donaulife-new.ogrisdigital.at\/it\/wp-json\/wp\/v2\/media\/36621"}],"wp:attachment":[{"href":"https:\/\/donaulife-new.ogrisdigital.at\/it\/wp-json\/wp\/v2\/media?parent=53973"}],"wp:term":[{"taxonomy":"product_cat","embeddable":true,"href":"https:\/\/donaulife-new.ogrisdigital.at\/it\/wp-json\/wp\/v2\/product_cat?post=53973"},{"taxonomy":"product_tag","embeddable":true,"href":"https:\/\/donaulife-new.ogrisdigital.at\/it\/wp-json\/wp\/v2\/product_tag?post=53973"}],"curies":[{"name":"wp","href":"https:\/\/api.w.org\/{rel}","templated":true}]}}