{"id":53972,"date":"2022-09-11T22:33:52","date_gmt":"2022-09-11T22:33:52","guid":{"rendered":"https:\/\/donaulife-new.ogrisdigital.at\/produkt\/thug-life-beakerbong-black-frog-30-cm\/"},"modified":"2025-01-15T07:09:06","modified_gmt":"2025-01-15T07:09:06","slug":"thug-life-beakerbong-black-frog-30-cm","status":"publish","type":"product","link":"https:\/\/donaulife-new.ogrisdigital.at\/it\/thug-life-beakerbong-black-frog-30-cm\/","title":{"rendered":"THUG LIFE Beakerbong &#8216;Black Frog&#8217; | 30 cm"},"content":{"rendered":"<h1>Thug Life Koblenbong Black Frog<\/h1>\n<p>Diese Beaker Bong von Thug Life ist ein robustes St\u00fcck Glaskunst, das Dir einen fantastischen Hit bieten wird! Sie besteht aus einem haltbaren, hitzebest\u00e4ndigen Borosilikatglas, das in der Form eines Kolbens geformt ist.<br \/>\nIm Kolben steckt ein 6-Arm-Chillum (6 Shooter) mit einem 29,2 mm Schliff. Das Chillum dient als Diffusor, um den Rauch zu zerteilen, so dass er vom Wasser nohcmal zus\u00e4tzlich gefiltert wird. Au\u00dferdem k\u00f6nnen Eisw\u00fcrfel verwendet werden um den Rauch noch witer zu k\u00fchlen.<\/p>\n","protected":false},"excerpt":{"rendered":"<p>Thug Life Koblenbong Black Frog Diese Beaker Bong von Thug Life ist ein robustes St\u00fcck Glaskunst, das Dir einen fantastischen<\/p>\n","protected":false},"featured_media":36612,"comment_status":"open","ping_status":"open","template":"","meta":{"_acf_changed":false},"product_cat":[2514,2459,2523,2515,2635,2506],"product_tag":[],"acf":[],"_links":{"self":[{"href":"https:\/\/donaulife-new.ogrisdigital.at\/it\/wp-json\/wp\/v2\/product\/53972"}],"collection":[{"href":"https:\/\/donaulife-new.ogrisdigital.at\/it\/wp-json\/wp\/v2\/product"}],"about":[{"href":"https:\/\/donaulife-new.ogrisdigital.at\/it\/wp-json\/wp\/v2\/types\/product"}],"replies":[{"embeddable":true,"href":"https:\/\/donaulife-new.ogrisdigital.at\/it\/wp-json\/wp\/v2\/comments?post=53972"}],"wp:featuredmedia":[{"embeddable":true,"href":"https:\/\/donaulife-new.ogrisdigital.at\/it\/wp-json\/wp\/v2\/media\/36612"}],"wp:attachment":[{"href":"https:\/\/donaulife-new.ogrisdigital.at\/it\/wp-json\/wp\/v2\/media?parent=53972"}],"wp:term":[{"taxonomy":"product_cat","embeddable":true,"href":"https:\/\/donaulife-new.ogrisdigital.at\/it\/wp-json\/wp\/v2\/product_cat?post=53972"},{"taxonomy":"product_tag","embeddable":true,"href":"https:\/\/donaulife-new.ogrisdigital.at\/it\/wp-json\/wp\/v2\/product_tag?post=53972"}],"curies":[{"name":"wp","href":"https:\/\/api.w.org\/{rel}","templated":true}]}}