{"id":53965,"date":"2022-09-11T21:41:59","date_gmt":"2022-09-11T21:41:59","guid":{"rendered":"https:\/\/donaulife-new.ogrisdigital.at\/produkt\/heisenberg-glasbong-big-tank-38-cm\/"},"modified":"2025-01-15T07:09:12","modified_gmt":"2025-01-15T07:09:12","slug":"heisenberg-glasbong-big-tank-38-cm","status":"publish","type":"product","link":"https:\/\/donaulife-new.ogrisdigital.at\/it\/heisenberg-glasbong-big-tank-38-cm\/","title":{"rendered":"HEISENBERG Glasbong &#8216;Big Tank&#8217; | 38 cm"},"content":{"rendered":"<h2>Heisenberg Glasbong mit Panzerschliff<\/h2>\n<div id=\"description\" class=\"data item content\" role=\"tabpanel\" data-role=\"content\" aria-labelledby=\"tab-label-description\" aria-hidden=\"false\">\n<div class=\"product attribute description\">\n<div class=\"value\">\n<p>Die &#8216;Big Tank&#8217; macht ihren Namen alle Ehre. Mit ihren 50 mm Durchmesser ist sie schon echt ein fetter Pr\u00fcgel. Aber die 5 mm Wandst\u00e4rke und der Panzerschliff machen es zum ultimativen Panzer. Der Rundfu\u00df auf dem das gute St\u00fcck seht, sorgt f\u00fcr die notwendige Stabilit\u00e4t. Das Chillum ist ca. 12 cm Lang und hat einen 18,8er Schliff. Kickloch und Eisfach sind vorhanden, somit steht smoothen Bonghits nichts mehr im Wege. Den Hals ziert ein schwarzes &#8216;Heisenberg&#8217; Logo.<\/p>\n<\/div>\n<\/div>\n<\/div>\n<div>\n<h3>\u00dcber Heisenberg:<\/h3>\n<div>\n<p>Heisenberg \u2013 nicht nur durch Breaking Bad ein Ph\u00e4nomen. Die Marke Heisenberg ist unter anderem durch ihre Glasbongs bekannt geworden. Keine Bong der Heisenberg Serie ist wie die andere. Hier werden verschiedene Gestaltungselemente geboten, wie beispielsweise poppige Farben oder mit Glow in the dark Funktion, Pl\u00e4tzen zum Einsetzen von LED Beleuchtung und anderen Extras.<\/p>\n<p>Bei dem interessanten Sortiment an Glasbongs, ist mit Sicherheit auch was f\u00fcr dich dabei!<\/p>\n<\/div>\n<\/div>\n","protected":false},"excerpt":{"rendered":"<p>Heisenberg Glasbong mit Panzerschliff Die &#8216;Big Tank&#8217; macht ihren Namen alle Ehre. Mit ihren 50 mm Durchmesser ist sie schon<\/p>\n","protected":false},"featured_media":36543,"comment_status":"open","ping_status":"open","template":"","meta":{"_acf_changed":false},"product_cat":[2514,2459,2510,3404,2523,2515,2506,2463],"product_tag":[3405,2466],"acf":[],"_links":{"self":[{"href":"https:\/\/donaulife-new.ogrisdigital.at\/it\/wp-json\/wp\/v2\/product\/53965"}],"collection":[{"href":"https:\/\/donaulife-new.ogrisdigital.at\/it\/wp-json\/wp\/v2\/product"}],"about":[{"href":"https:\/\/donaulife-new.ogrisdigital.at\/it\/wp-json\/wp\/v2\/types\/product"}],"replies":[{"embeddable":true,"href":"https:\/\/donaulife-new.ogrisdigital.at\/it\/wp-json\/wp\/v2\/comments?post=53965"}],"wp:featuredmedia":[{"embeddable":true,"href":"https:\/\/donaulife-new.ogrisdigital.at\/it\/wp-json\/wp\/v2\/media\/36543"}],"wp:attachment":[{"href":"https:\/\/donaulife-new.ogrisdigital.at\/it\/wp-json\/wp\/v2\/media?parent=53965"}],"wp:term":[{"taxonomy":"product_cat","embeddable":true,"href":"https:\/\/donaulife-new.ogrisdigital.at\/it\/wp-json\/wp\/v2\/product_cat?post=53965"},{"taxonomy":"product_tag","embeddable":true,"href":"https:\/\/donaulife-new.ogrisdigital.at\/it\/wp-json\/wp\/v2\/product_tag?post=53965"}],"curies":[{"name":"wp","href":"https:\/\/api.w.org\/{rel}","templated":true}]}}