{"id":53960,"date":"2022-09-11T21:02:08","date_gmt":"2022-09-11T21:02:08","guid":{"rendered":"https:\/\/donaulife-new.ogrisdigital.at\/produkt\/heisenberg-percolatorbong-cheese-perc-58-cm\/"},"modified":"2025-01-15T07:09:14","modified_gmt":"2025-01-15T07:09:14","slug":"heisenberg-percolatorbong-cheese-perc-58-cm","status":"publish","type":"product","link":"https:\/\/donaulife-new.ogrisdigital.at\/it\/heisenberg-percolatorbong-cheese-perc-58-cm\/","title":{"rendered":"HEISENBERG Percolatorbong &#8216;Cheese Perc&#8217; | 58 cm"},"content":{"rendered":"<h2>Heisenberg Percolatorbong<\/h2>\n<div id=\"description\" class=\"data item content\" role=\"tabpanel\" data-role=\"content\" aria-labelledby=\"tab-label-description\" aria-hidden=\"false\">\n<div class=\"product attribute description\">\n<div class=\"value\">\n<p>Diese Heisenberg Bong selbst is quasi der Perkolator. Der K\u00f6rper ist durchl\u00f6chert, der Rauch muss sich einen langen, m\u00fchsamen Weg nach oben in den Hals bahnen. Bis er dort ankommt, verwirbeln ihn noch zus\u00e4tzlich zwei Shower-Percs in der N\u00e4he des Rundfu\u00dfes und k\u00fchlen ihn.<br \/>\nOben fast angekommen, k\u00f6nnen optional sogar Eisw\u00fcrfel eingesetzt werden, denn die dazu n\u00f6tigen Kerben sind vorhanden.<br \/>\nDie Cheese Perc Glasbong hat ein unglaublich leichten Durchzug. Das Wasser wirbelt durch die Lochkammer wie das Meer an der Brandung. Mit ihrem 5mm starken Glas steht sie besonders stabil und liegt schwer in der Hand.<\/p>\n<\/div>\n<\/div>\n<\/div>\n<div>\n<h3>\u00dcber Heisenberg:<\/h3>\n<div>\n<p>Heisenberg \u2013 nicht nur durch Breaking Bad ein Ph\u00e4nomen. Die Marke Heisenberg ist unter anderem durch ihre Glasbongs bekannt geworden. Keine Bong der Heisenberg Serie ist wie die andere. Hier werden verschiedene Gestaltungselemente geboten, wie beispielsweise poppige Farben oder mit Glow in the dark Funktion, Pl\u00e4tzen zum Einsetzen von LED Beleuchtung und anderen Extras.<\/p>\n<p>Bei dem interessanten Sortiment an Glasbongs, ist mit Sicherheit auch was f\u00fcr dich dabei!<\/p>\n<\/div>\n<\/div>\n","protected":false},"excerpt":{"rendered":"<p>Heisenberg Percolatorbong Diese Heisenberg Bong selbst is quasi der Perkolator. Der K\u00f6rper ist durchl\u00f6chert, der Rauch muss sich einen langen,<\/p>\n","protected":false},"featured_media":36498,"comment_status":"open","ping_status":"open","template":"","meta":{"_acf_changed":false},"product_cat":[2514,2459,3404,2523,2577,2506,2463,2520],"product_tag":[3405,2466],"acf":[],"_links":{"self":[{"href":"https:\/\/donaulife-new.ogrisdigital.at\/it\/wp-json\/wp\/v2\/product\/53960"}],"collection":[{"href":"https:\/\/donaulife-new.ogrisdigital.at\/it\/wp-json\/wp\/v2\/product"}],"about":[{"href":"https:\/\/donaulife-new.ogrisdigital.at\/it\/wp-json\/wp\/v2\/types\/product"}],"replies":[{"embeddable":true,"href":"https:\/\/donaulife-new.ogrisdigital.at\/it\/wp-json\/wp\/v2\/comments?post=53960"}],"wp:featuredmedia":[{"embeddable":true,"href":"https:\/\/donaulife-new.ogrisdigital.at\/it\/wp-json\/wp\/v2\/media\/36498"}],"wp:attachment":[{"href":"https:\/\/donaulife-new.ogrisdigital.at\/it\/wp-json\/wp\/v2\/media?parent=53960"}],"wp:term":[{"taxonomy":"product_cat","embeddable":true,"href":"https:\/\/donaulife-new.ogrisdigital.at\/it\/wp-json\/wp\/v2\/product_cat?post=53960"},{"taxonomy":"product_tag","embeddable":true,"href":"https:\/\/donaulife-new.ogrisdigital.at\/it\/wp-json\/wp\/v2\/product_tag?post=53960"}],"curies":[{"name":"wp","href":"https:\/\/api.w.org\/{rel}","templated":true}]}}