{"id":53955,"date":"2022-09-11T20:02:26","date_gmt":"2022-09-11T20:02:26","guid":{"rendered":"https:\/\/donaulife-new.ogrisdigital.at\/produkt\/heisenberg-percolatorbong-monsoon-30-cm\/"},"modified":"2025-01-15T07:09:19","modified_gmt":"2025-01-15T07:09:19","slug":"heisenberg-percolatorbong-monsoon-30-cm","status":"publish","type":"product","link":"https:\/\/donaulife-new.ogrisdigital.at\/it\/heisenberg-percolatorbong-monsoon-30-cm\/","title":{"rendered":"HEISENBERG Percolatorbong &#8216;Monsoon&#8217; | 30 cm"},"content":{"rendered":"<h2>Heisenberg Percolatorbong<\/h2>\n<div id=\"description\" class=\"data item content\" role=\"tabpanel\" data-role=\"content\" aria-labelledby=\"tab-label-description\" aria-hidden=\"false\">\n<div class=\"product attribute description\">\n<div class=\"value\">\n<p>Im Gegenteil, die Sonne geht auf, wenn der 4-arm Kreuz Perkolator zum Einsatz kommt, der am Ende des fest installierten Chillums in dieser Heisenberg Glasbong angebracht ist.<br \/>\nBevor der Rauch dann in das Rohr zum Mundst\u00fcck gelangt, muss er noch einen Schlitzloch-Diffusor, der ihn noch ein wenig sanfter und k\u00fchler macht.<br \/>\nVon der Formgebung her \u00e4hnelt der Monsoon einem mittelgro\u00dfen Bubbler. Als High-End Wasserpfeife erf\u00fcllt er s\u00e4mtliche Standards spielend.<\/p>\n<\/div>\n<\/div>\n<\/div>\n<div>\n<h3>\u00dcber Heisenberg:<\/h3>\n<div>\n<p>Heisenberg \u2013 nicht nur durch Breaking Bad ein Ph\u00e4nomen. Die Marke Heisenberg ist unter anderem durch ihre Glasbongs bekannt geworden. Keine Bong der Heisenberg Serie ist wie die andere. Hier werden verschiedene Gestaltungselemente geboten, wie beispielsweise poppige Farben oder mit Glow in the dark Funktion, Pl\u00e4tzen zum Einsetzen von LED Beleuchtung und anderen Extras.<\/p>\n<p>Bei dem interessanten Sortiment an Glasbongs, ist mit Sicherheit auch was f\u00fcr dich dabei!<\/p>\n<\/div>\n<\/div>\n","protected":false},"excerpt":{"rendered":"<p>Heisenberg Percolatorbong Im Gegenteil, die Sonne geht auf, wenn der 4-arm Kreuz Perkolator zum Einsatz kommt, der am Ende des<\/p>\n","protected":false},"featured_media":36455,"comment_status":"open","ping_status":"open","template":"","meta":{"_acf_changed":false},"product_cat":[2514,2459,2513,3404,2577,2506,2463,2520],"product_tag":[3405,2466],"acf":[],"_links":{"self":[{"href":"https:\/\/donaulife-new.ogrisdigital.at\/it\/wp-json\/wp\/v2\/product\/53955"}],"collection":[{"href":"https:\/\/donaulife-new.ogrisdigital.at\/it\/wp-json\/wp\/v2\/product"}],"about":[{"href":"https:\/\/donaulife-new.ogrisdigital.at\/it\/wp-json\/wp\/v2\/types\/product"}],"replies":[{"embeddable":true,"href":"https:\/\/donaulife-new.ogrisdigital.at\/it\/wp-json\/wp\/v2\/comments?post=53955"}],"wp:featuredmedia":[{"embeddable":true,"href":"https:\/\/donaulife-new.ogrisdigital.at\/it\/wp-json\/wp\/v2\/media\/36455"}],"wp:attachment":[{"href":"https:\/\/donaulife-new.ogrisdigital.at\/it\/wp-json\/wp\/v2\/media?parent=53955"}],"wp:term":[{"taxonomy":"product_cat","embeddable":true,"href":"https:\/\/donaulife-new.ogrisdigital.at\/it\/wp-json\/wp\/v2\/product_cat?post=53955"},{"taxonomy":"product_tag","embeddable":true,"href":"https:\/\/donaulife-new.ogrisdigital.at\/it\/wp-json\/wp\/v2\/product_tag?post=53955"}],"curies":[{"name":"wp","href":"https:\/\/api.w.org\/{rel}","templated":true}]}}