{"id":53903,"date":"2022-09-06T09:10:41","date_gmt":"2022-09-06T09:10:41","guid":{"rendered":"https:\/\/donaulife-new.ogrisdigital.at\/produkt\/revelry-schuertze-the-apron\/"},"modified":"2025-01-15T07:09:21","modified_gmt":"2025-01-15T07:09:21","slug":"revelry-schuertze-the-apron","status":"publish","type":"product","link":"https:\/\/donaulife-new.ogrisdigital.at\/it\/revelry-schuertze-the-apron\/","title":{"rendered":"REVELRY Sch\u00fcrze &#8216;The Apron&#8217;"},"content":{"rendered":"<h2>Revelry Sch\u00fctze<\/h2>\n<div>\n<p>Hochbelastbare Sch\u00fcrze aus gewachstem Segeltuch, mit gro\u00dfz\u00fcgigen Taschen, von Revelry.<\/p>\n<h2>Revelry Apron Eigenschaften:<\/h2>\n<ul>\n<li>Gewachstes Segeltuch<\/li>\n<li>Individuell anpassbares Futter<\/li>\n<li>Verstellbare Riemen<\/li>\n<li>Doppelte \u00d6sen<\/li>\n<li>Messerfach<\/li>\n<li>Stiftfach<\/li>\n<li>Seitliche Eingrifftaschen<\/li>\n<li>Echte Leder-Akzente<\/li>\n<li>Metallbeschl\u00e4ge<\/li>\n<li>Abmessungen: 66 x 84 cm<\/li>\n<\/ul>\n<\/div>\n<div>\n<p><span style=\"font-size: 20.16px; color: #333333;\">\u00dcber Revelry:<\/span><\/p>\n<\/div>\n<p><strong>Wer wir sind<\/strong><br \/>\nUnsere Crew ist eine Familie von Surfern, Skatern und Outdoor-Enthusiasten, die gerne reisen und Spa\u00df haben. Wir leben in Santa Cruz, wo der Strand auf die Redwoods trifft, und wir nutzen die Landschaft und den Lebensstil voll aus. Wenn du jemals hier bist, besuche uns! Wir sind immer f\u00fcr eine gute Zeit zu haben.<\/p>\n<p><strong>Was wir herstellen<\/strong><br \/>\nUnsere Produkte sind von dem Wunsch inspiriert, Ausr\u00fcstung zu schaffen, die nahtlos in jeden Teil deines Tages \u00fcbergeht. Egal, ob du ein Outdoor-Abenteuer erlebst, auf einem Roadtrip bist oder einfach zu Hause zur\u00fccklehnst, unsere technischen und dennoch einfachen Designs bieten dir alles, was du brauchst. Wir konzentrieren uns auf die Details, um Produkte zu schaffen, die sowohl einfach als auch diskret sind, w\u00e4hrend wir gleichzeitig hochwertige Materialien verwenden damit die Produkte lange halten. Unsere klassische \u00c4sthetik, gepaart mit unserer Liebe zum Detail, machen unsere Kollektion perfekt f\u00fcr jedes Abenteuer, das du eingehst.<\/p>\n<p><strong>Warum wir das tun<\/strong><br \/>\nUm es einfach auszudr\u00fccken: weil wir es wollen. Revelry wurde mit dem selbsts\u00fcchtigen Ehrgeiz gegr\u00fcndet, Produkte zu schaffen, die wir selbst auch benutzen wollen. Unsere ersten Entw\u00fcrfe sollten die wenigen geruchsdichten Taschen am Markt verbessern. Als wir begannen gab es viele Produkte ohne Namen oder eine richtige Identit\u00e4t, und so entstand Revelry. Seitdem haben wir unseren Fokus auf Technologie und klare \u00c4sthetik auf alle unsere verschiedenen Produkte \u00fcbertragen. Probiere es selbst aus, du wirst nicht entt\u00e4uscht sein.<\/p>\n<p>&nbsp;<\/p>\n","protected":false},"excerpt":{"rendered":"<p>Revelry Sch\u00fctze Hochbelastbare Sch\u00fcrze aus gewachstem Segeltuch, mit gro\u00dfz\u00fcgigen Taschen, von Revelry. Revelry Apron Eigenschaften: Gewachstes Segeltuch Individuell anpassbares Futter<\/p>\n","protected":false},"featured_media":36206,"comment_status":"open","ping_status":"closed","template":"","meta":{"_acf_changed":false},"product_cat":[2607,2969,2566,2451],"product_tag":[3478],"acf":[],"_links":{"self":[{"href":"https:\/\/donaulife-new.ogrisdigital.at\/it\/wp-json\/wp\/v2\/product\/53903"}],"collection":[{"href":"https:\/\/donaulife-new.ogrisdigital.at\/it\/wp-json\/wp\/v2\/product"}],"about":[{"href":"https:\/\/donaulife-new.ogrisdigital.at\/it\/wp-json\/wp\/v2\/types\/product"}],"replies":[{"embeddable":true,"href":"https:\/\/donaulife-new.ogrisdigital.at\/it\/wp-json\/wp\/v2\/comments?post=53903"}],"wp:featuredmedia":[{"embeddable":true,"href":"https:\/\/donaulife-new.ogrisdigital.at\/it\/wp-json\/wp\/v2\/media\/36206"}],"wp:attachment":[{"href":"https:\/\/donaulife-new.ogrisdigital.at\/it\/wp-json\/wp\/v2\/media?parent=53903"}],"wp:term":[{"taxonomy":"product_cat","embeddable":true,"href":"https:\/\/donaulife-new.ogrisdigital.at\/it\/wp-json\/wp\/v2\/product_cat?post=53903"},{"taxonomy":"product_tag","embeddable":true,"href":"https:\/\/donaulife-new.ogrisdigital.at\/it\/wp-json\/wp\/v2\/product_tag?post=53903"}],"curies":[{"name":"wp","href":"https:\/\/api.w.org\/{rel}","templated":true}]}}