{"id":53877,"date":"2022-08-17T13:06:49","date_gmt":"2022-08-17T13:06:49","guid":{"rendered":"https:\/\/donaulife-new.ogrisdigital.at\/produkt\/dexso-silikondose-o-38mm-o-55mm\/"},"modified":"2024-07-01T01:00:03","modified_gmt":"2024-07-01T01:00:03","slug":"dexso-silikondose-o-38mm-o-55mm","status":"publish","type":"product","link":"https:\/\/donaulife-new.ogrisdigital.at\/it\/dexso-silikondose-o-38mm-o-55mm\/","title":{"rendered":"DEXSO Silikondose | \u00d8 38\/55 mm"},"content":{"rendered":"<h2>Dexso Silikondose<\/h2>\n<p>Die runden Dosen aus lebensmittelechtem Silikon sind bestens geeignet, um darin die doch sehr klebrigen Konzentrate aufzubewahren.<\/p>\n<p>Denn das Silikon ist antihaftend, so dass kostbares Wax und \u00d6l dort nicht festklebt und immer leicht entnehmbar ist.<\/p>\n<h3>\u00dcber Dexso:<\/h3>\n<p>Die Vision von Dexso ist es, &#8220;Swissness&#8221; auf den weltweiten Markt der Pflanzenextrakte zu bringen. Auf diese Weise fungiert Dexso als Br\u00fccke zwischen dem Kleinen und dem Grossen, zwischen dem privaten Anwender und der Industrie. Deshalb produziert Dexso mehrere Produktlinien, angepasst an die Bed\u00fcrfnisse der verschiedenen Kundengruppen, immer mit dem allgemeinen Ziel, Qualit\u00e4tsf\u00fchrer zu sein.<\/p>\n","protected":false},"excerpt":{"rendered":"<p>Dexso Silikondose Die runden Dosen aus lebensmittelechtem Silikon sind bestens geeignet, um darin die doch sehr klebrigen Konzentrate aufzubewahren. Denn<\/p>\n","protected":false},"featured_media":36128,"comment_status":"open","ping_status":"closed","template":"","meta":{"_acf_changed":false},"product_cat":[2607,2549,2451,2608],"product_tag":[],"acf":[],"_links":{"self":[{"href":"https:\/\/donaulife-new.ogrisdigital.at\/it\/wp-json\/wp\/v2\/product\/53877"}],"collection":[{"href":"https:\/\/donaulife-new.ogrisdigital.at\/it\/wp-json\/wp\/v2\/product"}],"about":[{"href":"https:\/\/donaulife-new.ogrisdigital.at\/it\/wp-json\/wp\/v2\/types\/product"}],"replies":[{"embeddable":true,"href":"https:\/\/donaulife-new.ogrisdigital.at\/it\/wp-json\/wp\/v2\/comments?post=53877"}],"wp:featuredmedia":[{"embeddable":true,"href":"https:\/\/donaulife-new.ogrisdigital.at\/it\/wp-json\/wp\/v2\/media\/36128"}],"wp:attachment":[{"href":"https:\/\/donaulife-new.ogrisdigital.at\/it\/wp-json\/wp\/v2\/media?parent=53877"}],"wp:term":[{"taxonomy":"product_cat","embeddable":true,"href":"https:\/\/donaulife-new.ogrisdigital.at\/it\/wp-json\/wp\/v2\/product_cat?post=53877"},{"taxonomy":"product_tag","embeddable":true,"href":"https:\/\/donaulife-new.ogrisdigital.at\/it\/wp-json\/wp\/v2\/product_tag?post=53877"}],"curies":[{"name":"wp","href":"https:\/\/api.w.org\/{rel}","templated":true}]}}