{"id":53864,"date":"2022-07-20T09:52:51","date_gmt":"2022-07-20T09:52:51","guid":{"rendered":"https:\/\/donaulife-new.ogrisdigital.at\/produkt\/ejmix-e-juice-blending-tools-mischwerkzeuge\/"},"modified":"2024-07-01T00:59:56","modified_gmt":"2024-07-01T00:59:56","slug":"ejmix-e-juice-blending-tools-mischwerkzeuge","status":"publish","type":"product","link":"https:\/\/donaulife-new.ogrisdigital.at\/it\/ejmix-e-juice-blending-tools-mischwerkzeuge\/","title":{"rendered":"EJMIX E-Juice Blending Tools | Mischwerkzeuge"},"content":{"rendered":"<h2>EJ Mix Blending Tools<\/h2>\n<p>EJmix stellt universell kompatible Kr\u00e4uterliquids her, aber das Fehlen einer richtig dimensionierten Abf\u00fcllspitze f\u00fcr Ihren Tank oder Ihre Kartusche kann Benutzer davon abhalten, die richtigen Ger\u00e4te f\u00fcr ihre Liquids und Bed\u00fcrfnisse zu finden. Es gibt Hunderte von verschiedenen Tanks und Kartuschen, und jede hat einen einzigartigen F\u00fcllanschluss. F\u00fcr viele Benutzer ist es schwierig, wenn nicht gar unm\u00f6glich, die Gr\u00f6\u00dfe ihres Anschlusses zu erraten. Wenn sie also F\u00fcllspitzen kaufen, sind diese oft eine Nummer zu klein oder zu gro\u00df, was den Einspritzanschluss besch\u00e4digen und zu Undichtigkeiten und zerst\u00f6rten Kartuschen f\u00fchren kann. Mit dem EJmix Variety Pack gibt es kein R\u00e4tselraten mehr, da wir Spitzen in jeder hergestellten Gr\u00f6\u00dfe enthalten haben, um sicherzustellen, dass Sie die perfekte Passform f\u00fcr den perfekten Tank f\u00fcr die perfekte Erfahrung finden. Genie\u00dfen Sie!<\/p>\n<ul>\n<li>Entwickelt, um es einfach zu machen, EJmix mit absolut allen Tanks und Patronen zu verwenden<\/li>\n<li>Enth\u00e4lt 6 verschiedene stumpfe Spitzen aus Edelstahl: 15, 16, 17, 18, 19, 20<\/li>\n<li>Enth\u00e4lt x3 3ml Messspritzen, x2 5ml Spritzen und x1 10ml Spritze<\/li>\n<li>Passen Sie die Viskosit\u00e4t Ihrer Fl\u00fcssigkeit an den Messbereich Ihrer Spritze an, um ein Versch\u00fctten und Verklemmen der Spritze zu vermeiden<\/li>\n<\/ul>\n<h2>Was ist EJ Mix und wie verwendet man es mit eigenen Extrakten?<\/h2>\n<p>Ej Mix ist das fehlende Glied zwischen Kr\u00e4uterextrakten und E-juice. Es ist eine firmeneigene Mischung aus Propylenglykol und PEG200, PEG300 und PEG400, die alle Extrakte, Essenzen und \u00d6le in eine Fl\u00fcssigkeit verwandelt, die sanft verdampft und sich nicht mehr trennt. In dem Video erkl\u00e4rt Bobby die Grundlagen von EJmix und wie du damit deine eigenen E-Liquids herstellen kannst.<\/p>\n<p><iframe title=\"What is EJmix and how to use it with your herbal liquids\" width=\"500\" height=\"281\" src=\"https:\/\/www.youtube.com\/embed\/QZ3aKfhjOys?feature=oembed\" frameborder=\"0\" allow=\"accelerometer; autoplay; clipboard-write; encrypted-media; gyroscope; picture-in-picture; web-share\" referrerpolicy=\"strict-origin-when-cross-origin\" allowfullscreen><\/iframe><\/p>\n<h2>Wie sich EJ Mix von anderen Liquidisern unterscheidet?<\/h2>\n<div>Nicht alle fl\u00fcssigen L\u00f6sungen sind gleich &#8211; und die meisten werden mit nat\u00fcrlichen Kr\u00e4uterextrakten nicht gut funktionieren. In diesem Video bespricht Bobby, wie sich der EJmix von anderen L\u00f6sungen auf dem Markt unterscheidet.<\/div>\n<div><\/div>\n<div>\n<p><iframe title=\"Why EJmix is different from other liquids\" width=\"500\" height=\"281\" src=\"https:\/\/www.youtube.com\/embed\/ODN2ScvMxoo?feature=oembed\" frameborder=\"0\" allow=\"accelerometer; autoplay; clipboard-write; encrypted-media; gyroscope; picture-in-picture; web-share\" referrerpolicy=\"strict-origin-when-cross-origin\" allowfullscreen><\/iframe><\/p>\n<\/div>\n<h2>Wie EJ Mix alle Extrakte universeller macht<\/h2>\n<div>Da der EJmix eine universelle, geschmacksneutrale Basis ist, bietet er Ihnen die Flexibilit\u00e4t, die Extraktkonsistenz und -st\u00e4rke zu Ihrem pers\u00f6nlichen Sweet Spot zu ver\u00e4ndern. In diesem Video bespricht Bobby einige der Vorteile von EJmix und wie es Ihnen helfen kann, Fl\u00fcssigkeiten mit der f\u00fcr Ihren Geschmack idealen Konzentration herzustellen.<\/div>\n<div><\/div>\n<div>\n<p><iframe title=\"How EJmix makes everything more versatile\" width=\"500\" height=\"281\" src=\"https:\/\/www.youtube.com\/embed\/hUAwc86dHCA?feature=oembed\" frameborder=\"0\" allow=\"accelerometer; autoplay; clipboard-write; encrypted-media; gyroscope; picture-in-picture; web-share\" referrerpolicy=\"strict-origin-when-cross-origin\" allowfullscreen><\/iframe><\/p>\n<\/div>\n<div><\/div>\n","protected":false},"excerpt":{"rendered":"<p>EJ Mix Blending Tools EJmix stellt universell kompatible Kr\u00e4uterliquids her, aber das Fehlen einer richtig dimensionierten Abf\u00fcllspitze f\u00fcr Ihren Tank<\/p>\n","protected":false},"featured_media":36098,"comment_status":"open","ping_status":"open","template":"","meta":{"_acf_changed":false},"product_cat":[2489,2549,3250],"product_tag":[3251,3252],"acf":[],"_links":{"self":[{"href":"https:\/\/donaulife-new.ogrisdigital.at\/it\/wp-json\/wp\/v2\/product\/53864"}],"collection":[{"href":"https:\/\/donaulife-new.ogrisdigital.at\/it\/wp-json\/wp\/v2\/product"}],"about":[{"href":"https:\/\/donaulife-new.ogrisdigital.at\/it\/wp-json\/wp\/v2\/types\/product"}],"replies":[{"embeddable":true,"href":"https:\/\/donaulife-new.ogrisdigital.at\/it\/wp-json\/wp\/v2\/comments?post=53864"}],"wp:featuredmedia":[{"embeddable":true,"href":"https:\/\/donaulife-new.ogrisdigital.at\/it\/wp-json\/wp\/v2\/media\/36098"}],"wp:attachment":[{"href":"https:\/\/donaulife-new.ogrisdigital.at\/it\/wp-json\/wp\/v2\/media?parent=53864"}],"wp:term":[{"taxonomy":"product_cat","embeddable":true,"href":"https:\/\/donaulife-new.ogrisdigital.at\/it\/wp-json\/wp\/v2\/product_cat?post=53864"},{"taxonomy":"product_tag","embeddable":true,"href":"https:\/\/donaulife-new.ogrisdigital.at\/it\/wp-json\/wp\/v2\/product_tag?post=53864"}],"curies":[{"name":"wp","href":"https:\/\/api.w.org\/{rel}","templated":true}]}}