{"id":53846,"date":"2022-06-22T13:33:59","date_gmt":"2022-06-22T13:33:59","guid":{"rendered":"https:\/\/donaulife-new.ogrisdigital.at\/produkt\/woodzl-regular-tips-grindercard-50-blatt\/"},"modified":"2024-07-01T00:59:45","modified_gmt":"2024-07-01T00:59:45","slug":"woodzl-regular-tips-grindercard-50-blatt","status":"publish","type":"product","link":"https:\/\/donaulife-new.ogrisdigital.at\/it\/woodzl-regular-tips-grindercard-50-blatt\/","title":{"rendered":"WOODZL Regular + Tips | 50 Blatt"},"content":{"rendered":"<h2>Woodzl Kingsize Papers inkl Tips<\/h2>\n<p class=\"p1\">Mit gewohnter Raffinesse haben wir f\u00fcr euch neue 1 1\/4\u00a0 Papers entwickelt.<\/p>\n<p class=\"p1\">Eine ganze T\u00fcte w\u00e4re mal wieder zu viel des Guten? Anstatt deine\u00a0Longpapers\u00a0abzurei\u00dfen, versuch es doch mal mit unseren patentierten Shortpapes.<br \/>\nDie nat\u00fcrlichen Sticky Papers aus Hanf sind kaum l\u00e4nger als ein normales Zigarettenpapier.<br \/>\nDeshalb eignen sie sich auch hervorragend f\u00fcr den unauff\u00e4lligen Genuss deiner Lieblingskr\u00e4uter.<\/p>\n<h2 class=\"p1\">Das Grinderkartenfach<\/h2>\n<h4 class=\"p1\">Der handliche Grinder f\u00fcr unterwegs<\/h4>\n<p class=\"p1\">Selbstverst\u00e4ndlich haben wir auch wieder ein Aufbewahrungsfach f\u00fcr die\u00a0zus\u00e4tzlich erh\u00e4ltliche Grinderkarte\u00a0integriert.<\/p>\n<p class=\"p1\">In gewohnter Woodzl-Manier kannst du somit deine Knospen ohne klebrige Finger zerkleinern \u2013 immer und \u00fcberall!<\/p>\n<h2 class=\"p1\">Die Verpackung<\/h2>\n<h4 class=\"p1\">Gesch\u00fctzt vor Wind und W\u00e4rter<\/h4>\n<p class=\"p1\">Die Verpackung enth\u00e4lt eine einfache wie effektive Klemme f\u00fcr dein Papier \u2013 die patentierte Paperclamp.<br \/>\nSie sch\u00fctzt deine mit wertvollen Kr\u00e4utern gef\u00fcllte Minit\u00fcte beim Bauvorgang vor Windst\u00f6\u00dfen und Unachtsamkeit.<br \/>\nDadurch ist dein Spion im Handumdrehen f\u00fcr Genuss und T\u00e4uschung bereit.<\/p>\n<h4 class=\"p1\">Nachhaltig und umweltfreundlich aus \u00dcberzeugung<\/h4>\n<p class=\"p1\">Bei der Verpackung und den Filtertips haben wir uns f\u00fcr das nachhaltigste Material entschieden: 100% Recyclingpapier.<br \/>\nDas bedeutet, dass f\u00fcr unsere Verpackung keine B\u00e4ume gef\u00e4llt werden m\u00fcssen.<\/p>\n<p class=\"p1\">Au\u00dferdem verzichten wir bewusst auf den Einsatz von Gummib\u00e4ndern, Plastik oder Magneten.<\/p>\n<p class=\"p1\">Du kannst die Verpackung also problemlos im Papierm\u00fcll entsorgen.<\/p>\n<h2 class=\"p1\">Die Papers<\/h2>\n<h4 class=\"p1\">Qualit\u00e4t: oberste Priorit\u00e4t<\/h4>\n<p class=\"p1\">Bei der Auswahl der nat\u00fcrlichen und ungebleichten Papers aus Hanfpapier haben wir auf h\u00f6chste Qualit\u00e4t geachtet.<br \/>\nDadurch ergibt sich zus\u00e4tzlich zu dem unvergleichbaren Rauchgenuss ein gleichm\u00e4\u00dfiges und langsames Abbrennen.<\/p>\n<p class=\"p1\">Der Hanf f\u00fcr unsere Papers ben\u00f6tigt f\u00fcr den Anbau kaum Wasser, keine umwelt- und gesundheitsbelastende Pestizide und w\u00e4chst zudem superschnell.<\/p>\n<h3 class=\"p1\">Alles auf einen Blick:<\/h3>\n<ul class=\"ul1\">\n<li class=\"li1\">1 1\/4\u00a0 Sticky Papers<span class=\"Apple-converted-space\">\u00a0<\/span><\/li>\n<li class=\"li1\">patentierte Paperclamp<\/li>\n<li class=\"li1\">mit Grinderkartenfach<\/li>\n<li class=\"li1\">aus nat\u00fcrlichem, ungebleichtem Hanfpapier<\/li>\n<li class=\"li1\">nat\u00fcrlicher Klebestreifen aus genfreiem Maisst\u00e4rkekleber<\/li>\n<li class=\"li1\">perforierter Tipblock aus 100% Recyclingpapier<\/li>\n<li class=\"li1\">nachhaltige, umweltbewusste Verpackung aus 100% Recyclingpapier<\/li>\n<\/ul>\n<p>[row ]<\/p>\n<p>[col span=&#8221;1\/3&#8243; ]<\/p>\n<p><img fetchpriority=\"high\" decoding=\"async\" class=\"size-medium wp-image-40082\" src=\"https:\/\/www.donaulife.com\/wp-content\/uploads\/2022\/06\/sticky-papes-ungebleicht-01w-1-300x200.jpg\" alt=\"\" width=\"300\" height=\"200\" \/><\/p>\n<p>[\/col]<br \/>\n[col span=&#8221;1\/3&#8243; ]<\/p>\n<p><img decoding=\"async\" class=\"size-medium wp-image-40083\" src=\"https:\/\/www.donaulife.com\/wp-content\/uploads\/2022\/06\/sticky-papes-ungebleicht-03w-1-300x200.jpg\" alt=\"\" width=\"300\" height=\"200\" \/><\/p>\n<p>[\/col]<br \/>\n[col span=&#8221;1\/3&#8243; ]<\/p>\n<p><img decoding=\"async\" class=\"size-medium wp-image-40084\" src=\"https:\/\/www.donaulife.com\/wp-content\/uploads\/2022\/06\/sticky-papes-ungebleicht-08_w-1-300x200.jpg\" alt=\"\" width=\"300\" height=\"200\" \/><\/p>\n<p>[\/col]<\/p>\n<p>[\/row]<\/p>\n<p><span style=\"font-size: 23.04px;\">Woodzl Papers:<\/span><\/p>\n<ul>\n<li>Verpackung mit aufklappbarer Paperablagefl\u00e4che<\/li>\n<li>Aufbewahrungsfach f\u00fcr die Grinderkarte<\/li>\n<li>Papers aus biologischem und ungebleichtem Hanf<\/li>\n<li>Perforierte Filtertips<\/li>\n<li>Verpackung und Filtertips hergestellt aus recyceltem Karton<\/li>\n<\/ul>\n<h2>Woodzl Grinderkarte:<\/h2>\n<ul>\n<li>Spezielle Schneidkantengeometrie f\u00fcr extra feines Zerkleinern<\/li>\n<li>Stopfer zum einfachen Verdichten des Tabaks<\/li>\n<li>Hergestellt aus lebensmittelechtem, hochwertigem Edelstahl (1.4301)<\/li>\n<li>Wir pr\u00e4sentieren euch die ersten Long Papers mit einer Verpackung, die euch mehr bietet!<\/li>\n<\/ul>\n<p>Die edle Verpackung l\u00e4sst sich mit einem Handgriff zu einer komfortablen Paper-Ablagefl\u00e4che aufklappen. Die optional erh\u00e4ltliche, hochwertige und wiederverwendbare Grinderkarte wird in einem daf\u00fcr vorgesehenen Fach der Paperverpackung sicher aufbewahrt. Trotz ihres funktionalen Umfangs ist die Verpackung zusammengeklappt nicht gr\u00f6\u00dfer als eine herk\u00f6mmliche Kingsize Slim Paper Verpackung.<\/p>\n<p>Die aus ungebleichtem, biologischem Hanf gefertigten Papers brennen sauber, langsam und restlos ab. Auch Inside-out-Fans kommen durch den starken, GMO-freien Kleber auf ihre Kosten! Die integrierten Filtertips sind perforiert und \u00fcberzeugen zusammengerollt durch Stabilit\u00e4t und einen perfekten Durchzug.<\/p>\n<p>Filtertips und Verpackung sind aus recyceltem Karton gefertigt. Das Booklet kommt ohne Kunststoff, Gummi oder Magnet aus, weshalb es vom umweltbewussten Raucher direkt im Papierm\u00fcll entsorgt werden kann. Das Paperbooklet besticht mit seinem unauff\u00e4lligem, aber f\u00fcr den Kenner eindeutig identifizierbaren m\u00e4nnlichen Hanfbl\u00fcten-Design.<\/p>\n<p>Der Grinder ist das zentrale Werkzeug f\u00fcr deinen Genuss \u2013 ob zuhause oder unterwegs.<\/p>\n<p>Die Geometrie der Grinderkarte vereint Design und Handlichkeit mit Robustheit und Funktionalit\u00e4t. Die innovative, patentierte Schneidkantengeometrie schneidet Bl\u00fcten besonders fein und sorgt so f\u00fcr eine saubere Verbrennung und vollendetes Aroma.<\/p>\n<p>Der lebensmittelechte Edelstahl wurde wegen seiner hohen G\u00fcte und Abriebfestigkeit ausgew\u00e4hlt. Somit landet kein Aluminium oder Kunststoff in deinen geriebenen Bl\u00fcten, wie bei handels\u00fcblichen Grindern.<\/p>\n<p>Das Markenzeichen \u201eWOODZL\u201c gibt dem Grinder einen unverkennbar edlen Look. Ein weiteres Highlight ist die Form der Grinderkarte: Neben dem integrierten Stopfer hat sie die perfekte Gr\u00f6\u00dfe, um sie in der Woodzl Papers Verpackung zu verstauen. Dort ist sie gut gesch\u00fctzt und stets bereit, dein n\u00e4chstes Abenteuer mit dir zu bestreiten.<\/p>\n<p><iframe title=\"Woodzl \u2013 Natural \u00b7 Rolling \u00b7 Papers : ungebleichte Hanf-Longpapes in revolution\u00e4rer Recyclingpackung\" width=\"500\" height=\"281\" src=\"https:\/\/www.youtube.com\/embed\/jPM2_XmvJIM?feature=oembed\" frameborder=\"0\" allow=\"accelerometer; autoplay; clipboard-write; encrypted-media; gyroscope; picture-in-picture; web-share\" referrerpolicy=\"strict-origin-when-cross-origin\" allowfullscreen><\/iframe><\/p>\n<h3>\u00dcber Woodzl:<\/h3>\n<p>Wir, das Woodzl-Team, sind ein kleines Start-up aus Regensburg, dem Herzen des Bayerischen Waldes.<\/p>\n<p>Wir leben mit und in unserer Umwelt und wollen nachhaltig und bewusst damit umgehen. Wir lieben es, drau\u00dfen unterwegs zu sein und mit guten Freunden das Leben zu genie\u00dfen.<\/p>\n<p>Mit Woodzl hast du immer alles dabei \u2013 kompakt und stilvoll verpackt.<\/p>\n","protected":false},"excerpt":{"rendered":"<p>Woodzl Kingsize Papers inkl Tips Mit gewohnter Raffinesse haben wir f\u00fcr euch neue 1 1\/4\u00a0 Papers entwickelt. Eine ganze T\u00fcte<\/p>\n","protected":false},"featured_media":36003,"comment_status":"open","ping_status":"open","template":"","meta":{"_acf_changed":false},"product_cat":[2456,2566,2451,2452,2754,2492],"product_tag":[3266],"acf":[],"_links":{"self":[{"href":"https:\/\/donaulife-new.ogrisdigital.at\/it\/wp-json\/wp\/v2\/product\/53846"}],"collection":[{"href":"https:\/\/donaulife-new.ogrisdigital.at\/it\/wp-json\/wp\/v2\/product"}],"about":[{"href":"https:\/\/donaulife-new.ogrisdigital.at\/it\/wp-json\/wp\/v2\/types\/product"}],"replies":[{"embeddable":true,"href":"https:\/\/donaulife-new.ogrisdigital.at\/it\/wp-json\/wp\/v2\/comments?post=53846"}],"wp:featuredmedia":[{"embeddable":true,"href":"https:\/\/donaulife-new.ogrisdigital.at\/it\/wp-json\/wp\/v2\/media\/36003"}],"wp:attachment":[{"href":"https:\/\/donaulife-new.ogrisdigital.at\/it\/wp-json\/wp\/v2\/media?parent=53846"}],"wp:term":[{"taxonomy":"product_cat","embeddable":true,"href":"https:\/\/donaulife-new.ogrisdigital.at\/it\/wp-json\/wp\/v2\/product_cat?post=53846"},{"taxonomy":"product_tag","embeddable":true,"href":"https:\/\/donaulife-new.ogrisdigital.at\/it\/wp-json\/wp\/v2\/product_tag?post=53846"}],"curies":[{"name":"wp","href":"https:\/\/api.w.org\/{rel}","templated":true}]}}