{"id":53845,"date":"2022-06-22T10:53:48","date_gmt":"2022-06-22T10:53:48","guid":{"rendered":"https:\/\/donaulife-new.ogrisdigital.at\/produkt\/purize-xtraslim-aktivkohlefilter-690-stueck-2\/"},"modified":"2024-07-01T00:59:44","modified_gmt":"2024-07-01T00:59:44","slug":"purize-xtraslim-aktivkohlefilter-690-stueck-2","status":"publish","type":"product","link":"https:\/\/donaulife-new.ogrisdigital.at\/it\/purize-xtraslim-aktivkohlefilter-690-stueck-2\/","title":{"rendered":"PURIZE\u00ae XTRASlim Aktivkohlefilter | 690 St\u00fcck"},"content":{"rendered":"<h2>Purize Xtra Slim Aktivkohle Filter 690er Pack<\/h2>\n<p>Aktivkohlefilter sind f\u00fcr jeden der \u00f6fter mal am Glimmst\u00e4ngel zieht ein absolutes Muss. Durch die Aktivkohle innerhalb des Filters wird ein hoher Anteil des Kondensats aus dem Rauch gefiltert. An der Aktivkohle bleibt ein gro\u00dfer Teil der Schadstoffe haften und wird gemeinsam mit dem Filter entsorgt. Dadurch wird das Inhalieren des Rauchs wesentlich angenehmer ohne das Wirkung verloren geht. Hier in der Farbe gr\u00fcn, braun, pink und blau. Au\u00dferdem kommst du mit 690 St\u00fcck bestimmt eine Weile aus?<\/p>\n<p>Vorteile eines Aktivkohlefilters:<br \/>\n&#8211; besserer Geschmack<br \/>\n&#8211; unangenehme Kr\u00e4utermischungen schmecken viel sanfter<br \/>\n&#8211; deine Lunge wird weniger mit Schadstoffen belastet<\/p>\n<h2>\u00dcber Purize:<\/h2>\n<p>PURIZE\u00ae Filters verfolgt die Vision, genussorientierten Rauchern \u2013 mit Hilfe eines PURIZE\u00ae Aktivkohlefilters \u2013 ein deutlich schadstoffreduziertes und angenehmeres Raucherlebnis aufzuzeigen.<\/p>\n<p><a href=\"https:\/\/www.donaulife.com\/beliebte-marken\/purize-filters\/\" target=\"_blank\" rel=\"noopener\"><img decoding=\"async\" class=\"wp-image-31747 alignleft\" src=\"https:\/\/www.donaulife.com\/wp-content\/uploads\/2021\/02\/Purize-filter-300x206.png\" alt=\"\" width=\"262\" height=\"180\" \/><\/a><\/p>\n<p>Mit den zwei Gr\u00f6\u00dfenvarianten und den verschiedenen Farb-Specials kommt jeder auf seine Kosten. Die XTRA Slim Size-Aktivkohlefilter haben einen Durchmesser von 5,9 mm und waren damit Vorreiter in Bezug auf Design und Gr\u00f6\u00dfe. Unsere Regular-Version besticht durch ihren sauberen Durchzug, der durch den Durchmesser von 9 mm garantiert wird.So kommen auch nur die Wirkstoffe und Aromen die Ihr Euch beim Rauchen w\u00fcnscht,letzten Endes auch in der Lunge an. Kratzige Mischungen schmecken deutlich milder, selbst das Pur rauchen wird sp\u00fcrbar angenehmer und milder. Egal wie herum Ihr unsere Filter eindreht oder einsetzt, es gibt keine Verwechslungen mehr, ob richtig oder falsch, PURIZE\u00ae passt immer! L\u00e4stiges Halskratzen &amp; Husten geh\u00f6rt ab jetzt zur Vergangenheit.<\/p>\n<div><\/div>\n<p><strong>Egal ob XTRA Slim oder Regular such dir einfach eine Farbe deiner Wahl aus und genie\u00dfe k\u00fchlen, milden Rauchgenuss!<\/strong><\/p>\n<p>&nbsp;<\/p>\n","protected":false},"excerpt":{"rendered":"<p>Purize Xtra Slim Aktivkohle Filter 690er Pack Aktivkohlefilter sind f\u00fcr jeden der \u00f6fter mal am Glimmst\u00e4ngel zieht ein absolutes Muss.<\/p>\n","protected":false},"featured_media":35989,"comment_status":"open","ping_status":"open","template":"","meta":{"_acf_changed":false},"product_cat":[2652,2489,2499,2451,2861],"product_tag":[],"acf":[],"_links":{"self":[{"href":"https:\/\/donaulife-new.ogrisdigital.at\/it\/wp-json\/wp\/v2\/product\/53845"}],"collection":[{"href":"https:\/\/donaulife-new.ogrisdigital.at\/it\/wp-json\/wp\/v2\/product"}],"about":[{"href":"https:\/\/donaulife-new.ogrisdigital.at\/it\/wp-json\/wp\/v2\/types\/product"}],"replies":[{"embeddable":true,"href":"https:\/\/donaulife-new.ogrisdigital.at\/it\/wp-json\/wp\/v2\/comments?post=53845"}],"wp:featuredmedia":[{"embeddable":true,"href":"https:\/\/donaulife-new.ogrisdigital.at\/it\/wp-json\/wp\/v2\/media\/35989"}],"wp:attachment":[{"href":"https:\/\/donaulife-new.ogrisdigital.at\/it\/wp-json\/wp\/v2\/media?parent=53845"}],"wp:term":[{"taxonomy":"product_cat","embeddable":true,"href":"https:\/\/donaulife-new.ogrisdigital.at\/it\/wp-json\/wp\/v2\/product_cat?post=53845"},{"taxonomy":"product_tag","embeddable":true,"href":"https:\/\/donaulife-new.ogrisdigital.at\/it\/wp-json\/wp\/v2\/product_tag?post=53845"}],"curies":[{"name":"wp","href":"https:\/\/api.w.org\/{rel}","templated":true}]}}