{"id":53831,"date":"2022-06-17T12:57:05","date_gmt":"2022-06-17T12:57:05","guid":{"rendered":"https:\/\/donaulife-new.ogrisdigital.at\/produkt\/plant-of-life-terpene-1ml\/"},"modified":"2024-07-01T00:59:38","modified_gmt":"2024-07-01T00:59:38","slug":"plant-of-life-terpene-1ml","status":"publish","type":"product","link":"https:\/\/donaulife-new.ogrisdigital.at\/it\/plant-of-life-terpene-1ml\/","title":{"rendered":"PLANT OF LIFE Terpene | 1ml"},"content":{"rendered":"<div id=\"comp-j39zzn6w1\" class=\"s_BIwzIGroupSkin\">\n<div id=\"comp-j39zzn6w1inlineContent\" class=\"s_BIwzIGroupSkininlineContent\">\n<div id=\"comp-j39zzn6z1\" class=\"wp2\" title=\"\">\n<div id=\"comp-j39zzn6z1link\" class=\"wp2link\">\n<h2 id=\"comp-j39zzn6z1img\" class=\"wp2img\">Plant of Life Terpenes 1ml<\/h2>\n<p>Plant of Life ist ein f\u00fchrendes Unternehmen in der Produktion von Cannabis-Extrakten, Terpen-E-Liquids und CBD-E-Liquids.<br \/>\nF\u00fcr die Herstellung unserer Produkte verwenden wir hochwertige Rohstoffe, die zertifiziert und analysiert wurden, um sicherzustellen, dass unsere Produkte alle Erwartungen unserer anspruchsvollsten Kunden erf\u00fcllen k\u00f6nnen.<\/p>\n<ul>\n<li>Aroma und Geschmack getreu jeder Cannabissorte.<\/li>\n<li>100% reine Terpene.<\/li>\n<li>0% zugesetzte L\u00f6sungsmittel.<\/li>\n<li>Weltweit 100% legal.<\/li>\n<li>Organisch und nat\u00fcrlichen Ursprungs.<\/li>\n<li>Frei von Transgenen (NO GMO).<\/li>\n<li>0% THC, CBD, CBG oder andere Cannabinoide.<\/li>\n<\/ul>\n<\/div>\n<\/div>\n<p><strong>WAS SIND TERPENE?<\/strong><\/p>\n<p>Terpene sind der aromatische Teil der \u00e4therischen \u00d6le, die in den meisten Pflanzen, Blumen und Fr\u00fcchten, darunter auch Cannabis, vorkommen.<\/p>\n<p>Cannabis hat ein breiteres und vielf\u00e4ltigeres Aromaprofil als viele andere Pflanzen, weshalb wir es als eine Pflanze mit ganz besonderen organoleptischen Eigenschaften betrachten, von denen viele Produkte profitieren k\u00f6nnen.<\/p>\n<p>Jedes Terpen in Cannabis kann jedoch in gr\u00f6\u00dferem oder kleinerem Umfang auch in anderen Pflanzen, Fr\u00fcchten und Bl\u00fcten gefunden werden.<\/p>\n<p><strong>WAS SIND CANNABIS TERPENE PROFILE?<\/strong><\/p>\n<p>Wie wir bereits erkl\u00e4rt haben, handelt es sich bei Cannabis-Terpenprofilen um Aromaprofile von Cannabissorten, die in verschiedenen Bereichen eingesetzt werden k\u00f6nnen.<\/p>\n<p>Unsere Cannabis-Terpen-Profile sind komplexe Aromen (Aromen), die aus organischen Terpenen nat\u00fcrlichen Ursprungs hergestellt werden und ein genaues<br \/>\naromatisches Profil zu dem der Extraktion von Cannabis-Terpenen bilden.<\/p>\n<p><strong>VERWENDUNGSZWECKE DER CANNABIS-TERPENE PROFILE:<\/strong><\/p>\n<p>Terpene haben eine enorme Anzahl von Anwendungen, lassen Sie Ihrer Fantasie freien Lauf, hier zeigen wir Ihnen einige Beispiele:<\/p>\n<p>&#8211; Dampfen<\/p>\n<p>&#8211; Lebensmittel und Getr\u00e4nke<\/p>\n<p>&#8211; Kosmetika<\/p>\n<p>&#8211; Cannabis-Sektor<\/p>\n<p>&#8211; Aromatherapie<\/p>\n<p>Unser Katalog an Terpenen ist sehr umfangreich und enth\u00e4lt die besten Sorten der Welt.<\/p>\n<p>Es gibt Tausende von Cannabissorten und m\u00f6gliche Kombinationen von Terpenen, so dass wir auch personalisierte Terpenprofile erstellen.<\/p>\n<\/div>\n<\/div>\n<p>&nbsp;<\/p>\n<div id=\"comp-j39zzn6w1\" class=\"s_BIwzIGroupSkin\">\n<div id=\"comp-j39zzn6w1inlineContent\" class=\"s_BIwzIGroupSkininlineContent\">\n<div id=\"comp-j39zzn6z1\" class=\"wp2\" title=\"\">\n<h3>TERPENE: EMPFEHLUNGEN UND INFORMATIONEN VON INTERESSE<\/h3>\n<p>\u2022 100% reine Terpene ohne andere zugesetzte Verbindung<br \/>\n\u2022 Nicht unverd\u00fcnnt konsumieren (maximal 4% Terpene verwenden)<br \/>\n\u2022 Sie enthalten keine Cannabinoide<br \/>\n\u2022 Formulierung in Lebensmittelqualit\u00e4t<br \/>\n\u2022 Gehen Sie immer vorsichtig damit um und vermeiden Sie direkten Kontakt mit Augen und Haut.<\/p>\n<p>Wir empfehlen, von weniger auf gr\u00f6\u00dfere Mengen zu testen, da unsere Terpene leicht einen intensiven Geschmack und ein intensives Aroma liefern k\u00f6nnen. \u00b7 1 ml Terpene entspricht ca. 40 Tropfen unserer Pipette (0,025 ml pro Tropfen). \u00b7 Die folgenden Empfehlungen<br \/>\nsind nur einige der (nicht professionellen) Techniken, die Sie bei der Verwendung von Terpenen anwenden k\u00f6nnen. \u00b7 Wenn Sie mehr Informationen m\u00f6chten, finden Sie auf unserer Website interessante Videos und Rezepte. \u00b7 F\u00fcr den professionellen Einsatz wenden Sie sich an<br \/>\nunser spezialisiertes technisches Team.<\/p>\n<\/div>\n<h2>E-LIQUIDS:<\/h2>\n<p>Die empfohlene und h\u00e4ufigste Menge an Terpenen, um E-Liquid-Basen gen\u00fcgend Geschmack und Aroma zu verleihen,<br \/>\nliegt zwischen 1% und 3% (max. 4%).<\/p>\n<p>Beispiel:<br \/>\nWenn Sie mit 10 ml E-Liquid-Basis beginnen und 2% Terpene hinzuf\u00fcgen m\u00f6chten, sollten Sie nur 0,2 ml unserer Terpene (ca. 8 Tropfen) hinzuf\u00fcgen.<br \/>\nF\u00fcr 100 ml E-Liquid-Base (mit 2% Aroma) sollten Sie 2 ml Terpene hinzuf\u00fcgen.<\/p>\n<h2>EXTRAKTIONEN UND KONZENTRATE VON CANNABIS ODER HANF:<\/h2>\n<p>Die empfohlene und h\u00e4ufigste Menge an Terpenen, um Extraktionen (trockenes Haschisch, Kief, Wachs, Kolophonium&#8230;) oder THC \/ CBD- Destillate (klar) ausreichend Geschmack und Aroma zu verleihen, betr\u00e4gt 1% bis 4% der Terpene. Beispiel: Angenommen, Sie beginnen mit 10 g Extraktion und m\u00f6chten 3% Terpene hinzuf\u00fcgen, m\u00fcssen Sie nur ca. 0,3 ml unserer Terpene. Es ist wirklich wichtig, eine gute und homogene Mischung herzustellen. Lagern Sie das Material nach der Anwendung in einem Vakuumbeh\u00e4lter im K\u00fchlschrank und nach 24\/48 Stunden k\u00f6nnen Sie das Ergebnis sch\u00e4tzen.<\/p>\n<h2>NAHRUNGSMITTEL UND GETR\u00c4NKE:<\/h2>\n<p>Um den Lebensmittel- und Getr\u00e4nkebereich zu aromatisieren, bieten wir Terpene in Lebensmittelqualit\u00e4t an.<br \/>\nDie Menge der zu verwendenden Terpene (oder des Cannabisaromas) h\u00e4ngt von der Basis ab, von der aus Sie beginnen, und von dem Zeitpunkt, an dem die Anwendung erfolgt.<br \/>\nWir empfehlen, die Terpene immer in kalten Prozessen mit einer maximalen Kochtemperatur von 60 \u00b0 C aufzutragen, damit sie nicht verdampfen und perfekt in das Rezept integriert werden.<\/p>\n<p>Beispiel:<\/p>\n<p>&#8211; Um 1 kg Honig zu aromatisieren, f\u00fcgen Sie 0,5 ml bis 1 ml Terpene hinzu (abh\u00e4ngig von der Art des Honigs und der gew\u00fcnschten Intensit\u00e4t).<br \/>\n&#8211; Um 1 l Mineralwasser zu aromatisieren, f\u00fcgen Sie 1 oder 2 Tropfen Terpene hinzu und mischen Sie.<\/p>\n<\/div>\n<\/div>\n","protected":false},"excerpt":{"rendered":"<p>Plant of Life Terpenes 1ml Plant of Life ist ein f\u00fchrendes Unternehmen in der Produktion von Cannabis-Extrakten, Terpen-E-Liquids und CBD-E-Liquids.<\/p>\n","protected":false},"featured_media":35937,"comment_status":"open","ping_status":"closed","template":"","meta":{"_acf_changed":false},"product_cat":[2549,3355],"product_tag":[],"acf":[],"_links":{"self":[{"href":"https:\/\/donaulife-new.ogrisdigital.at\/it\/wp-json\/wp\/v2\/product\/53831"}],"collection":[{"href":"https:\/\/donaulife-new.ogrisdigital.at\/it\/wp-json\/wp\/v2\/product"}],"about":[{"href":"https:\/\/donaulife-new.ogrisdigital.at\/it\/wp-json\/wp\/v2\/types\/product"}],"replies":[{"embeddable":true,"href":"https:\/\/donaulife-new.ogrisdigital.at\/it\/wp-json\/wp\/v2\/comments?post=53831"}],"wp:featuredmedia":[{"embeddable":true,"href":"https:\/\/donaulife-new.ogrisdigital.at\/it\/wp-json\/wp\/v2\/media\/35937"}],"wp:attachment":[{"href":"https:\/\/donaulife-new.ogrisdigital.at\/it\/wp-json\/wp\/v2\/media?parent=53831"}],"wp:term":[{"taxonomy":"product_cat","embeddable":true,"href":"https:\/\/donaulife-new.ogrisdigital.at\/it\/wp-json\/wp\/v2\/product_cat?post=53831"},{"taxonomy":"product_tag","embeddable":true,"href":"https:\/\/donaulife-new.ogrisdigital.at\/it\/wp-json\/wp\/v2\/product_tag?post=53831"}],"curies":[{"name":"wp","href":"https:\/\/api.w.org\/{rel}","templated":true}]}}