{"id":53766,"date":"2022-05-09T13:30:20","date_gmt":"2022-05-09T13:30:20","guid":{"rendered":"https:\/\/donaulife-new.ogrisdigital.at\/produkt\/raw-hydrostone-terracotta-stein\/"},"modified":"2025-01-15T07:09:41","modified_gmt":"2025-01-15T07:09:41","slug":"raw-hydrostone-terracotta-stein","status":"publish","type":"product","link":"https:\/\/donaulife-new.ogrisdigital.at\/it\/raw-hydrostone-terracotta-stein\/","title":{"rendered":"RAW Hydrostone Terracotta Stein"},"content":{"rendered":"<h2>RAW Hydrostone Terracotta Stein<\/h2>\n<p>Der Hydrostone von RAW h\u00e4lt Deinen Tabak oder donaulife Kr\u00e4utermischung feucht. Gelegenheitsraucher oder Besitzer einer breiten Sammlung von Tabak kennen das Problem vom trockenen Tabak. Trockener Tabak l\u00e4sst sich nicht nur schlechter drehen, er verliert auch an seinem Geschmack. Der RAW Hydrostone geh\u00f6rt als Tabakbefeuchter in jeden Smoker &amp; Stoner Haushalt.<\/p>\n<p>Anwendung\/Anleitung: Lege den RAW Hydrostone f\u00fcr ca. 5 Minuten in sauberes Wasser, damit sich der Terracotta-Stein das Wasser aufnehmen kann. Hole ihn raus und trockne ihn ab. Und ab in die Tabak- oder Knaster-Packung!<br \/>\nTrockener Tabak &amp; Kr\u00e4utermischungen waren gestern. RAW keeps your tobacco moist.<\/p>\n<h3>\u00dcber RAW:<\/h3>\n<p>RAW \u2013 Die nat\u00fcrliche Art zu rollen.<\/p>\n<p>Seit dem 1. Tag hat RAW den Auftrag, die F\u00fchrungsrolle in der Papierrollenindustrie zu \u00fcbernehmen. RAW hat die Welt des Rauchens revolutioniert, indem sie Produkte geschaffen hat, die von Natur aus genial gestaltet sind, um das Raucherlebnis zu verbessern.<\/p>\n<p>RAW stellt nur qualitativ hochwertige und umweltfreundliche Produkte her, die Ihr Raucherlebnis verbessern, und wir werden das wof\u00fcr wir stehen niemals \u00e4ndern. Wir genie\u00dfen es, unser unraffiniertes Papier jeden Tag zu rauchen, und wir werden es immer komplett rein also \u201cRAW\u201d belassen \u2013 f\u00fcr dich und uns!<\/p>\n","protected":false},"excerpt":{"rendered":"<p>RAW Hydrostone Terracotta Stein Der Hydrostone von RAW h\u00e4lt Deinen Tabak oder donaulife Kr\u00e4utermischung feucht. Gelegenheitsraucher oder Besitzer einer breiten<\/p>\n","protected":false},"featured_media":35572,"comment_status":"open","ping_status":"closed","template":"","meta":{"_acf_changed":false},"product_cat":[2607,2489,2451,2825,2490],"product_tag":[2493],"acf":[],"_links":{"self":[{"href":"https:\/\/donaulife-new.ogrisdigital.at\/it\/wp-json\/wp\/v2\/product\/53766"}],"collection":[{"href":"https:\/\/donaulife-new.ogrisdigital.at\/it\/wp-json\/wp\/v2\/product"}],"about":[{"href":"https:\/\/donaulife-new.ogrisdigital.at\/it\/wp-json\/wp\/v2\/types\/product"}],"replies":[{"embeddable":true,"href":"https:\/\/donaulife-new.ogrisdigital.at\/it\/wp-json\/wp\/v2\/comments?post=53766"}],"wp:featuredmedia":[{"embeddable":true,"href":"https:\/\/donaulife-new.ogrisdigital.at\/it\/wp-json\/wp\/v2\/media\/35572"}],"wp:attachment":[{"href":"https:\/\/donaulife-new.ogrisdigital.at\/it\/wp-json\/wp\/v2\/media?parent=53766"}],"wp:term":[{"taxonomy":"product_cat","embeddable":true,"href":"https:\/\/donaulife-new.ogrisdigital.at\/it\/wp-json\/wp\/v2\/product_cat?post=53766"},{"taxonomy":"product_tag","embeddable":true,"href":"https:\/\/donaulife-new.ogrisdigital.at\/it\/wp-json\/wp\/v2\/product_tag?post=53766"}],"curies":[{"name":"wp","href":"https:\/\/api.w.org\/{rel}","templated":true}]}}