{"id":53638,"date":"2022-03-23T14:18:42","date_gmt":"2022-03-23T14:18:42","guid":{"rendered":"https:\/\/donaulife-new.ogrisdigital.at\/produkt\/purple-rose-bambus-sticks-small-9-cm\/"},"modified":"2024-07-01T00:57:36","modified_gmt":"2024-07-01T00:57:36","slug":"purple-rose-bambus-sticks-small-9-cm","status":"publish","type":"product","link":"https:\/\/donaulife-new.ogrisdigital.at\/it\/purple-rose-bambus-sticks-small-9-cm\/","title":{"rendered":"PURPLE ROSE Bambus Sticks &#8216;small&#8217; | 9 cm"},"content":{"rendered":"<h2>Purple Rose Bambus Sticks f\u00fcr Cannagar Mold<\/h2>\n<p>Ersatz Bambus Sticks f\u00fcr deine small Cannagar.<\/p>\n<p>Cannabis-Zigarren (aka Cannagars) brennen stundenlang. Sie halten 12x l\u00e4nger als der durchschnittliche Joint. Konzentriere dich darauf Spa\u00df zu haben und nicht den n\u00e4chsten Jay zu rollen.<\/p>\n<p>&nbsp;<\/p>\n<p><iframe title=\"SMOKE LIKE A BOSS\" width=\"500\" height=\"281\" src=\"https:\/\/www.youtube.com\/embed\/4A5n0CSq1uw?feature=oembed\" frameborder=\"0\" allow=\"accelerometer; autoplay; clipboard-write; encrypted-media; gyroscope; picture-in-picture; web-share\" referrerpolicy=\"strict-origin-when-cross-origin\" allowfullscreen><\/iframe><\/p>\n<h3>\u00dcber Purply Rose:<\/h3>\n<p>Wir kreieren au\u00dfergew\u00f6hnliche Cannabis-Accessoires, die das Raucherlebnis sowohl f\u00fcr den Gelegenheitsenthusiasten als auch f\u00fcr den Kenner verbessern.<\/p>\n<p><strong>Unsere Urspr\u00fcnge<\/strong><\/p>\n<p>Wir wurden von einem Cannabis-Kenner gegr\u00fcndet, der gerne jedes Wochenende mit seinen Freunden Joints rauchte, aber einen Weg suchte, diese Erfahrung noch weiter zu verbessern.<\/p>\n<p>Eine Cannabis-Zigarre (auch bekannt als Thai-Stick oder Cannagar) war das perfekte Werkzeug. Es war stilvoll, aber fast unerschwinglich. Cannagars kosten Hunderte von Dollar und werden vorgefertigt geliefert, was ihm nicht die Freiheit gab, sein Lieblingsprodukt je nach Anlass zu w\u00e4hlen, Konzentrate hinzuzuf\u00fcgen oder seine bevorzugten Rolling Papers auszuw\u00e4hlen.<\/p>\n<p>Nach vielen Recherchen und R\u00fcckmeldungen von anderen Kennern wurde die Cannagar-Form mit dem Gedanken an ein gehobenes Raucherlebnis entwickelt. Purple Rose Supply wurde geschaffen, um es mit dir zu teilen.<\/p>\n","protected":false},"excerpt":{"rendered":"<p>Purple Rose Bambus Sticks f\u00fcr Cannagar Mold Ersatz Bambus Sticks f\u00fcr deine small Cannagar. Cannabis-Zigarren (aka Cannagars) brennen stundenlang. Sie<\/p>\n","protected":false},"featured_media":30671,"comment_status":"open","ping_status":"open","template":"","meta":{"_acf_changed":false},"product_cat":[2489,2763,2451,2452,3389],"product_tag":[3390],"acf":[],"_links":{"self":[{"href":"https:\/\/donaulife-new.ogrisdigital.at\/it\/wp-json\/wp\/v2\/product\/53638"}],"collection":[{"href":"https:\/\/donaulife-new.ogrisdigital.at\/it\/wp-json\/wp\/v2\/product"}],"about":[{"href":"https:\/\/donaulife-new.ogrisdigital.at\/it\/wp-json\/wp\/v2\/types\/product"}],"replies":[{"embeddable":true,"href":"https:\/\/donaulife-new.ogrisdigital.at\/it\/wp-json\/wp\/v2\/comments?post=53638"}],"wp:featuredmedia":[{"embeddable":true,"href":"https:\/\/donaulife-new.ogrisdigital.at\/it\/wp-json\/wp\/v2\/media\/30671"}],"wp:attachment":[{"href":"https:\/\/donaulife-new.ogrisdigital.at\/it\/wp-json\/wp\/v2\/media?parent=53638"}],"wp:term":[{"taxonomy":"product_cat","embeddable":true,"href":"https:\/\/donaulife-new.ogrisdigital.at\/it\/wp-json\/wp\/v2\/product_cat?post=53638"},{"taxonomy":"product_tag","embeddable":true,"href":"https:\/\/donaulife-new.ogrisdigital.at\/it\/wp-json\/wp\/v2\/product_tag?post=53638"}],"curies":[{"name":"wp","href":"https:\/\/api.w.org\/{rel}","templated":true}]}}