{"id":53597,"date":"2022-02-22T15:00:21","date_gmt":"2022-02-22T15:00:21","guid":{"rendered":"https:\/\/donaulife-new.ogrisdigital.at\/produkt\/marley-natural-rolling-tray-wallnuss-l\/"},"modified":"2025-01-15T07:09:52","modified_gmt":"2025-01-15T07:09:52","slug":"marley-natural-rolling-tray-wallnuss-l","status":"publish","type":"product","link":"https:\/\/donaulife-new.ogrisdigital.at\/it\/marley-natural-rolling-tray-wallnuss-l\/","title":{"rendered":"MARLEY NATURAL Rolling Tray Walnuss | L"},"content":{"rendered":"<h1 class=\"title\">Marley Natural Unterlage mit Schaber<\/h1>\n<div>\n<p>Diese Marley Natural Unterlage ist ein Premium-Mehrzweck-Zubereitungstablett. Die schwere Basis aus dunklem Walnussholz verf\u00fcgt \u00fcber eine speziell konturierte Ausschnitt-Ecke zum bequemen Gie\u00dfen. Ein Holzschaber mit eingebautem Magneten, der auf die Abmessungen des Tabletts abgestimmt ist, erm\u00f6glicht eine edle Zubereitung von Cannabis als Erg\u00e4nzung zu Ihrem Rauchritual.<\/p>\n<\/div>\n<div><strong>Abmessungen<\/strong><\/div>\n<div><\/div>\n<div>2 x 30 x 18 cm<\/div>\n<h3>\u00dcber Marley Natural:<\/h3>\n<div>Marley Natural\u2122 ist eine Premium-Produktlinie, die mit Bewusstsein, Authentizit\u00e4t und echtem Respekt f\u00fcr die Vorteile der Natur hergestellt wird. Unsere Accessoires stammen alle aus verantwortungsvollen Quellen und sind von Integrit\u00e4t gepr\u00e4gt.<\/div>\n<div>Jedes unserer Angebote ist ein direktes Spiegelbild des Marley-Ethos, das die G\u00fcte der Natur mit dem Glauben an das positive Potenzial der Kr\u00e4uter verbindet. Als Agenten des Wandels f\u00f6rdern wir Positivit\u00e4t, Verbundenheit und pers\u00f6nliche Transformation. Und als Bef\u00fcrworter des Fortschritts bieten wir eine au\u00dfergew\u00f6hnliche Lifestyle-Linie, die von Jamaikas pulsierender Energie inspiriert ist. Wir sind stolz darauf, die offizielle Cannabis-Marke von Bob Marley zu sein.<\/div>\n","protected":false},"excerpt":{"rendered":"<p>Marley Natural Unterlage mit Schaber Diese Marley Natural Unterlage ist ein Premium-Mehrzweck-Zubereitungstablett. Die schwere Basis aus dunklem Walnussholz verf\u00fcgt \u00fcber<\/p>\n","protected":false},"featured_media":34666,"comment_status":"open","ping_status":"open","template":"","meta":{"_acf_changed":false},"product_cat":[2975,2451,2793],"product_tag":[3343],"acf":[],"_links":{"self":[{"href":"https:\/\/donaulife-new.ogrisdigital.at\/it\/wp-json\/wp\/v2\/product\/53597"}],"collection":[{"href":"https:\/\/donaulife-new.ogrisdigital.at\/it\/wp-json\/wp\/v2\/product"}],"about":[{"href":"https:\/\/donaulife-new.ogrisdigital.at\/it\/wp-json\/wp\/v2\/types\/product"}],"replies":[{"embeddable":true,"href":"https:\/\/donaulife-new.ogrisdigital.at\/it\/wp-json\/wp\/v2\/comments?post=53597"}],"wp:featuredmedia":[{"embeddable":true,"href":"https:\/\/donaulife-new.ogrisdigital.at\/it\/wp-json\/wp\/v2\/media\/34666"}],"wp:attachment":[{"href":"https:\/\/donaulife-new.ogrisdigital.at\/it\/wp-json\/wp\/v2\/media?parent=53597"}],"wp:term":[{"taxonomy":"product_cat","embeddable":true,"href":"https:\/\/donaulife-new.ogrisdigital.at\/it\/wp-json\/wp\/v2\/product_cat?post=53597"},{"taxonomy":"product_tag","embeddable":true,"href":"https:\/\/donaulife-new.ogrisdigital.at\/it\/wp-json\/wp\/v2\/product_tag?post=53597"}],"curies":[{"name":"wp","href":"https:\/\/api.w.org\/{rel}","templated":true}]}}