{"id":53590,"date":"2022-02-22T13:40:18","date_gmt":"2022-02-22T13:40:18","guid":{"rendered":"https:\/\/donaulife-new.ogrisdigital.at\/produkt\/higher-standards-glaspfeife-heavy-duty\/"},"modified":"2024-07-01T00:57:05","modified_gmt":"2024-07-01T00:57:05","slug":"higher-standards-glaspfeife-heavy-duty","status":"publish","type":"product","link":"https:\/\/donaulife-new.ogrisdigital.at\/it\/higher-standards-glaspfeife-heavy-duty\/","title":{"rendered":"HIGHER STANDARDS Glaspfeife &#8216;Heavy Duty&#8217;"},"content":{"rendered":"<h2>Higher Standards Glaspfeife<\/h2>\n<p>Diese robuste Pfeife f\u00fcr getrocknete Kr\u00e4uter ist aus 3 mm dickem Borosilikatglas in medizinischer Qualit\u00e4t gefertigt.<\/p>\n<p>Die Pfeife verf\u00fcgt \u00fcber einen extra gro\u00dfen Pfeifenkopf, der es Ihren Kunden erm\u00f6glicht, gro\u00dfe Mengen an dichten Wolken zu produzieren und l\u00e4ngere Sessions zu genie\u00dfen.<\/p>\n<p>Das seitliche Kickloch und der Schliff sorgen f\u00fcr einen optimalen Luftstrom. Das aufgeweitete Mundst\u00fcck schafft eine luftdichte Abdichtung zwischen Glas und Lippen, damit keine Dampfwolken verschwendet werden.<\/p>\n<p>Die Unterseite der breiten und flachen Basis sorgt nicht nur daf\u00fcr, dass die Heavy Duty Spoon-Glaspfeife beim Bef\u00fcllen stabil bleibt, sondern bietet auch einen bequemen, ergonomischen und sicheren Griff.<\/p>\n<h3>Higher Standards Heavy Duty Spoon Eigenschaften<\/h3>\n<ul>\n<li>Robust und leicht<\/li>\n<li>Gro\u00dfe F\u00fcllmenge<\/li>\n<li>Ergonomischer Griff<\/li>\n<li>Aus 3 mm dickem Glas in medizinischer Qualit\u00e4t<\/li>\n<li>Sandgestrahltes Logo<\/li>\n<li>Verpackt im eleganten Sammleretui<\/li>\n<li>Hergestellt in den USA<\/li>\n<\/ul>\n<h3>LIEFERUMFANG<\/h3>\n<ul>\n<li>1 x Higher Standards Heavy Duty Spoon Pfeife<\/li>\n<li>1 x Pfeifenstopfer<\/li>\n<li>1 x Etui<\/li>\n<\/ul>\n<h3>\u00dcber Higher Standards:<\/h3>\n<div>Higher Standards wurde gegr\u00fcndet, um echten Kennern die Werkzeuge zu liefern, die sie f\u00fcr das beste Raucherlebnis ben\u00f6tigen, von Premium-Pflegeprodukten, die den besten Geschmack aus Ihrem Material herausholen, bis hin zu Hochleistungsgl\u00e4sern und begehrten limitierten Editionen.<\/div>\n<div><\/div>\n<div>Unsere Kollektion von handgefertigtem High End Glas, erstklassigen Pflege- und Wartungsprodukten und limitierten Kooperationen wurden alle mit dem Gedanken an den wahren Genie\u00dfer geschaffen, der den Geschmack an erste Stelle setzt.<\/div>\n","protected":false},"excerpt":{"rendered":"<p>Higher Standards Glaspfeife Diese robuste Pfeife f\u00fcr getrocknete Kr\u00e4uter ist aus 3 mm dickem Borosilikatglas in medizinischer Qualit\u00e4t gefertigt. Die<\/p>\n","protected":false},"featured_media":34605,"comment_status":"open","ping_status":"open","template":"","meta":{"_acf_changed":false},"product_cat":[2489,2459,2566,2502,2451,3468,2463,2501],"product_tag":[3485],"acf":[],"_links":{"self":[{"href":"https:\/\/donaulife-new.ogrisdigital.at\/it\/wp-json\/wp\/v2\/product\/53590"}],"collection":[{"href":"https:\/\/donaulife-new.ogrisdigital.at\/it\/wp-json\/wp\/v2\/product"}],"about":[{"href":"https:\/\/donaulife-new.ogrisdigital.at\/it\/wp-json\/wp\/v2\/types\/product"}],"replies":[{"embeddable":true,"href":"https:\/\/donaulife-new.ogrisdigital.at\/it\/wp-json\/wp\/v2\/comments?post=53590"}],"wp:featuredmedia":[{"embeddable":true,"href":"https:\/\/donaulife-new.ogrisdigital.at\/it\/wp-json\/wp\/v2\/media\/34605"}],"wp:attachment":[{"href":"https:\/\/donaulife-new.ogrisdigital.at\/it\/wp-json\/wp\/v2\/media?parent=53590"}],"wp:term":[{"taxonomy":"product_cat","embeddable":true,"href":"https:\/\/donaulife-new.ogrisdigital.at\/it\/wp-json\/wp\/v2\/product_cat?post=53590"},{"taxonomy":"product_tag","embeddable":true,"href":"https:\/\/donaulife-new.ogrisdigital.at\/it\/wp-json\/wp\/v2\/product_tag?post=53590"}],"curies":[{"name":"wp","href":"https:\/\/api.w.org\/{rel}","templated":true}]}}