{"id":53522,"date":"2022-01-13T08:52:24","date_gmt":"2022-01-13T08:52:24","guid":{"rendered":"https:\/\/donaulife-new.ogrisdigital.at\/produkt\/raw-wake-bake-tasse\/"},"modified":"2025-01-15T07:09:58","modified_gmt":"2025-01-15T07:09:58","slug":"raw-wake-bake-tasse","status":"publish","type":"product","link":"https:\/\/donaulife-new.ogrisdigital.at\/it\/raw-wake-bake-tasse\/","title":{"rendered":"RAW Wake &#038; Bake Tasse"},"content":{"rendered":"<h2>RAW Rawsomebox<\/h2>\n<p>Die RAW Wake &amp; Bake Tasse &#8211; macht nichts, wenn ich\u00b4s tu. Denn manche Morgen brauchen das einfach, wirklich ? Einfach mit einer T\u00fcte bef\u00fcllen, anz\u00fcnden, rauchen und schl\u00fcrfen, bis aus dem Morgen ein RAW-entspannter Nachmittag wird ?<\/p>\n<h3>\u00dcber RAW:<\/h3>\n<p>RAW \u2013 Die nat\u00fcrliche Art zu rollen.<br \/>\nSeit dem 1. Tag hat RAW den Auftrag, die F\u00fchrungsrolle in der Papierrollenindustrie zu \u00fcbernehmen. RAW hat die Welt des Rauchens revolutioniert, indem sie Produkte geschaffen hat, die von Natur aus genial gestaltet sind, um das Raucherlebnis zu verbessern.<br \/>\nRAW stellt nur qualitativ hochwertige und umweltfreundliche Produkte her, die Ihr Raucherlebnis verbessern, und wir werden das wof\u00fcr wir stehen niemals \u00e4ndern. Wir genie\u00dfen es, unser unraffiniertes Papier jeden Tag zu rauchen, und wir werden es immer komplett rein also \u201cRAW\u201d belassen \u2013 f\u00fcr dich und uns!<\/p>\n","protected":false},"excerpt":{"rendered":"<p>RAW Rawsomebox Die RAW Wake &amp; Bake Tasse &#8211; macht nichts, wenn ich\u00b4s tu. Denn manche Morgen brauchen das einfach,<\/p>\n","protected":false},"featured_media":34147,"comment_status":"open","ping_status":"closed","template":"","meta":{"_acf_changed":false},"product_cat":[2607,2489,2566,2451,2490],"product_tag":[3518,2493],"acf":[],"_links":{"self":[{"href":"https:\/\/donaulife-new.ogrisdigital.at\/it\/wp-json\/wp\/v2\/product\/53522"}],"collection":[{"href":"https:\/\/donaulife-new.ogrisdigital.at\/it\/wp-json\/wp\/v2\/product"}],"about":[{"href":"https:\/\/donaulife-new.ogrisdigital.at\/it\/wp-json\/wp\/v2\/types\/product"}],"replies":[{"embeddable":true,"href":"https:\/\/donaulife-new.ogrisdigital.at\/it\/wp-json\/wp\/v2\/comments?post=53522"}],"wp:featuredmedia":[{"embeddable":true,"href":"https:\/\/donaulife-new.ogrisdigital.at\/it\/wp-json\/wp\/v2\/media\/34147"}],"wp:attachment":[{"href":"https:\/\/donaulife-new.ogrisdigital.at\/it\/wp-json\/wp\/v2\/media?parent=53522"}],"wp:term":[{"taxonomy":"product_cat","embeddable":true,"href":"https:\/\/donaulife-new.ogrisdigital.at\/it\/wp-json\/wp\/v2\/product_cat?post=53522"},{"taxonomy":"product_tag","embeddable":true,"href":"https:\/\/donaulife-new.ogrisdigital.at\/it\/wp-json\/wp\/v2\/product_tag?post=53522"}],"curies":[{"name":"wp","href":"https:\/\/api.w.org\/{rel}","templated":true}]}}