{"id":53503,"date":"2022-01-05T12:51:33","date_gmt":"2022-01-05T12:51:33","guid":{"rendered":"https:\/\/donaulife-new.ogrisdigital.at\/produkt\/grannys-weed-dab-tools-5er-set\/"},"modified":"2025-01-15T07:10:05","modified_gmt":"2025-01-15T07:10:05","slug":"grannys-weed-dab-tools-5er-set","status":"publish","type":"product","link":"https:\/\/donaulife-new.ogrisdigital.at\/it\/grannys-weed-dab-tools-5er-set\/","title":{"rendered":"GRANNY\u00b4S WEED Dab Tools 5er Set"},"content":{"rendered":"<h2>Granny\u00b4s Weed Dab Tools Set<\/h2>\n<p><strong>Funktionalit\u00e4t<\/strong><\/p>\n<p>Das Dabbing Zubeh\u00f6r besteht aus 5 doppelendigen, lebensmittelechten Wachswerkzeugen. Dank der praktischen Verpackung eignet es sich auch sehr gut f\u00fcr unterwegs!<\/p>\n<p><strong>Qualit\u00e4t<\/strong><\/p>\n<p>Die Werkzeuge sind pr\u00e4zise aus hochwertigem Edelstahl hergestellt, um beste Qualit\u00e4t zu gew\u00e4hrleisten. Unser Produkt ist dadurch langlebig, rostfrei und garantiert eine m\u00f6glichst einfache Reinigung.<\/p>\n<p><strong>Nutzbarkeit<\/strong><\/p>\n<p>Durch die filigran gefertigten Spitzen aus medizinischem Stahl ist eine perfekte Portionierung der verschiedenen Dabs m\u00f6glich. Jegliche Arten von Extrakten lassen sich mit den Tools einfach verarbeiten und die glatte Oberfl\u00e4che verhindert zudem das Verkleben des Tools!<\/p>\n<p><strong>Pr\u00e4zision<\/strong><\/p>\n<p>Jedes doppelseitige Werkzeug bietet eine andere Form, um das Wachs optimal und individuell Formen zu k\u00f6nnen.<\/p>\n<p><strong>Inhalt der Box:<\/strong><\/p>\n<p>Diese Dab Case umfasst ein 5-teiliges Set und wird inklusive Metalltragetasche geliefert- eine optimale Aufbewahrungsbox f\u00fcr dein Dabbing Tool! Mit Ma\u00dfen von 18 cm x 7 cm x 2 cm eignet sich dieses Etui auch als to go Box.<\/p>\n<p><img fetchpriority=\"high\" decoding=\"async\" class=\"alignnone size-medium wp-image-37510\" src=\"https:\/\/www.donaulife.com\/wp-content\/uploads\/2022\/01\/row_32-300x268.jpeg\" alt=\"\" width=\"300\" height=\"268\" \/> <img decoding=\"async\" class=\"alignnone size-medium wp-image-37511\" src=\"https:\/\/www.donaulife.com\/wp-content\/uploads\/2022\/01\/row_31-300x268.jpeg\" alt=\"\" width=\"300\" height=\"268\" \/> <img decoding=\"async\" class=\"alignnone size-medium wp-image-37509\" src=\"https:\/\/www.donaulife.com\/wp-content\/uploads\/2022\/01\/row_33-300x268.jpeg\" alt=\"\" width=\"300\" height=\"268\" \/><\/p>\n<h3>\u00dcber GRANNY\u00b4s WEED:<\/h3>\n<p>Moin, wir sind Constantin und Pablo von GRANNY\u2019S WEED! Wir haben dieses Start-Up gegr\u00fcndet, weil wir mit unserer Marke die Entkriminalisierung von Hanf in Deutschland f\u00f6rdern und auf den medizinischen Nutzen aufmerksam machen wollen.<\/p>\n<p>Auch wenn wir bisher nur ein Start-Up sind, m\u00f6chten wir etwas Gutes tun. Wir werden langfristig 5% unseres Gewinns an Organisationen, die sich f\u00fcr die Legalisierung von Hanf in Europa einsetzen, spenden. Auch Organisationen, welche dessen medizinischen Nutzen f\u00f6rdern und vorantreiben, gilt es zu unterst\u00fctzen.<\/p>\n<p>Unsere Produkte werden mit gro\u00dfm\u00fctterlicher F\u00fcrsorge hergestellt und verpackt. Wir arbeiten stets an neuen Produktideen, um euch den positiven Gebrauch und Nutzen von Hanf n\u00e4her zu bringen. Hanf geh\u00f6rt zu den nachhaltigsten Pflanzen, die unsere Erde zu bieten hat.<\/p>\n<p>Wir von GRANNY\u2019S WEED m\u00f6chten euch immer auf dem Laufenden halten. Schaut gerne \u00f6fters hier vorbei oder folgt uns auf Instagram um nichts zu verpassen! Bei Fragen und Anregungen kontaktiert uns gerne!<\/p>\n<p>Stay tuned and enjoy life! ???<\/p>\n<p>&nbsp;<\/p>\n","protected":false},"excerpt":{"rendered":"<p>Granny\u00b4s Weed Dab Tools Set Funktionalit\u00e4t Das Dabbing Zubeh\u00f6r besteht aus 5 doppelendigen, lebensmittelechten Wachswerkzeugen. Dank der praktischen Verpackung eignet<\/p>\n","protected":false},"featured_media":34027,"comment_status":"open","ping_status":"open","template":"","meta":{"_acf_changed":false},"product_cat":[2489,2579,2549,3238],"product_tag":[3239],"acf":[],"_links":{"self":[{"href":"https:\/\/donaulife-new.ogrisdigital.at\/it\/wp-json\/wp\/v2\/product\/53503"}],"collection":[{"href":"https:\/\/donaulife-new.ogrisdigital.at\/it\/wp-json\/wp\/v2\/product"}],"about":[{"href":"https:\/\/donaulife-new.ogrisdigital.at\/it\/wp-json\/wp\/v2\/types\/product"}],"replies":[{"embeddable":true,"href":"https:\/\/donaulife-new.ogrisdigital.at\/it\/wp-json\/wp\/v2\/comments?post=53503"}],"wp:featuredmedia":[{"embeddable":true,"href":"https:\/\/donaulife-new.ogrisdigital.at\/it\/wp-json\/wp\/v2\/media\/34027"}],"wp:attachment":[{"href":"https:\/\/donaulife-new.ogrisdigital.at\/it\/wp-json\/wp\/v2\/media?parent=53503"}],"wp:term":[{"taxonomy":"product_cat","embeddable":true,"href":"https:\/\/donaulife-new.ogrisdigital.at\/it\/wp-json\/wp\/v2\/product_cat?post=53503"},{"taxonomy":"product_tag","embeddable":true,"href":"https:\/\/donaulife-new.ogrisdigital.at\/it\/wp-json\/wp\/v2\/product_tag?post=53503"}],"curies":[{"name":"wp","href":"https:\/\/api.w.org\/{rel}","templated":true}]}}