{"id":53426,"date":"2021-12-02T11:51:42","date_gmt":"2021-12-02T11:51:42","guid":{"rendered":"https:\/\/donaulife-new.ogrisdigital.at\/produkt\/grace-glass-beaker-series-funky-circles-32-cm\/"},"modified":"2024-07-01T00:55:27","modified_gmt":"2024-07-01T00:55:27","slug":"grace-glass-beaker-series-funky-circles-32-cm","status":"publish","type":"product","link":"https:\/\/donaulife-new.ogrisdigital.at\/it\/grace-glass-beaker-series-funky-circles-32-cm\/","title":{"rendered":"GRACE GLASS Beaker Series &#8216;Funky Circles&#8217; | 32 cm"},"content":{"rendered":"<h2>Grace Glass Beaker Bong<\/h2>\n<p>Diese Ice Beaker Bong ist kleiner Begleiter, welche dir exzellente Hits garantiert! Sie besteht aus hitzebest\u00e4ndigem und 7mm dickem Borosilikatglas und die Vorderseite ziert ein schwarzes GG Logo. Das Design der Bong ist komplett durchgef\u00e4rbt und mit goldenen Kreisen verziert. Der Bongkopf hat einen Rollstop durch welchen er niemals vom Tisch rollen wird.<\/p>\n<p>Das K\u00f6pfchen steckt in einem 18,8 mm Chillum welches selbst auf einen 18,8 mm Schliff \u00fcbersetzt. Durch die Eiszacken kannst du die Bong bis obenhin mit Eis bef\u00fcllen. Ein Kickloch ist vorhanden und kann zugestoppelt werden.<\/p>\n<h3>\u00dcber Grace Glass:<\/h3>\n<p>Unter dem Namen Grace Glass versteht man ausgefallene Bongdesigns kombiniert mit hochwertiger Verarbeitung. Durch diese Kombination hat sich diese 2010 gegr\u00fcndete niederl\u00e4ndische Marke, innerhalb k\u00fcrzester Zeit, einen Platz bei den ganz Gro\u00dfen der Industrie gesichert. Markenzeichen sind die perfekt gesetzten farbigen Akzente und gut verbauten Percolatoren. Die Marke bietet beides, sowohl individuelle Designs f\u00fcrs Auge als auch hervorragende Rauchleistung f\u00fcr den Benutzer. Neben Bongs findest du auch Chillums und Bongk\u00f6pfe von Grace Glass um deine Bong stylisch zu perfektionieren.<\/p>\n","protected":false},"excerpt":{"rendered":"<p>Grace Glass Beaker Bong Diese Ice Beaker Bong ist kleiner Begleiter, welche dir exzellente Hits garantiert! Sie besteht aus hitzebest\u00e4ndigem<\/p>\n","protected":false},"featured_media":33651,"comment_status":"open","ping_status":"open","template":"","meta":{"_acf_changed":false},"product_cat":[2514,2459,2566,2613,2523,2515,2635,2506,2463],"product_tag":[],"acf":[],"_links":{"self":[{"href":"https:\/\/donaulife-new.ogrisdigital.at\/it\/wp-json\/wp\/v2\/product\/53426"}],"collection":[{"href":"https:\/\/donaulife-new.ogrisdigital.at\/it\/wp-json\/wp\/v2\/product"}],"about":[{"href":"https:\/\/donaulife-new.ogrisdigital.at\/it\/wp-json\/wp\/v2\/types\/product"}],"replies":[{"embeddable":true,"href":"https:\/\/donaulife-new.ogrisdigital.at\/it\/wp-json\/wp\/v2\/comments?post=53426"}],"wp:featuredmedia":[{"embeddable":true,"href":"https:\/\/donaulife-new.ogrisdigital.at\/it\/wp-json\/wp\/v2\/media\/33651"}],"wp:attachment":[{"href":"https:\/\/donaulife-new.ogrisdigital.at\/it\/wp-json\/wp\/v2\/media?parent=53426"}],"wp:term":[{"taxonomy":"product_cat","embeddable":true,"href":"https:\/\/donaulife-new.ogrisdigital.at\/it\/wp-json\/wp\/v2\/product_cat?post=53426"},{"taxonomy":"product_tag","embeddable":true,"href":"https:\/\/donaulife-new.ogrisdigital.at\/it\/wp-json\/wp\/v2\/product_tag?post=53426"}],"curies":[{"name":"wp","href":"https:\/\/api.w.org\/{rel}","templated":true}]}}