{"id":53360,"date":"2021-11-17T13:32:07","date_gmt":"2021-11-17T13:32:07","guid":{"rendered":"https:\/\/donaulife-new.ogrisdigital.at\/produkt\/black-sheep-stoned-thing-135-cm\/"},"modified":"2024-07-01T00:54:36","modified_gmt":"2024-07-01T00:54:36","slug":"black-sheep-stoned-thing-135-cm","status":"publish","type":"product","link":"https:\/\/donaulife-new.ogrisdigital.at\/it\/black-sheep-stoned-thing-135-cm\/","title":{"rendered":"BLACK SHEEP &#8216;Stoned Thing&#8217; | 13,5 cm"},"content":{"rendered":"<h2>Black Sheep Handpfeife im Monster Design<\/h2>\n<p>Handpfeife aus hochwertigem wei\u00dfem Glas f\u00fcr den puren Rauchgenuss. Das auff\u00e4llige Design ist auf jeden Fall ein Hingucker auf jedem Tisch. Mit Kickloch.<\/p>\n<p>&nbsp;<\/p>\n","protected":false},"excerpt":{"rendered":"<p>Black Sheep Handpfeife im Monster Design Handpfeife aus hochwertigem wei\u00dfem Glas f\u00fcr den puren Rauchgenuss. Das auff\u00e4llige Design ist auf<\/p>\n","protected":false},"featured_media":33295,"comment_status":"open","ping_status":"open","template":"","meta":{"_acf_changed":false},"product_cat":[2502,2451,2501],"product_tag":[3503],"acf":[],"_links":{"self":[{"href":"https:\/\/donaulife-new.ogrisdigital.at\/it\/wp-json\/wp\/v2\/product\/53360"}],"collection":[{"href":"https:\/\/donaulife-new.ogrisdigital.at\/it\/wp-json\/wp\/v2\/product"}],"about":[{"href":"https:\/\/donaulife-new.ogrisdigital.at\/it\/wp-json\/wp\/v2\/types\/product"}],"replies":[{"embeddable":true,"href":"https:\/\/donaulife-new.ogrisdigital.at\/it\/wp-json\/wp\/v2\/comments?post=53360"}],"wp:featuredmedia":[{"embeddable":true,"href":"https:\/\/donaulife-new.ogrisdigital.at\/it\/wp-json\/wp\/v2\/media\/33295"}],"wp:attachment":[{"href":"https:\/\/donaulife-new.ogrisdigital.at\/it\/wp-json\/wp\/v2\/media?parent=53360"}],"wp:term":[{"taxonomy":"product_cat","embeddable":true,"href":"https:\/\/donaulife-new.ogrisdigital.at\/it\/wp-json\/wp\/v2\/product_cat?post=53360"},{"taxonomy":"product_tag","embeddable":true,"href":"https:\/\/donaulife-new.ogrisdigital.at\/it\/wp-json\/wp\/v2\/product_tag?post=53360"}],"curies":[{"name":"wp","href":"https:\/\/api.w.org\/{rel}","templated":true}]}}