{"id":53331,"date":"2021-10-28T11:03:48","date_gmt":"2021-10-28T11:03:48","guid":{"rendered":"https:\/\/donaulife-new.ogrisdigital.at\/produkt\/grindnation-premium-grinder-art-series-63-mm\/"},"modified":"2024-07-01T00:54:20","modified_gmt":"2024-07-01T00:54:20","slug":"grindnation-premium-grinder-art-series-63-mm","status":"publish","type":"product","link":"https:\/\/donaulife-new.ogrisdigital.at\/it\/grindnation-premium-grinder-art-series-63-mm\/","title":{"rendered":"GRINDNATION Premium Grinder &#8216;Art Series&#8217; | 63 mm"},"content":{"rendered":"<h1 class=\"title\">Grindnation Grinder Art Series<\/h1>\n<div>\n<p>Der Grinder zeichnet sich neben dem individuellen Design durch ein messerscharfes Mahlwerk aus, dass Deine Kr\u00e4uter m\u00fchelos klein schneidet. Der 63mm gro\u00dfe Grinder bietet Platz f\u00fcr gro\u00dfe Mengen an Kr\u00e4utern. Zus\u00e4tzlich zur Zerkleinerung und Lagerung werden durch das Sieb die Pollen gefiltert und im Pollenfach gesammelt. Schaber und Pinsel helfen als Zubeh\u00f6r sorgf\u00e4ltig alle Pollen zu entfernen<\/p>\n<div>\n<div>\n<p>Eine erstklassige Verarbeitung aus hervorragendem Aluminium macht unseren Grinder zu einer langfristigen Anschaffung. Bei sorgf\u00e4ltiger Benutzung ist der Grinder ein Leben lang haltbar.<\/p>\n<p><strong>Mehr als nur ein Grinder<\/strong><br \/>\nIn Collaboration mit Designern aus der ganzen Welt entstehen besondere Kunstwerke.<\/p>\n<p><strong>F\u00fcr jeden etwas dabei<\/strong><br \/>\nUnsere Grinder sind das perfekte Geschenk zu jedem Anlass.<\/p>\n<p><strong>Deine bevorzugte Zahlungsmethode<\/strong><br \/>\nWir akzeptieren alle \u00fcblichen Zahlungsmethoden, damit Deinem Einkauf nichts im Wege steht.<\/p>\n<p><strong>Versand &amp; Zustellung<\/strong><br \/>\nBei uns erh\u00e4ltst Du schnellen Versand. Wir liefern in 2-4 Tagen.<\/p>\n<\/div>\n<\/div>\n<\/div>\n<div><strong>Abmessungen<\/strong><\/div>\n<div><\/div>\n<div>Durchmesser: 6,3 cm<br \/>\nH\u00f6he: 4,7 cm<\/div>\n<div><\/div>\n<div><img fetchpriority=\"high\" decoding=\"async\" class=\"alignnone wp-image-36065\" src=\"https:\/\/www.donaulife.com\/wp-content\/uploads\/2021\/10\/Gruen-Desktop_1920x1920-300x102.jpg\" alt=\"\" width=\"879\" height=\"299\" \/><\/div>\n<h3>\u00dcber Grindnation:<\/h3>\n<div>\n<p><span style=\"font-size: 14.4px;\">In unseren Grindern steckt viel &#8220;Liebe &amp; Leidenschaft&#8221;. Zusammen mit Designern aus der ganzen Welt arbeiten wir daran, allen Stonern ihre Sessions zu versch\u00f6nern.<\/span><\/p>\n<\/div>\n<p>PHILOSOPHIE<\/p>\n<p>F\u00fcr viele Unternehmen ist es schwierig politische Haltung anzunehmen, f\u00fcr uns war es nie leichter &#8211; wir stehen klar hinter der Legalisierungspolitik und halten diese f\u00fcr den einzig richtigen Weg. Die Diskriminierung und Verfolgung von Konsumenten ist nicht mehr zeitgem\u00e4\u00df und hat in einer liberalen Demokratie keinen Platz.<br \/>\nIn unserer heutigen Welt sollte es keine Kultur des Schweigens mehr geben, sondern eine Kultur in der Aufkl\u00e4rung, Umgang und Jugendschutz fest verankert sind. Mit unseren Produkten m\u00f6chten wir einen Beitrag leisten und die Kultur positiv mit beeinflussen, um Stigmas und Vorurteile abzubauen.<\/p>\n","protected":false},"excerpt":{"rendered":"<p>Grindnation Grinder Art Series Der Grinder zeichnet sich neben dem individuellen Design durch ein messerscharfes Mahlwerk aus, dass Deine Kr\u00e4uter<\/p>\n","protected":false},"featured_media":33059,"comment_status":"open","ping_status":"open","template":"","meta":{"_acf_changed":false},"product_cat":[2481,2482,2566,2480,2451,2483],"product_tag":[],"acf":[],"_links":{"self":[{"href":"https:\/\/donaulife-new.ogrisdigital.at\/it\/wp-json\/wp\/v2\/product\/53331"}],"collection":[{"href":"https:\/\/donaulife-new.ogrisdigital.at\/it\/wp-json\/wp\/v2\/product"}],"about":[{"href":"https:\/\/donaulife-new.ogrisdigital.at\/it\/wp-json\/wp\/v2\/types\/product"}],"replies":[{"embeddable":true,"href":"https:\/\/donaulife-new.ogrisdigital.at\/it\/wp-json\/wp\/v2\/comments?post=53331"}],"wp:featuredmedia":[{"embeddable":true,"href":"https:\/\/donaulife-new.ogrisdigital.at\/it\/wp-json\/wp\/v2\/media\/33059"}],"wp:attachment":[{"href":"https:\/\/donaulife-new.ogrisdigital.at\/it\/wp-json\/wp\/v2\/media?parent=53331"}],"wp:term":[{"taxonomy":"product_cat","embeddable":true,"href":"https:\/\/donaulife-new.ogrisdigital.at\/it\/wp-json\/wp\/v2\/product_cat?post=53331"},{"taxonomy":"product_tag","embeddable":true,"href":"https:\/\/donaulife-new.ogrisdigital.at\/it\/wp-json\/wp\/v2\/product_tag?post=53331"}],"curies":[{"name":"wp","href":"https:\/\/api.w.org\/{rel}","templated":true}]}}