{"id":53297,"date":"2021-08-12T11:06:23","date_gmt":"2021-08-12T11:06:23","guid":{"rendered":"https:\/\/donaulife-new.ogrisdigital.at\/produkt\/nv-grinder-smoke-killer-ersatzfilter\/"},"modified":"2024-07-01T00:53:59","modified_gmt":"2024-07-01T00:53:59","slug":"nv-grinder-smoke-killer-ersatzfilter","status":"publish","type":"product","link":"https:\/\/donaulife-new.ogrisdigital.at\/it\/nv-grinder-smoke-killer-ersatzfilter\/","title":{"rendered":"NV GRINDER Smoke Killer | Ersatzfilter"},"content":{"rendered":"<h2>NV Grinder Smoke Killer Ersatzfilter<\/h2>\n<p>Der NV Smoke Killer filtert Rauch, Geruch und ohne unerw\u00fcnschte Luftpartikel beim hineinblasen. Irgendwann (nach ca. 500x reinblasen) sollte der Filter getauscht werden. Danach l\u00e4sst sich wieder sehr fein durchblasen.<\/p>\n<ul>\n<li>austauschbarer HEPA-Filter mit 3 Schichten Kokosnuss-Aktivkohle<\/li>\n<li>Kann bis zu 500 Mal verwendet werden!<\/li>\n<li>Enth\u00e4lt 1 St\u00fcck Ersatzfilter<\/li>\n<\/ul>\n<h3>\u00dcber NV Grinder:<\/h3>\n<p>NVGRINDER arbeitet st\u00e4ndig daran, die beste Qualit\u00e4t f\u00fcr ihre Produkte zu erzielen.<br \/>\nWir haben immer wieder neue Ideen und arbeiten eng mit den besten Herstellern der Welt zusammen.<br \/>\nUnsere Qualit\u00e4tsstandards sind sehr hoch, egal welches Material, und unser Ziel wird es immer sein, die besten und innovativsten Grinder f\u00fcr dich herzustellen!<\/p>\n<h4><strong>Was macht NV Produkte besonders?<\/strong><\/h4>\n<p>Jeder Grinder Typ der von uns produziert wird durchl\u00e4uft ein Testverfahren, um sicherzustellen, dass er den hohen Bed\u00fcrfnissen eines Rauchers entspricht, bevor wir ihn offiziell releasen.<\/p>\n<div><\/div>\n","protected":false},"excerpt":{"rendered":"<p>NV Grinder Smoke Killer Ersatzfilter Der NV Smoke Killer filtert Rauch, Geruch und ohne unerw\u00fcnschte Luftpartikel beim hineinblasen. Irgendwann (nach<\/p>\n","protected":false},"featured_media":32861,"comment_status":"open","ping_status":"open","template":"","meta":{"_acf_changed":false},"product_cat":[2652,2499,2451],"product_tag":[],"acf":[],"_links":{"self":[{"href":"https:\/\/donaulife-new.ogrisdigital.at\/it\/wp-json\/wp\/v2\/product\/53297"}],"collection":[{"href":"https:\/\/donaulife-new.ogrisdigital.at\/it\/wp-json\/wp\/v2\/product"}],"about":[{"href":"https:\/\/donaulife-new.ogrisdigital.at\/it\/wp-json\/wp\/v2\/types\/product"}],"replies":[{"embeddable":true,"href":"https:\/\/donaulife-new.ogrisdigital.at\/it\/wp-json\/wp\/v2\/comments?post=53297"}],"wp:featuredmedia":[{"embeddable":true,"href":"https:\/\/donaulife-new.ogrisdigital.at\/it\/wp-json\/wp\/v2\/media\/32861"}],"wp:attachment":[{"href":"https:\/\/donaulife-new.ogrisdigital.at\/it\/wp-json\/wp\/v2\/media?parent=53297"}],"wp:term":[{"taxonomy":"product_cat","embeddable":true,"href":"https:\/\/donaulife-new.ogrisdigital.at\/it\/wp-json\/wp\/v2\/product_cat?post=53297"},{"taxonomy":"product_tag","embeddable":true,"href":"https:\/\/donaulife-new.ogrisdigital.at\/it\/wp-json\/wp\/v2\/product_tag?post=53297"}],"curies":[{"name":"wp","href":"https:\/\/api.w.org\/{rel}","templated":true}]}}