{"id":53263,"date":"2021-06-30T14:17:30","date_gmt":"2021-06-30T14:17:30","guid":{"rendered":"https:\/\/donaulife-new.ogrisdigital.at\/produkt\/blaze-glass-dab-bubbler-hypnotic-23-cm\/"},"modified":"2025-01-15T07:10:32","modified_gmt":"2025-01-15T07:10:32","slug":"blaze-glass-dab-bubbler-hypnotic-23-cm","status":"publish","type":"product","link":"https:\/\/donaulife-new.ogrisdigital.at\/it\/blaze-glass-dab-bubbler-hypnotic-23-cm\/","title":{"rendered":"BLAZE GLASS Dab-bubbler &#8216;Hypnotic&#8217; | 23 cm"},"content":{"rendered":"<h2>Blaze Glass Bubbler f\u00fcr Extrakte<\/h2>\n<p>Mit dieser sehr ansprechenden, griffigen und \u00e4u\u00dferst hochwertigen Glasblubber der Marke \u2018BLAZE GLASS\u2018 macht das Pfeiferauchen einfach richtig Spa\u00df, egal ob dabei Kr\u00e4uter oder exquisite Konzentrate gequalmt bzw. gedabbt werden.<\/p>\n<p>Die \u00d6lpfeife aus bestem Borosilikatglas hat einen wundersch\u00f6n gemusterten Inline-Slit-Diffusor, der die Luft und das Wasser in der Wasserkammer kr\u00e4ftig zum Wirbeln bringt. Dadurch wird der Rauch abgek\u00fchlt und Schadstoffe herausgefiltert, welche sich an der Bongwand absetzen. Dieser Schmand ist \u00fcbrigens mit einem guten Bongreiniger r\u00fcckstandslos entfernbar. Falls du Reinigungszubeh\u00f6r ben\u00f6tigst kannst du einfach <a href=\"https:\/\/www.donaulife.com\/bong-shop\/zubehoer-ersatzteile\/bong-pfeifen-reinigung\/\" target=\"_blank\" rel=\"noopener\">hier<\/a> vorbeischaun \ud83d\ude09<\/p>\n<p>Die Pfeife aus Borosilikatglas ist super robust und standsicher, zudem wird das Inhalieren durch die etwas breitere Randfl\u00e4che des Mundst\u00fccks sehr angenehm. Auff\u00e4lig ist auch das Muster welches an Wirbelst\u00fcrme errinert. Der Bonghals, der Diffusor und der Standfu\u00df sind auff\u00e4lig gef\u00e4rbt. Der Bubbler ist mit einem weiblichen 14,5 mm Schliff ausgestattet der gen\u00fcgend Platz f\u00fcr deine Extrakte bietet. Mit 23 cm ist er auch sch\u00f6n handlich und kompakt. Ein sch\u00f6nes St\u00fcck Glaskunst, dass sich hoffentlich bald dein Eigen nennen darf.<\/p>\n<div><span style=\"font-size: 20.16px;\">\u00dcber Blaze Glass:<\/span><\/div>\n<div>\n<div>\n<p>Blaze-Glass-Bongs sind aus spannungsfreiem 3.1-Borosilikatglas (vergleichbar mit Duranglas) h\u00f6chster G\u00fcteklasse gefertigt. Mindestens 5 mm Wandst\u00e4rke machen eine Wasserpfeife robust.<br \/>\nWir verwenden extrem passgenaue Normschliffe in 14,5 bzw. 18,8 mm. Je nach Bong-Geometrie kommen normale Schliffe, verst\u00e4rkte Schliffe und bi-stabile Schliffe (doppelte Wand) in unseren Produkten zum Einsatz.<\/p>\n<\/div>\n<\/div>\n","protected":false},"excerpt":{"rendered":"<p>Blaze Glass Bubbler f\u00fcr Extrakte Mit dieser sehr ansprechenden, griffigen und \u00e4u\u00dferst hochwertigen Glasblubber der Marke \u2018BLAZE GLASS\u2018 macht das<\/p>\n","protected":false},"featured_media":32676,"comment_status":"open","ping_status":"open","template":"","meta":{"_acf_changed":false},"product_cat":[2514,2545,2459,2513,2549,2550,2546,2506,2463,2520,2551],"product_tag":[2547],"acf":[],"_links":{"self":[{"href":"https:\/\/donaulife-new.ogrisdigital.at\/it\/wp-json\/wp\/v2\/product\/53263"}],"collection":[{"href":"https:\/\/donaulife-new.ogrisdigital.at\/it\/wp-json\/wp\/v2\/product"}],"about":[{"href":"https:\/\/donaulife-new.ogrisdigital.at\/it\/wp-json\/wp\/v2\/types\/product"}],"replies":[{"embeddable":true,"href":"https:\/\/donaulife-new.ogrisdigital.at\/it\/wp-json\/wp\/v2\/comments?post=53263"}],"wp:featuredmedia":[{"embeddable":true,"href":"https:\/\/donaulife-new.ogrisdigital.at\/it\/wp-json\/wp\/v2\/media\/32676"}],"wp:attachment":[{"href":"https:\/\/donaulife-new.ogrisdigital.at\/it\/wp-json\/wp\/v2\/media?parent=53263"}],"wp:term":[{"taxonomy":"product_cat","embeddable":true,"href":"https:\/\/donaulife-new.ogrisdigital.at\/it\/wp-json\/wp\/v2\/product_cat?post=53263"},{"taxonomy":"product_tag","embeddable":true,"href":"https:\/\/donaulife-new.ogrisdigital.at\/it\/wp-json\/wp\/v2\/product_tag?post=53263"}],"curies":[{"name":"wp","href":"https:\/\/api.w.org\/{rel}","templated":true}]}}