{"id":53261,"date":"2021-06-29T11:05:11","date_gmt":"2021-06-29T11:05:11","guid":{"rendered":"https:\/\/donaulife-new.ogrisdigital.at\/produkt\/black-leaf-beakerbong-long-dong-silver-xxl-265-cm\/"},"modified":"2025-01-15T07:10:32","modified_gmt":"2025-01-15T07:10:32","slug":"black-leaf-beakerbong-long-dong-silver-xxl-265-cm","status":"publish","type":"product","link":"https:\/\/donaulife-new.ogrisdigital.at\/it\/black-leaf-beakerbong-long-dong-silver-xxl-265-cm\/","title":{"rendered":"BLACK LEAF  Beakerbong &#8216;Long dong silver XXL&#8217; | 26,5 cm"},"content":{"rendered":"<h2>Black Leaf Bong mit Spezialdesign<\/h2>\n<p>Dieses prachtvolle St\u00fcck Glaskunst ist f\u00fcr alle Kamasutraliebhaber genau das Richtige. Es erregt einen f\u00f6rmlich das sch\u00f6n geformte Mundst\u00fcck zu benutzen. Das stramme Teil ist 26,5 cm gro\u00df und hat einen Durchmesser von 13 cm. Das Chillum ist 10 cm lang. Zus\u00e4tzlich ist ein Kickloch am Schaft platziert. Gegen\u00fcber davon ist das &#8220;Black leaf&#8221; Logo zu sehen. Ansonsten wurde weitere Features verzichtet. Wenn auch du auf gro\u00dfe Ger\u00e4te stehst, dann pack die Gelegeinheit beim Schaft und genie\u00dfe den puren Hit durch den Long dong silver \ud83d\ude09<\/p>\n<h3><span style=\"font-size: 20.16px;\">\u00dcber Black Leaf:<\/span><\/h3>\n<div>\n<p>In Weed We Trust ? Smoking\u00a0<em>Paraphernalia<\/em> seit 1988: Bongs, Pfeifen, Vaporizer, Grinder, Dabbing Zubeh\u00f6r, Paper &amp; Filter, Lifestyle Produkte. Es gibt viele Innovative Produkte der Marke die auch die ein oder andere Weltneuheit erschaffen haben. Im Shop bieten wir von allen Produkten die beste Auswahl.<\/p>\n<\/div>\n","protected":false},"excerpt":{"rendered":"<p>Black Leaf Bong mit Spezialdesign Dieses prachtvolle St\u00fcck Glaskunst ist f\u00fcr alle Kamasutraliebhaber genau das Richtige. Es erregt einen f\u00f6rmlich<\/p>\n","protected":false},"featured_media":32664,"comment_status":"open","ping_status":"open","template":"","meta":{"_acf_changed":false},"product_cat":[2514,2548,2459,2566,2507,2515,2635,2506,2463],"product_tag":[2521],"acf":[],"_links":{"self":[{"href":"https:\/\/donaulife-new.ogrisdigital.at\/it\/wp-json\/wp\/v2\/product\/53261"}],"collection":[{"href":"https:\/\/donaulife-new.ogrisdigital.at\/it\/wp-json\/wp\/v2\/product"}],"about":[{"href":"https:\/\/donaulife-new.ogrisdigital.at\/it\/wp-json\/wp\/v2\/types\/product"}],"replies":[{"embeddable":true,"href":"https:\/\/donaulife-new.ogrisdigital.at\/it\/wp-json\/wp\/v2\/comments?post=53261"}],"wp:featuredmedia":[{"embeddable":true,"href":"https:\/\/donaulife-new.ogrisdigital.at\/it\/wp-json\/wp\/v2\/media\/32664"}],"wp:attachment":[{"href":"https:\/\/donaulife-new.ogrisdigital.at\/it\/wp-json\/wp\/v2\/media?parent=53261"}],"wp:term":[{"taxonomy":"product_cat","embeddable":true,"href":"https:\/\/donaulife-new.ogrisdigital.at\/it\/wp-json\/wp\/v2\/product_cat?post=53261"},{"taxonomy":"product_tag","embeddable":true,"href":"https:\/\/donaulife-new.ogrisdigital.at\/it\/wp-json\/wp\/v2\/product_tag?post=53261"}],"curies":[{"name":"wp","href":"https:\/\/api.w.org\/{rel}","templated":true}]}}