{"id":53259,"date":"2021-06-28T21:59:40","date_gmt":"2021-06-28T21:59:40","guid":{"rendered":"https:\/\/donaulife-new.ogrisdigital.at\/produkt\/d-lux-bubbler-honey-oil-25-cm\/"},"modified":"2024-07-01T00:53:34","modified_gmt":"2024-07-01T00:53:34","slug":"d-lux-bubbler-honey-oil-25-cm","status":"publish","type":"product","link":"https:\/\/donaulife-new.ogrisdigital.at\/it\/d-lux-bubbler-honey-oil-25-cm\/","title":{"rendered":"D-LUX Bubbler &#8216;Honey Oil&#8217; | 25 cm"},"content":{"rendered":"<h2>D-LUX Bubbler mit Honeycomb Percolator<\/h2>\n<p>Diese Bubbler Bong kommt aus dem Hause D-LUX und bietet angenehme Dabs in kompakter Gr\u00f6\u00dfe. Sie punktet mit stylishem Design und besteht hitzebest\u00e4ndigen Borosilikatglas. Die Bong besitzt einen Honeycomb Percolator die den Rauch zerteilt, filtert und auch gleichzeitig k\u00fchlt. In der gro\u00dfen Glaskammer zieht er weiter zum Mundst\u00fcck.<\/p>\n<p>Der Bubbler besitzt einen Normschliff mit 18,8 mm weiblich.<\/p>\n","protected":false},"excerpt":{"rendered":"<p>D-LUX Bubbler mit Honeycomb Percolator Diese Bubbler Bong kommt aus dem Hause D-LUX und bietet angenehme Dabs in kompakter Gr\u00f6\u00dfe.<\/p>\n","protected":false},"featured_media":32644,"comment_status":"open","ping_status":"open","template":"","meta":{"_acf_changed":false},"product_cat":[2514,2459,2513,2980,2549,2550,2737,2577,2506,2463,2520,2551],"product_tag":[],"acf":[],"_links":{"self":[{"href":"https:\/\/donaulife-new.ogrisdigital.at\/it\/wp-json\/wp\/v2\/product\/53259"}],"collection":[{"href":"https:\/\/donaulife-new.ogrisdigital.at\/it\/wp-json\/wp\/v2\/product"}],"about":[{"href":"https:\/\/donaulife-new.ogrisdigital.at\/it\/wp-json\/wp\/v2\/types\/product"}],"replies":[{"embeddable":true,"href":"https:\/\/donaulife-new.ogrisdigital.at\/it\/wp-json\/wp\/v2\/comments?post=53259"}],"wp:featuredmedia":[{"embeddable":true,"href":"https:\/\/donaulife-new.ogrisdigital.at\/it\/wp-json\/wp\/v2\/media\/32644"}],"wp:attachment":[{"href":"https:\/\/donaulife-new.ogrisdigital.at\/it\/wp-json\/wp\/v2\/media?parent=53259"}],"wp:term":[{"taxonomy":"product_cat","embeddable":true,"href":"https:\/\/donaulife-new.ogrisdigital.at\/it\/wp-json\/wp\/v2\/product_cat?post=53259"},{"taxonomy":"product_tag","embeddable":true,"href":"https:\/\/donaulife-new.ogrisdigital.at\/it\/wp-json\/wp\/v2\/product_tag?post=53259"}],"curies":[{"name":"wp","href":"https:\/\/api.w.org\/{rel}","templated":true}]}}