{"id":53249,"date":"2021-06-18T10:55:24","date_gmt":"2021-06-18T10:55:24","guid":{"rendered":"https:\/\/donaulife-new.ogrisdigital.at\/produkt\/higher-standards-reinigungssalz-salt-rox-652g\/"},"modified":"2024-07-01T00:53:24","modified_gmt":"2024-07-01T00:53:24","slug":"higher-standards-reinigungssalz-salt-rox-652g","status":"publish","type":"product","link":"https:\/\/donaulife-new.ogrisdigital.at\/it\/higher-standards-reinigungssalz-salt-rox-652g\/","title":{"rendered":"HIGHER STANDARDS Reinigungssalz &#8216;Salt Rox&#8217; | 652g"},"content":{"rendered":"<h2>Higher Standards Reinigungssalz 652g<\/h2>\n<p>Higher Standards Salt Rox sind zerkleinerte Salzkristalle, die zum Reinigen aller Accessoires verwendet werden k\u00f6nnen. In Kombination mit Isopropanol werden R\u00fcckst\u00e4nde schnell aufgel\u00f6st.<\/p>\n<p>Eine Flasche enth\u00e4lt 652 Gramm Salz.<\/p>\n<p>https:\/\/www.youtube.com\/watch?v=KnNqeX8ruwA<\/p>\n<h3>\u00dcber Higher Standards:<\/h3>\n<div>Higher Standards wurde gegr\u00fcndet, um echten Kennern die Werkzeuge zu liefern, die sie f\u00fcr das beste Raucherlebnis ben\u00f6tigen, von Premium-Pflegeprodukten, die den besten Geschmack aus Ihrem Material herausholen, bis hin zu Hochleistungsgl\u00e4sern und begehrten limitierten Editionen.<\/div>\n<div><\/div>\n<div>Unsere Kollektion von handgefertigtem High End Glas, erstklassigen Pflege- und Wartungsprodukten und limitierten Kooperationen wurden alle mit dem Gedanken an den wahren Genie\u00dfer geschaffen, der den Geschmack an erste Stelle setzt.<\/div>\n","protected":false},"excerpt":{"rendered":"<p>Higher Standards Reinigungssalz 652g Higher Standards Salt Rox sind zerkleinerte Salzkristalle, die zum Reinigen aller Accessoires verwendet werden k\u00f6nnen. In<\/p>\n","protected":false},"featured_media":32576,"comment_status":"open","ping_status":"open","template":"","meta":{"_acf_changed":false},"product_cat":[2459,3468,2463,2718,2734,2460],"product_tag":[],"acf":[],"_links":{"self":[{"href":"https:\/\/donaulife-new.ogrisdigital.at\/it\/wp-json\/wp\/v2\/product\/53249"}],"collection":[{"href":"https:\/\/donaulife-new.ogrisdigital.at\/it\/wp-json\/wp\/v2\/product"}],"about":[{"href":"https:\/\/donaulife-new.ogrisdigital.at\/it\/wp-json\/wp\/v2\/types\/product"}],"replies":[{"embeddable":true,"href":"https:\/\/donaulife-new.ogrisdigital.at\/it\/wp-json\/wp\/v2\/comments?post=53249"}],"wp:featuredmedia":[{"embeddable":true,"href":"https:\/\/donaulife-new.ogrisdigital.at\/it\/wp-json\/wp\/v2\/media\/32576"}],"wp:attachment":[{"href":"https:\/\/donaulife-new.ogrisdigital.at\/it\/wp-json\/wp\/v2\/media?parent=53249"}],"wp:term":[{"taxonomy":"product_cat","embeddable":true,"href":"https:\/\/donaulife-new.ogrisdigital.at\/it\/wp-json\/wp\/v2\/product_cat?post=53249"},{"taxonomy":"product_tag","embeddable":true,"href":"https:\/\/donaulife-new.ogrisdigital.at\/it\/wp-json\/wp\/v2\/product_tag?post=53249"}],"curies":[{"name":"wp","href":"https:\/\/api.w.org\/{rel}","templated":true}]}}