{"id":53237,"date":"2021-06-16T13:02:00","date_gmt":"2021-06-16T13:02:00","guid":{"rendered":"https:\/\/donaulife-new.ogrisdigital.at\/produkt\/higher-standards-reinigungs-sticks-pipe-dreams-60-stueck\/"},"modified":"2025-01-15T07:10:44","modified_gmt":"2025-01-15T07:10:44","slug":"higher-standards-reinigungs-sticks-pipe-dreams-60-stueck","status":"publish","type":"product","link":"https:\/\/donaulife-new.ogrisdigital.at\/it\/higher-standards-reinigungs-sticks-pipe-dreams-60-stueck\/","title":{"rendered":"HIGHER STANDARDS Reinigungs Sticks &#8216;Pipe Dreams&#8217; | 60 St\u00fcck"},"content":{"rendered":"<h2>Higher Standards Pfeifenputz Sticks 60 St\u00fcck<\/h2>\n<p>Eine Schachtel mit 60 Pfeifenreinigern mit weichen Borsten von Higher Standards. Diese flexiblen Pfeifenb\u00fcrsten erreichen ohne das Glas zu zerkratzen alle Ecken und Teile, bei denen sich Schmutz ablagert.<\/p>\n<p>https:\/\/www.youtube.com\/watch?v=wHWHMeijf0s<\/p>\n<h3>\u00dcber Higher Standards:<\/h3>\n<div>Higher Standards wurde gegr\u00fcndet, um echten Kennern die Werkzeuge zu liefern, die sie f\u00fcr das beste Raucherlebnis ben\u00f6tigen, von Premium-Pflegeprodukten, die den besten Geschmack aus Ihrem Material herausholen, bis hin zu Hochleistungsgl\u00e4sern und begehrten limitierten Editionen.<\/div>\n<div><\/div>\n<div>Unsere Kollektion von handgefertigtem High End Glas, erstklassigen Pflege- und Wartungsprodukten und limitierten Kooperationen wurden alle mit dem Gedanken an den wahren Genie\u00dfer geschaffen, der den Geschmack an erste Stelle setzt.<\/div>\n","protected":false},"excerpt":{"rendered":"<p>Higher Standards Pfeifenputz Sticks 60 St\u00fcck Eine Schachtel mit 60 Pfeifenreinigern mit weichen Borsten von Higher Standards. Diese flexiblen Pfeifenb\u00fcrsten<\/p>\n","protected":false},"featured_media":32514,"comment_status":"open","ping_status":"open","template":"","meta":{"_acf_changed":false},"product_cat":[2459,3468,2463,2719,2718,2460],"product_tag":[],"acf":[],"_links":{"self":[{"href":"https:\/\/donaulife-new.ogrisdigital.at\/it\/wp-json\/wp\/v2\/product\/53237"}],"collection":[{"href":"https:\/\/donaulife-new.ogrisdigital.at\/it\/wp-json\/wp\/v2\/product"}],"about":[{"href":"https:\/\/donaulife-new.ogrisdigital.at\/it\/wp-json\/wp\/v2\/types\/product"}],"replies":[{"embeddable":true,"href":"https:\/\/donaulife-new.ogrisdigital.at\/it\/wp-json\/wp\/v2\/comments?post=53237"}],"wp:featuredmedia":[{"embeddable":true,"href":"https:\/\/donaulife-new.ogrisdigital.at\/it\/wp-json\/wp\/v2\/media\/32514"}],"wp:attachment":[{"href":"https:\/\/donaulife-new.ogrisdigital.at\/it\/wp-json\/wp\/v2\/media?parent=53237"}],"wp:term":[{"taxonomy":"product_cat","embeddable":true,"href":"https:\/\/donaulife-new.ogrisdigital.at\/it\/wp-json\/wp\/v2\/product_cat?post=53237"},{"taxonomy":"product_tag","embeddable":true,"href":"https:\/\/donaulife-new.ogrisdigital.at\/it\/wp-json\/wp\/v2\/product_tag?post=53237"}],"curies":[{"name":"wp","href":"https:\/\/api.w.org\/{rel}","templated":true}]}}