{"id":53232,"date":"2021-06-15T15:19:39","date_gmt":"2021-06-15T15:19:39","guid":{"rendered":"https:\/\/donaulife-new.ogrisdigital.at\/produkt\/bulldog-grinder-2-teilig-o-35-mm\/"},"modified":"2024-07-01T00:53:13","modified_gmt":"2024-07-01T00:53:13","slug":"bulldog-grinder-2-teilig-o-35-mm","status":"publish","type":"product","link":"https:\/\/donaulife-new.ogrisdigital.at\/it\/bulldog-grinder-2-teilig-o-35-mm\/","title":{"rendered":"BULLDOG Grinder 2-teilig | \u00d8 35 mm"},"content":{"rendered":"<div>\n<h2>Bulldog Grinder mit Bulldog Logo<\/h2>\n<p>Der Bulldog Metall Grinder hat Diamant-Z\u00e4hne f\u00fcr eine saubere Zerkleinerung. Der Grinder hat ein mattes Metall-Finish und das Bulldog Logo detailliert eingraviert. Dies ist ein neues Design, sauber gearbeitet und sieht fett aus. Der Bulldog Metall 2-Part Grinder hat einen 35 mm Durchmesser. Es ist ein leichter Grinder mit Magnetverschluss. Pyramidenf\u00f6rmige Z\u00e4hne zerkleinern und mahlen dein Material m\u00fchelos in die gew\u00fcnschte Gr\u00f6\u00dfe.<\/p>\n<p>Der Grinder ist nicht gro\u00df und kann daher leicht in der Tasche mitgenommen werden.<\/p>\n<p><span style=\"color: #333333; font-size: 14.4px;\">Vorteile:<\/span><\/p>\n<\/div>\n<div>\u2013 Scharfe Z\u00e4hne<\/div>\n<div>\u2013 Magnetverschluss<\/div>\n<div>\u2013 Hochwertige Verarbeitung<\/div>\n<div>\u2013 Kompakte Gr\u00f6\u00dfe<\/div>\n<div><\/div>\n<div>Durchmesser: 35 mm<\/div>\n<h3>\u00dcber Bulldog:<\/h3>\n<div>Wir sind ein in Amsterdam ans\u00e4ssiges Unternehmen mit Coffeeshops, Bars, Merchandise-Stores und einem Hotel in Amsterdam. Zu unseren internationalen Standorten geh\u00f6ren eine Cocktail-Lounge und ein Restaurant in Rom, Social Clubs in Barcelona und Ibiza, ein Hotel mit Grand Caf\u00e9\/Restaurant und Ferienh\u00e4user auf dem Silver Star Mountain (Kanada) und nicht zuletzt eine tropische Cocktail-Bar in Aruba.<\/div>\n","protected":false},"excerpt":{"rendered":"<p>Bulldog Grinder mit Bulldog Logo Der Bulldog Metall Grinder hat Diamant-Z\u00e4hne f\u00fcr eine saubere Zerkleinerung. Der Grinder hat ein mattes<\/p>\n","protected":false},"featured_media":32465,"comment_status":"open","ping_status":"open","template":"","meta":{"_acf_changed":false},"product_cat":[2570,2489,2480,2451,2483],"product_tag":[2454],"acf":[],"_links":{"self":[{"href":"https:\/\/donaulife-new.ogrisdigital.at\/it\/wp-json\/wp\/v2\/product\/53232"}],"collection":[{"href":"https:\/\/donaulife-new.ogrisdigital.at\/it\/wp-json\/wp\/v2\/product"}],"about":[{"href":"https:\/\/donaulife-new.ogrisdigital.at\/it\/wp-json\/wp\/v2\/types\/product"}],"replies":[{"embeddable":true,"href":"https:\/\/donaulife-new.ogrisdigital.at\/it\/wp-json\/wp\/v2\/comments?post=53232"}],"wp:featuredmedia":[{"embeddable":true,"href":"https:\/\/donaulife-new.ogrisdigital.at\/it\/wp-json\/wp\/v2\/media\/32465"}],"wp:attachment":[{"href":"https:\/\/donaulife-new.ogrisdigital.at\/it\/wp-json\/wp\/v2\/media?parent=53232"}],"wp:term":[{"taxonomy":"product_cat","embeddable":true,"href":"https:\/\/donaulife-new.ogrisdigital.at\/it\/wp-json\/wp\/v2\/product_cat?post=53232"},{"taxonomy":"product_tag","embeddable":true,"href":"https:\/\/donaulife-new.ogrisdigital.at\/it\/wp-json\/wp\/v2\/product_tag?post=53232"}],"curies":[{"name":"wp","href":"https:\/\/api.w.org\/{rel}","templated":true}]}}