{"id":53209,"date":"2021-05-31T08:23:18","date_gmt":"2021-05-31T08:23:18","guid":{"rendered":"https:\/\/donaulife-new.ogrisdigital.at\/produkt\/bongbuerste-aus-silikon-o-40mm-60-cm\/"},"modified":"2024-07-01T00:52:53","modified_gmt":"2024-07-01T00:52:53","slug":"bongbuerste-aus-silikon-o-40mm-60-cm","status":"publish","type":"product","link":"https:\/\/donaulife-new.ogrisdigital.at\/it\/bongbuerste-aus-silikon-o-40mm-60-cm\/","title":{"rendered":"Bongb\u00fcrste aus Silikon \u00d8 40mm | 60 cm"},"content":{"rendered":"<h2>Bongb\u00fcrste mit Silikonbeschichtung 60 cm L\u00e4nge<\/h2>\n<p>Diese Reinigungsb\u00fcrste von Black Leaf ist ideal zur schonenden, aber intensiven Reinigung von gr\u00f6\u00dferen, zylinderf\u00f6rmigen Glasbongs ohne Schnick-Schnack wie zum Beispiel Perkolatoren, Eisw\u00fcrfelhalter usw. Hergestellt aus Silikon, sind die Reinigungslamellen elastisch und schaben Schmandreste gr\u00fcndlich ab, vergleichbar mit einem Scheibenwischer oder einem Badabzieher. Dabei muss man sich keine Sorgen machen, dass das Glas zerkratzt.<\/p>\n<p>Durch die Antihafteigenschaft des Silikons reinigt sich die B\u00fcrste quasi selber und ist daher sehr langlebig. Verklebte, dreckige Reinigungsb\u00fcrsten, die man einfach nur noch in den M\u00fcll wirft, sind pass\u00e9. Somit ist der Einsatz einer Silikonb\u00fcrste wesentlich nachhaltiger. Einfach nach jedem Einsatz mit hei\u00dfem Wasser absp\u00fclen und man hat immer eine saubere B\u00fcrste am Start.<\/p>\n<p>Durchmesser \u00d8 40 mm<\/p>\n","protected":false},"excerpt":{"rendered":"<p>Bongb\u00fcrste mit Silikonbeschichtung 60 cm L\u00e4nge Diese Reinigungsb\u00fcrste von Black Leaf ist ideal zur schonenden, aber intensiven Reinigung von gr\u00f6\u00dferen,<\/p>\n","protected":false},"featured_media":56888,"comment_status":"open","ping_status":"closed","template":"","meta":{"_acf_changed":false},"product_cat":[2459,2719,2718,2460],"product_tag":[2521],"acf":[],"_links":{"self":[{"href":"https:\/\/donaulife-new.ogrisdigital.at\/it\/wp-json\/wp\/v2\/product\/53209"}],"collection":[{"href":"https:\/\/donaulife-new.ogrisdigital.at\/it\/wp-json\/wp\/v2\/product"}],"about":[{"href":"https:\/\/donaulife-new.ogrisdigital.at\/it\/wp-json\/wp\/v2\/types\/product"}],"replies":[{"embeddable":true,"href":"https:\/\/donaulife-new.ogrisdigital.at\/it\/wp-json\/wp\/v2\/comments?post=53209"}],"wp:featuredmedia":[{"embeddable":true,"href":"https:\/\/donaulife-new.ogrisdigital.at\/it\/wp-json\/wp\/v2\/media\/56888"}],"wp:attachment":[{"href":"https:\/\/donaulife-new.ogrisdigital.at\/it\/wp-json\/wp\/v2\/media?parent=53209"}],"wp:term":[{"taxonomy":"product_cat","embeddable":true,"href":"https:\/\/donaulife-new.ogrisdigital.at\/it\/wp-json\/wp\/v2\/product_cat?post=53209"},{"taxonomy":"product_tag","embeddable":true,"href":"https:\/\/donaulife-new.ogrisdigital.at\/it\/wp-json\/wp\/v2\/product_tag?post=53209"}],"curies":[{"name":"wp","href":"https:\/\/api.w.org\/{rel}","templated":true}]}}