{"id":53145,"date":"2021-05-06T09:29:46","date_gmt":"2021-05-06T09:29:46","guid":{"rendered":"https:\/\/donaulife-new.ogrisdigital.at\/produkt\/black-leaf-ananasbong-josefine-27-cm\/"},"modified":"2025-01-15T07:10:47","modified_gmt":"2025-01-15T07:10:47","slug":"black-leaf-ananasbong-josefine-27-cm","status":"publish","type":"product","link":"https:\/\/donaulife-new.ogrisdigital.at\/it\/black-leaf-ananasbong-josefine-27-cm\/","title":{"rendered":"BLACK LEAF  Ananasbong &#8216;Josefine&#8217;| 27 cm"},"content":{"rendered":"<h2>Black Leaf Ananasbong<\/h2>\n<p>F\u00fcr alle die wissen wollen wie ein Paddelboot noch gennant wird, liefert &#8216;Black leaf&#8217; die absolut richtige Antwort. Nat\u00fcrlich Ananas! ?<\/p>\n<p>Handgefertigt aus Borosilikatglas und in einem extra fruchtigen Design gehalten. Das gute St\u00fcck ist 29 cm hoch und hat einen Durchmesser von 83 mm am Standfu\u00df der zus\u00e4tzlich f\u00fcr die n\u00f6tige Stabilit\u00e4t sorgt, darauf ist auch das &#8216;Black Leaf&#8217; Logo zu sehen. Die Ananas ist mit einem 14,5 mm Schliff ausgestattet. Ansonsten wurde auf weitere Extras verzichtet. G\u00f6nnt euch einen fruchtigen Hit mit der &#8216;Josefine&#8217;! ?<\/p>\n<p>[row ]<\/p>\n<p>[col span=&#8221;1\/1&#8243; ]<\/p>\n<p><iframe title=\"Ananas oder Kajak\" width=\"500\" height=\"281\" src=\"https:\/\/www.youtube.com\/embed\/xHmm8sejDAk?feature=oembed\" frameborder=\"0\" allow=\"accelerometer; autoplay; clipboard-write; encrypted-media; gyroscope; picture-in-picture; web-share\" allowfullscreen><\/iframe><\/p>\n<p>[\/col]<\/p>\n<p>[\/row]<\/p>\n<h3><span style=\"font-size: 20.16px;\">\u00dcber Black Leaf:<\/span><\/h3>\n<div>\n<p>In Weed We Trust ? Smoking\u00a0<em>Paraphernalia<\/em> seit 1988: Bongs, Pfeifen, Vaporizer, Grinder, Dabbing Zubeh\u00f6r, Paper &amp; Filter, Lifestyle Produkte. Es gibt viele Innovative Produkte der Marke die auch die ein oder andere Weltneuheit erschaffen haben. Im Shop bieten wir von allen Produkten die beste Auswahl.<\/p>\n<\/div>\n","protected":false},"excerpt":{"rendered":"<p>Black Leaf Ananasbong F\u00fcr alle die wissen wollen wie ein Paddelboot noch gennant wird, liefert &#8216;Black leaf&#8217; die absolut richtige<\/p>\n","protected":false},"featured_media":32012,"comment_status":"open","ping_status":"open","template":"","meta":{"_acf_changed":false},"product_cat":[2514,2548,2459,2546,2506,2463,2520],"product_tag":[2521],"acf":[],"_links":{"self":[{"href":"https:\/\/donaulife-new.ogrisdigital.at\/it\/wp-json\/wp\/v2\/product\/53145"}],"collection":[{"href":"https:\/\/donaulife-new.ogrisdigital.at\/it\/wp-json\/wp\/v2\/product"}],"about":[{"href":"https:\/\/donaulife-new.ogrisdigital.at\/it\/wp-json\/wp\/v2\/types\/product"}],"replies":[{"embeddable":true,"href":"https:\/\/donaulife-new.ogrisdigital.at\/it\/wp-json\/wp\/v2\/comments?post=53145"}],"wp:featuredmedia":[{"embeddable":true,"href":"https:\/\/donaulife-new.ogrisdigital.at\/it\/wp-json\/wp\/v2\/media\/32012"}],"wp:attachment":[{"href":"https:\/\/donaulife-new.ogrisdigital.at\/it\/wp-json\/wp\/v2\/media?parent=53145"}],"wp:term":[{"taxonomy":"product_cat","embeddable":true,"href":"https:\/\/donaulife-new.ogrisdigital.at\/it\/wp-json\/wp\/v2\/product_cat?post=53145"},{"taxonomy":"product_tag","embeddable":true,"href":"https:\/\/donaulife-new.ogrisdigital.at\/it\/wp-json\/wp\/v2\/product_tag?post=53145"}],"curies":[{"name":"wp","href":"https:\/\/api.w.org\/{rel}","templated":true}]}}