{"id":53142,"date":"2021-05-06T08:19:40","date_gmt":"2021-05-06T08:19:40","guid":{"rendered":"https:\/\/donaulife-new.ogrisdigital.at\/produkt\/black-leaf-eisbong-kuehler-wind-9-mm-455-34-cm-kopie\/"},"modified":"2024-07-01T00:52:19","modified_gmt":"2024-07-01T00:52:19","slug":"black-leaf-eisbong-kuehler-wind-9-mm-455-34-cm-kopie","status":"publish","type":"product","link":"https:\/\/donaulife-new.ogrisdigital.at\/it\/black-leaf-eisbong-kuehler-wind-9-mm-455-34-cm-kopie\/","title":{"rendered":"BLACK LEAF Eisbong &#8216;K\u00fchler Wind&#8217; 9 mm | 45,5\/34 cm"},"content":{"rendered":"<h2>Black Leaf Eisbong mit 9 mm Glasst\u00e4rke<\/h2>\n<p>Mit ganzen 9mm Wandst\u00e4rke, einem extra dickem Mundst\u00fcck und dem dreifach verst\u00e4rkten Schliff ist diese Bong nicht nur eine \u00e4u\u00dfert stabile, sondern auch eine sehr sch\u00f6ne Bong. Der Kopf mit NS 14 ist transparent, mit einer Roll-Stop-Funktion. Der Adapter mit NS 19 hat 6 Diffusor-Schlitze, die den Rauch vork\u00fchlen. Danach folgen drei Eisdornen, auf die du Eisw\u00fcrfel legen kannst, und dadurch dir ein paar kalte smoothe Hits g\u00f6nnen. Das &#8216;Black Leaf&#8217; Logo befindet sich einmal auf dem Hals der Bong.<\/p>\n<h3><span style=\"font-size: 20.16px;\">\u00dcber Black Leaf:<\/span><\/h3>\n<div>\n<p>In Weed We Trust? Smoking <em>Paraphernalia<\/em> seit 1988: Bongs, Pfeifen, Vaporizer, Grinder, Dabbing Zubeh\u00f6r, Paper &amp; Filter, Lifestyle Produkte. Es gibt viele Innovative Produkte der Marke die auch die ein oder andere Weltneuheit erschaffen haben. Im Shop bieten wir von allen Produkten die beste Auswahl.<\/p>\n<\/div>\n","protected":false},"excerpt":{"rendered":"<p>Black Leaf Eisbong mit 9 mm Glasst\u00e4rke Mit ganzen 9mm Wandst\u00e4rke, einem extra dickem Mundst\u00fcck und dem dreifach verst\u00e4rkten Schliff<\/p>\n","protected":false},"featured_media":31995,"comment_status":"open","ping_status":"open","template":"","meta":{"_acf_changed":false},"product_cat":[2514,2548,2459,2523,2515,2635,2506,2463],"product_tag":[2521],"acf":[],"_links":{"self":[{"href":"https:\/\/donaulife-new.ogrisdigital.at\/it\/wp-json\/wp\/v2\/product\/53142"}],"collection":[{"href":"https:\/\/donaulife-new.ogrisdigital.at\/it\/wp-json\/wp\/v2\/product"}],"about":[{"href":"https:\/\/donaulife-new.ogrisdigital.at\/it\/wp-json\/wp\/v2\/types\/product"}],"replies":[{"embeddable":true,"href":"https:\/\/donaulife-new.ogrisdigital.at\/it\/wp-json\/wp\/v2\/comments?post=53142"}],"wp:featuredmedia":[{"embeddable":true,"href":"https:\/\/donaulife-new.ogrisdigital.at\/it\/wp-json\/wp\/v2\/media\/31995"}],"wp:attachment":[{"href":"https:\/\/donaulife-new.ogrisdigital.at\/it\/wp-json\/wp\/v2\/media?parent=53142"}],"wp:term":[{"taxonomy":"product_cat","embeddable":true,"href":"https:\/\/donaulife-new.ogrisdigital.at\/it\/wp-json\/wp\/v2\/product_cat?post=53142"},{"taxonomy":"product_tag","embeddable":true,"href":"https:\/\/donaulife-new.ogrisdigital.at\/it\/wp-json\/wp\/v2\/product_tag?post=53142"}],"curies":[{"name":"wp","href":"https:\/\/api.w.org\/{rel}","templated":true}]}}