{"id":53111,"date":"2021-05-04T07:00:47","date_gmt":"2021-05-04T07:00:47","guid":{"rendered":"https:\/\/donaulife-new.ogrisdigital.at\/produkt\/black-leaf-percolatorbong-wasserfall-7-mm-38-cm\/"},"modified":"2025-01-15T07:10:52","modified_gmt":"2025-01-15T07:10:52","slug":"black-leaf-percolatorbong-wasserfall-7-mm-38-cm","status":"publish","type":"product","link":"https:\/\/donaulife-new.ogrisdigital.at\/it\/black-leaf-percolatorbong-wasserfall-7-mm-38-cm\/","title":{"rendered":"BLACK LEAF Percolatorbong &#8216;Wasserfall&#8217; 7 mm | 38 cm"},"content":{"rendered":"<h2>Black Leaf Bong mit 24-Armpercolator und 7 mm Wandst\u00e4rke<\/h2>\n<p>Diese stabile 38cm hohe Glasbong hat kein Chilum, denn das K\u00f6pfchen wird direkt in den Rauchkanal eingesetzt, welcher mit einem 18,8mm Schliff ausgestattet ist. Der Rauchkanal hat einen Verst\u00e4rkungssteg, der Abbrechen verhindert. Nachdem sich der Rauch am Boden sammelt, zieht er in den doppelten Baumperkolator mit insgesamt 24 Armen und wird dort kr\u00e4ftig verwirbelt. Dies sorgt f\u00fcr die optimale K\u00fchlung und Filterung von Schadstoffen, die sich dann in der Bong absetzen. Der gefilterte und abgek\u00fchlte Rauch hingegen kommt direkt durch den Bonghals auf dem ein schwarzer &#8216;Black Leaf&#8217; Schriftzug zu sehen ist zu dir. \ud83d\ude42\u00a0 Der extrabreiter Standfu\u00df sorgt f\u00fcr die n\u00f6tige Standfestigkeit und die 7mm dicke Wand sch\u00fctzt vor Schl\u00e4gen und St\u00f6\u00dfen.<\/p>\n<h3><span style=\"font-size: 20.16px;\">\u00dcber Black Leaf:<\/span><\/h3>\n<div>\n<p>In Weed We Trust? Smoking <em>Paraphernalia<\/em> seit 1988: Bongs, Pfeifen, Vaporizer, Grinder, Dabbing Zubeh\u00f6r, Paper &amp; Filter, Lifestyle Produkte. Es gibt viele Innovative Produkte der Marke die auch die ein oder andere Weltneuheit erschaffen haben. Im Shop bieten wir von allen Produkten die beste Auswahl.<\/p>\n<\/div>\n","protected":false},"excerpt":{"rendered":"<p>Black Leaf Bong mit 24-Armpercolator und 7 mm Wandst\u00e4rke Diese stabile 38cm hohe Glasbong hat kein Chilum, denn das K\u00f6pfchen<\/p>\n","protected":false},"featured_media":31838,"comment_status":"open","ping_status":"open","template":"","meta":{"_acf_changed":false},"product_cat":[2514,2548,2459,2577,2506,2463,2520],"product_tag":[2521],"acf":[],"_links":{"self":[{"href":"https:\/\/donaulife-new.ogrisdigital.at\/it\/wp-json\/wp\/v2\/product\/53111"}],"collection":[{"href":"https:\/\/donaulife-new.ogrisdigital.at\/it\/wp-json\/wp\/v2\/product"}],"about":[{"href":"https:\/\/donaulife-new.ogrisdigital.at\/it\/wp-json\/wp\/v2\/types\/product"}],"replies":[{"embeddable":true,"href":"https:\/\/donaulife-new.ogrisdigital.at\/it\/wp-json\/wp\/v2\/comments?post=53111"}],"wp:featuredmedia":[{"embeddable":true,"href":"https:\/\/donaulife-new.ogrisdigital.at\/it\/wp-json\/wp\/v2\/media\/31838"}],"wp:attachment":[{"href":"https:\/\/donaulife-new.ogrisdigital.at\/it\/wp-json\/wp\/v2\/media?parent=53111"}],"wp:term":[{"taxonomy":"product_cat","embeddable":true,"href":"https:\/\/donaulife-new.ogrisdigital.at\/it\/wp-json\/wp\/v2\/product_cat?post=53111"},{"taxonomy":"product_tag","embeddable":true,"href":"https:\/\/donaulife-new.ogrisdigital.at\/it\/wp-json\/wp\/v2\/product_tag?post=53111"}],"curies":[{"name":"wp","href":"https:\/\/api.w.org\/{rel}","templated":true}]}}