{"id":53096,"date":"2021-04-29T09:28:57","date_gmt":"2021-04-29T09:28:57","guid":{"rendered":"https:\/\/donaulife-new.ogrisdigital.at\/produkt\/black-leaf-eisbong-tiefes-blau-40-cm\/"},"modified":"2025-01-15T07:10:58","modified_gmt":"2025-01-15T07:10:58","slug":"black-leaf-eisbong-tiefes-blau-40-cm","status":"publish","type":"product","link":"https:\/\/donaulife-new.ogrisdigital.at\/it\/black-leaf-eisbong-tiefes-blau-40-cm\/","title":{"rendered":"BLACK LEAF  Eisbong &#8216;tiefes Blau&#8217; | 40 cm"},"content":{"rendered":"<h2>Black Leaf Eisbong mit 4-Arm Percolator<\/h2>\n<p>Diese stabile 40cm hohe Glassbong ist mit einem Diffusor-Adapter ausgestattet. Der Rauch wird durch den 4-Arm Percolator gezogen, wodurch er kr\u00e4ftig verwirbelt und gek\u00fchlt wird. Dies sorgt f\u00fcr die optimale K\u00fchlung und Filterung von Schadstoffen und Partikel, die sich dann in der Bong absetzen. Der Rauch wird dadurch sanfter im Durchzug. Dank der Eisdornen kann man die Bong auch als Icebong verwenden. Das designetechnische Highlight der Wasserpfeife auf jeden Fall der Boden. Dieser ist in einem tiefen Blau gehalten als w\u00fcrde man auf den Grund des Meeres blicken. Auch der Bongkopf ist mit blauen Akzenten versehen.<\/p>\n<h3><span style=\"font-size: 20.16px;\">\u00dcber Black Leaf:<\/span><\/h3>\n<div>\n<p>In Weed We Trust ? Smoking\u00a0<em>Paraphernalia<\/em> seit 1988: Bongs, Pfeifen, Vaporizer, Grinder, Dabbing Zubeh\u00f6r, Paper &amp; Filter, Lifestyle Produkte. Es gibt viele Innovative Produkte der Marke die auch die ein oder andere Weltneuheit erschaffen haben. Im Shop bieten wir von allen Produkten die beste Auswahl.<\/p>\n<\/div>\n","protected":false},"excerpt":{"rendered":"<p>Black Leaf Eisbong mit 4-Arm Percolator Diese stabile 40cm hohe Glassbong ist mit einem Diffusor-Adapter ausgestattet. Der Rauch wird durch<\/p>\n","protected":false},"featured_media":31742,"comment_status":"open","ping_status":"open","template":"","meta":{"_acf_changed":false},"product_cat":[2514,2548,2459,2523,2635,2577,2506,2463,2520],"product_tag":[2521],"acf":[],"_links":{"self":[{"href":"https:\/\/donaulife-new.ogrisdigital.at\/it\/wp-json\/wp\/v2\/product\/53096"}],"collection":[{"href":"https:\/\/donaulife-new.ogrisdigital.at\/it\/wp-json\/wp\/v2\/product"}],"about":[{"href":"https:\/\/donaulife-new.ogrisdigital.at\/it\/wp-json\/wp\/v2\/types\/product"}],"replies":[{"embeddable":true,"href":"https:\/\/donaulife-new.ogrisdigital.at\/it\/wp-json\/wp\/v2\/comments?post=53096"}],"wp:featuredmedia":[{"embeddable":true,"href":"https:\/\/donaulife-new.ogrisdigital.at\/it\/wp-json\/wp\/v2\/media\/31742"}],"wp:attachment":[{"href":"https:\/\/donaulife-new.ogrisdigital.at\/it\/wp-json\/wp\/v2\/media?parent=53096"}],"wp:term":[{"taxonomy":"product_cat","embeddable":true,"href":"https:\/\/donaulife-new.ogrisdigital.at\/it\/wp-json\/wp\/v2\/product_cat?post=53096"},{"taxonomy":"product_tag","embeddable":true,"href":"https:\/\/donaulife-new.ogrisdigital.at\/it\/wp-json\/wp\/v2\/product_tag?post=53096"}],"curies":[{"name":"wp","href":"https:\/\/api.w.org\/{rel}","templated":true}]}}