{"id":53092,"date":"2021-04-29T07:32:40","date_gmt":"2021-04-29T07:32:40","guid":{"rendered":"https:\/\/donaulife-new.ogrisdigital.at\/produkt\/marley-natural-box-wallnuss-mit-schloss\/"},"modified":"2024-07-01T00:51:44","modified_gmt":"2024-07-01T00:51:44","slug":"marley-natural-box-wallnuss-mit-schloss","status":"publish","type":"product","link":"https:\/\/donaulife-new.ogrisdigital.at\/it\/marley-natural-box-wallnuss-mit-schloss\/","title":{"rendered":"MARLEY NATURAL Box Wallnuss | mit Schloss"},"content":{"rendered":"<h1 class=\"title\">Marley Natural gro\u00dfe Box<\/h1>\n<div>\n<p>Diese verschlie\u00dfbare Aufbewahrungskiste aus Walnussholz von Marley Natural eignet sich ideal zum Aufbewahren von Rauchutensilien. Der einzigartig konstruierte Schiebedeckel dient gleichzeitig als integriertes Tablett und eignet sich perfekt zur Vorbereitung von Joints oder zum Bef\u00fcllen eines Vaporizers. Der Innenraum verf\u00fcgt \u00fcber herausnehmbare Teile aus Acryl zur bequemen Aufbewahrung. Die\u00a0kleineren F\u00e4cher haben genug Platz f\u00fcr mehrere kleine Gl\u00e4ser. Das gr\u00f6\u00dfere Fach ist ideal f\u00fcr die Aufbewahrung von Rauchzubeh\u00f6r oder Vaporizers. Zum Reinigen einfach in warmem Seifenwasser mit einem weichen Schwamm waschen und gr\u00fcndlich trocknen.<\/p>\n<\/div>\n<div><strong>Abmessungen<\/strong><\/div>\n<div><\/div>\n<div>L\u00e4nge: 28 cm<br \/>\nBreite: 18 cm<br \/>\nH\u00f6he: 11 cm<\/div>\n<h3>\u00dcber Marley Natural:<\/h3>\n<div>Marley Natural\u2122 ist eine Premium-Produktlinie, die mit Bewusstsein, Authentizit\u00e4t und echtem Respekt f\u00fcr die Vorteile der Natur hergestellt wird. Unsere Accessoires stammen alle aus verantwortungsvollen Quellen und sind von Integrit\u00e4t gepr\u00e4gt.<\/div>\n<div>Jedes unserer Angebote ist ein direktes Spiegelbild des Marley-Ethos, das die G\u00fcte der Natur mit dem Glauben an das positive Potenzial der Kr\u00e4uter verbindet. Als Agenten des Wandels f\u00f6rdern wir Positivit\u00e4t, Verbundenheit und pers\u00f6nliche Transformation. Und als Bef\u00fcrworter des Fortschritts bieten wir eine au\u00dfergew\u00f6hnliche Lifestyle-Linie, die von Jamaikas pulsierender Energie inspiriert ist. Wir sind stolz darauf, die offizielle Cannabis-Marke von Bob Marley zu sein.<\/div>\n","protected":false},"excerpt":{"rendered":"<p>Marley Natural gro\u00dfe Box Diese verschlie\u00dfbare Aufbewahrungskiste aus Walnussholz von Marley Natural eignet sich ideal zum Aufbewahren von Rauchutensilien. Der<\/p>\n","protected":false},"featured_media":31709,"comment_status":"open","ping_status":"closed","template":"","meta":{"_acf_changed":false},"product_cat":[2607,2451,2678],"product_tag":[3343],"acf":[],"_links":{"self":[{"href":"https:\/\/donaulife-new.ogrisdigital.at\/it\/wp-json\/wp\/v2\/product\/53092"}],"collection":[{"href":"https:\/\/donaulife-new.ogrisdigital.at\/it\/wp-json\/wp\/v2\/product"}],"about":[{"href":"https:\/\/donaulife-new.ogrisdigital.at\/it\/wp-json\/wp\/v2\/types\/product"}],"replies":[{"embeddable":true,"href":"https:\/\/donaulife-new.ogrisdigital.at\/it\/wp-json\/wp\/v2\/comments?post=53092"}],"wp:featuredmedia":[{"embeddable":true,"href":"https:\/\/donaulife-new.ogrisdigital.at\/it\/wp-json\/wp\/v2\/media\/31709"}],"wp:attachment":[{"href":"https:\/\/donaulife-new.ogrisdigital.at\/it\/wp-json\/wp\/v2\/media?parent=53092"}],"wp:term":[{"taxonomy":"product_cat","embeddable":true,"href":"https:\/\/donaulife-new.ogrisdigital.at\/it\/wp-json\/wp\/v2\/product_cat?post=53092"},{"taxonomy":"product_tag","embeddable":true,"href":"https:\/\/donaulife-new.ogrisdigital.at\/it\/wp-json\/wp\/v2\/product_tag?post=53092"}],"curies":[{"name":"wp","href":"https:\/\/api.w.org\/{rel}","templated":true}]}}