{"id":53091,"date":"2021-04-28T09:55:29","date_gmt":"2021-04-28T09:55:29","guid":{"rendered":"https:\/\/donaulife-new.ogrisdigital.at\/produkt\/black-leaf-beaker-bong-die-wand-39-cm\/"},"modified":"2024-07-01T00:51:44","modified_gmt":"2024-07-01T00:51:44","slug":"black-leaf-beaker-bong-die-wand-39-cm","status":"publish","type":"product","link":"https:\/\/donaulife-new.ogrisdigital.at\/it\/black-leaf-beaker-bong-die-wand-39-cm\/","title":{"rendered":"BLACK LEAF Beaker Bong &#8216;die Wand&#8217; 9mm | 39 cm"},"content":{"rendered":"<h2>Black Leaf Kolbenbong mit 9 mm Wandst\u00e4rke<\/h2>\n<p>Diese Stabile Wasserpfeife von Black Leaf ist mit eine Wandst\u00e4rke von 9mm eine wirklich robuste Wahl. Das gute St\u00fcck ist 39 cm Hoch und hat einen Durchmesser von 50 mm am Mundst\u00fcck und am Kolben 140 mm. Ein Schlitzdiffusor ist vorhanden, auf Eiskerben und Percolator wurde verzichtet. Den \u00dcbergang zwischen Kolben und Bonghals ziert ein schwarzer Black Leaf Schriftzug.<\/p>\n<h3><span style=\"font-size: 20.16px;\">\u00dcber Black Leaf:<\/span><\/h3>\n<div>\n<p>In Weed We Trust ? Smoking\u00a0<em>Paraphernalia<\/em> seit 1988: Bongs, Pfeifen, Vaporizer, Grinder, Dabbing Zubeh\u00f6r, Paper &amp; Filter, Lifestyle Produkte. Es gibt viele Innovative Produkte der Marke die auch die ein oder andere Weltneuheit erschaffen haben. Im Shop bieten wir von allen Produkten die beste Auswahl.<\/p>\n<\/div>\n","protected":false},"excerpt":{"rendered":"<p>Black Leaf Kolbenbong mit 9 mm Wandst\u00e4rke Diese Stabile Wasserpfeife von Black Leaf ist mit eine Wandst\u00e4rke von 9mm eine<\/p>\n","protected":false},"featured_media":31698,"comment_status":"open","ping_status":"open","template":"","meta":{"_acf_changed":false},"product_cat":[2514,2548,2459,2515,2635,2506,2463],"product_tag":[2521],"acf":[],"_links":{"self":[{"href":"https:\/\/donaulife-new.ogrisdigital.at\/it\/wp-json\/wp\/v2\/product\/53091"}],"collection":[{"href":"https:\/\/donaulife-new.ogrisdigital.at\/it\/wp-json\/wp\/v2\/product"}],"about":[{"href":"https:\/\/donaulife-new.ogrisdigital.at\/it\/wp-json\/wp\/v2\/types\/product"}],"replies":[{"embeddable":true,"href":"https:\/\/donaulife-new.ogrisdigital.at\/it\/wp-json\/wp\/v2\/comments?post=53091"}],"wp:featuredmedia":[{"embeddable":true,"href":"https:\/\/donaulife-new.ogrisdigital.at\/it\/wp-json\/wp\/v2\/media\/31698"}],"wp:attachment":[{"href":"https:\/\/donaulife-new.ogrisdigital.at\/it\/wp-json\/wp\/v2\/media?parent=53091"}],"wp:term":[{"taxonomy":"product_cat","embeddable":true,"href":"https:\/\/donaulife-new.ogrisdigital.at\/it\/wp-json\/wp\/v2\/product_cat?post=53091"},{"taxonomy":"product_tag","embeddable":true,"href":"https:\/\/donaulife-new.ogrisdigital.at\/it\/wp-json\/wp\/v2\/product_tag?post=53091"}],"curies":[{"name":"wp","href":"https:\/\/api.w.org\/{rel}","templated":true}]}}