{"id":52993,"date":"2021-04-19T13:09:13","date_gmt":"2021-04-19T13:09:13","guid":{"rendered":"https:\/\/donaulife-new.ogrisdigital.at\/produkt\/heisenberg-vorkuehler-badger-mit-8-arm-vorkuehler-18-8-mm\/"},"modified":"2025-01-15T07:11:04","modified_gmt":"2025-01-15T07:11:04","slug":"heisenberg-vorkuehler-badger-mit-8-arm-vorkuehler-18-8-mm","status":"publish","type":"product","link":"https:\/\/donaulife-new.ogrisdigital.at\/it\/heisenberg-vorkuehler-badger-mit-8-arm-vorkuehler-18-8-mm\/","title":{"rendered":"HEISENBERG Vork\u00fchler &#8216;Badger&#8217; mit 8-Arm Vork\u00fchler | 18.8 mm"},"content":{"rendered":"<h2>Heisenberg Vork\u00fchler mit 8-Arm Diffusor<\/h2>\n<p>Der &#8216;Badger&#8217; Vork\u00fchler von Heisenberg ist mit einem 8-Arm Difussor ausger\u00fcstet. Dadurch wird der Rauch und das Wasser optimal zu einer massiv k\u00fchlenden und vorgereinigten Verbindung. Der Schliff ist im 45\u00b0 Winkel und l\u00e4sst sich somit perfekt bei Beakerbong einsetzen. Der Schliff hat einen Durchmesser von 18,8mm. Das elegante Design dieses Meisterst\u00fccks ist ein absoluter Hingucker, der sowohl optisch gl\u00e4nzt, als auch tatkr\u00e4ftig die Raucherherzen h\u00f6her schlagen l\u00e4sst.<\/p>\n<div>\n<h3>\u00dcber Heisenberg:<\/h3>\n<div>\n<p>Heisenberg \u2013 nicht nur durch Breaking Bad ein Ph\u00e4nomen. Die Marke Heisenberg ist unter anderem durch ihre Glasbongs bekannt geworden. Keine Bong der Heisenberg Serie ist wie die andere. Hier werden verschiedene Gestaltungselemente geboten, wie beispielsweise poppige Farben oder mit Glow in the dark Funktion, Pl\u00e4tzen zum Einsetzen von LED Beleuchtung und anderen Extras.<\/p>\n<p>Bei dem interessanten Sortiment an Glasbongs, ist mit Sicherheit auch was f\u00fcr dich dabei!<\/p>\n<\/div>\n<\/div>\n","protected":false},"excerpt":{"rendered":"<p>Heisenberg Vork\u00fchler mit 8-Arm Diffusor Der &#8216;Badger&#8217; Vork\u00fchler von Heisenberg ist mit einem 8-Arm Difussor ausger\u00fcstet. Dadurch wird der Rauch<\/p>\n","protected":false},"featured_media":31288,"comment_status":"open","ping_status":"open","template":"","meta":{"_acf_changed":false},"product_cat":[2591,2459,3404,2463,2582,2460],"product_tag":[3405,2466],"acf":[],"_links":{"self":[{"href":"https:\/\/donaulife-new.ogrisdigital.at\/it\/wp-json\/wp\/v2\/product\/52993"}],"collection":[{"href":"https:\/\/donaulife-new.ogrisdigital.at\/it\/wp-json\/wp\/v2\/product"}],"about":[{"href":"https:\/\/donaulife-new.ogrisdigital.at\/it\/wp-json\/wp\/v2\/types\/product"}],"replies":[{"embeddable":true,"href":"https:\/\/donaulife-new.ogrisdigital.at\/it\/wp-json\/wp\/v2\/comments?post=52993"}],"wp:featuredmedia":[{"embeddable":true,"href":"https:\/\/donaulife-new.ogrisdigital.at\/it\/wp-json\/wp\/v2\/media\/31288"}],"wp:attachment":[{"href":"https:\/\/donaulife-new.ogrisdigital.at\/it\/wp-json\/wp\/v2\/media?parent=52993"}],"wp:term":[{"taxonomy":"product_cat","embeddable":true,"href":"https:\/\/donaulife-new.ogrisdigital.at\/it\/wp-json\/wp\/v2\/product_cat?post=52993"},{"taxonomy":"product_tag","embeddable":true,"href":"https:\/\/donaulife-new.ogrisdigital.at\/it\/wp-json\/wp\/v2\/product_tag?post=52993"}],"curies":[{"name":"wp","href":"https:\/\/api.w.org\/{rel}","templated":true}]}}