{"id":52948,"date":"2021-04-14T13:21:47","date_gmt":"2021-04-14T13:21:47","guid":{"rendered":"https:\/\/donaulife-new.ogrisdigital.at\/produkt\/giant-glasbong-kogler-54-cm\/"},"modified":"2025-01-15T07:11:12","modified_gmt":"2025-01-15T07:11:12","slug":"giant-glasbong-kogler-54-cm","status":"publish","type":"product","link":"https:\/\/donaulife-new.ogrisdigital.at\/it\/giant-glasbong-kogler-54-cm\/","title":{"rendered":"GIANT Glasbong &#8216;Kogler&#8217; | 54 cm"},"content":{"rendered":"<h2>Giant Glasbong mit 54 cm<\/h2>\n<p class=\"uppercase\">Gr\u00f6sse ist nicht alles, oder doch?<\/p>\n<p>Die Giant &#8216;Kogler&#8217; ist ein au\u00dfergew\u00f6hnliches St\u00fcck Bongkunst, welche dir ein aufregendes Raucherlebnis bieten wird. Sie besteht aus einem superbreitem Basisrohr, wobei der untere Teil eingedreht ist + simplen Rundfuss f\u00fcr extrafesten Stand. Der Bongkopf und die Base des Chillums haben beide einen NS19 Schliff. Der Bongkopf ist ein klassisch bedampfter Boost Bongkopf in rot. Am mittleren Teil des Ansatzrohres befindet sich die Giant Aufschrift in sandgestrahlter Form. Um den &#8216;Kogler&#8217; entsprechend nutzen zu k\u00f6nnen bedarf es schon eines recht ordentlichen Lungenvolumens, dies sollte definitiv beim Kauf dieser Bong bedacht werden.<\/p>\n<h3>\u00dcber Giant:<\/h3>\n<p>Manchmal kommt es doch auf die Gr\u00f6\u00dfe an&#8230; Giant baut die gr\u00f6\u00dften Glasgef\u00e4\u00dfe f\u00fcr den fortgeschittenen Raucher mit gutem Lungenvolumen.<\/p>\n","protected":false},"excerpt":{"rendered":"<p>Giant Glasbong mit 54 cm Gr\u00f6sse ist nicht alles, oder doch? Die Giant &#8216;Kogler&#8217; ist ein au\u00dfergew\u00f6hnliches St\u00fcck Bongkunst, welche<\/p>\n","protected":false},"featured_media":30948,"comment_status":"open","ping_status":"open","template":"","meta":{"_acf_changed":false},"product_cat":[2514,2459,3351,2507,2523,2515,2506,2463],"product_tag":[2707],"acf":[],"_links":{"self":[{"href":"https:\/\/donaulife-new.ogrisdigital.at\/it\/wp-json\/wp\/v2\/product\/52948"}],"collection":[{"href":"https:\/\/donaulife-new.ogrisdigital.at\/it\/wp-json\/wp\/v2\/product"}],"about":[{"href":"https:\/\/donaulife-new.ogrisdigital.at\/it\/wp-json\/wp\/v2\/types\/product"}],"replies":[{"embeddable":true,"href":"https:\/\/donaulife-new.ogrisdigital.at\/it\/wp-json\/wp\/v2\/comments?post=52948"}],"wp:featuredmedia":[{"embeddable":true,"href":"https:\/\/donaulife-new.ogrisdigital.at\/it\/wp-json\/wp\/v2\/media\/30948"}],"wp:attachment":[{"href":"https:\/\/donaulife-new.ogrisdigital.at\/it\/wp-json\/wp\/v2\/media?parent=52948"}],"wp:term":[{"taxonomy":"product_cat","embeddable":true,"href":"https:\/\/donaulife-new.ogrisdigital.at\/it\/wp-json\/wp\/v2\/product_cat?post=52948"},{"taxonomy":"product_tag","embeddable":true,"href":"https:\/\/donaulife-new.ogrisdigital.at\/it\/wp-json\/wp\/v2\/product_tag?post=52948"}],"curies":[{"name":"wp","href":"https:\/\/api.w.org\/{rel}","templated":true}]}}