{"id":52944,"date":"2021-04-14T10:14:50","date_gmt":"2021-04-14T10:14:50","guid":{"rendered":"https:\/\/donaulife-new.ogrisdigital.at\/produkt\/heisenberg-glasbong-big-mama-3-0-50-cm\/"},"modified":"2024-07-01T00:50:25","modified_gmt":"2024-07-01T00:50:25","slug":"heisenberg-glasbong-big-mama-3-0-50-cm","status":"publish","type":"product","link":"https:\/\/donaulife-new.ogrisdigital.at\/it\/heisenberg-glasbong-big-mama-3-0-50-cm\/","title":{"rendered":"HEISENBERG Glasbong &#8216;Big Mama&#8217; | 50 cm"},"content":{"rendered":"<h2>Heisenberg Glasbong Rundkolben<\/h2>\n<div id=\"description\" class=\"data item content\" role=\"tabpanel\" data-role=\"content\" aria-labelledby=\"tab-label-description\" aria-hidden=\"false\">\n<div class=\"product attribute description\">\n<div class=\"value\">\n<p>Die &#8216;Big Mama 3.0&#8217; punktet nicht nur mit ihrer Gr\u00f6\u00dfe von 50cm, sondern auch mit ihrem sch\u00f6n gebauchten Rundkolben. Der 12cm gro\u00dfe Rundfu\u00df sorgt f\u00fcr perfekte Stabilit\u00e4t und dem Kickloch liegt ein Kicklochstopfen bei. Das Chillum ist ca 18cm lang und hat einen 18,8er Schliff. Die Wandst\u00e4rke betr\u00e4gt 3,5mm und ein blauer &#8216;Heisenberg&#8217; Schriftzug verziert den Bonghals. Dank der eingebauten Eiskerben kannst du auch Eisw\u00fcrfel einf\u00fcllen um den Rauch optimal zu k\u00fchlen. Auch der Rundfuss und das Mundst\u00fcck heben sich in blau von dem Glas ab und bilden damit ein wundersch\u00f6nes, wohlgeformtes Gesamtpacket. Bei Big Mama bist du bestens aufgehoben! \ud83d\ude09<\/p>\n<\/div>\n<\/div>\n<\/div>\n<div>\n<h3>\u00dcber Heisenberg:<\/h3>\n<div>\n<p>Heisenberg \u2013 nicht nur durch Breaking Bad ein Ph\u00e4nomen. Die Marke Heisenberg ist unter anderem durch ihre Glasbongs bekannt geworden. Keine Bong der Heisenberg Serie ist wie die andere. Hier werden verschiedene Gestaltungselemente geboten, wie beispielsweise poppige Farben oder mit Glow in the dark Funktion, Pl\u00e4tzen zum Einsetzen von LED Beleuchtung und anderen Extras.<\/p>\n<p>Bei dem interessanten Sortiment an Glasbongs, ist mit Sicherheit auch was f\u00fcr dich dabei!<\/p>\n<\/div>\n<\/div>\n","protected":false},"excerpt":{"rendered":"<p>Heisenberg Glasbong Rundkolben Die &#8216;Big Mama 3.0&#8217; punktet nicht nur mit ihrer Gr\u00f6\u00dfe von 50cm, sondern auch mit ihrem sch\u00f6n<\/p>\n","protected":false},"featured_media":30908,"comment_status":"open","ping_status":"open","template":"","meta":{"_acf_changed":false},"product_cat":[2514,2459,3404,2523,2515,2635,2506,2463],"product_tag":[3405,2466],"acf":[],"_links":{"self":[{"href":"https:\/\/donaulife-new.ogrisdigital.at\/it\/wp-json\/wp\/v2\/product\/52944"}],"collection":[{"href":"https:\/\/donaulife-new.ogrisdigital.at\/it\/wp-json\/wp\/v2\/product"}],"about":[{"href":"https:\/\/donaulife-new.ogrisdigital.at\/it\/wp-json\/wp\/v2\/types\/product"}],"replies":[{"embeddable":true,"href":"https:\/\/donaulife-new.ogrisdigital.at\/it\/wp-json\/wp\/v2\/comments?post=52944"}],"wp:featuredmedia":[{"embeddable":true,"href":"https:\/\/donaulife-new.ogrisdigital.at\/it\/wp-json\/wp\/v2\/media\/30908"}],"wp:attachment":[{"href":"https:\/\/donaulife-new.ogrisdigital.at\/it\/wp-json\/wp\/v2\/media?parent=52944"}],"wp:term":[{"taxonomy":"product_cat","embeddable":true,"href":"https:\/\/donaulife-new.ogrisdigital.at\/it\/wp-json\/wp\/v2\/product_cat?post=52944"},{"taxonomy":"product_tag","embeddable":true,"href":"https:\/\/donaulife-new.ogrisdigital.at\/it\/wp-json\/wp\/v2\/product_tag?post=52944"}],"curies":[{"name":"wp","href":"https:\/\/api.w.org\/{rel}","templated":true}]}}