{"id":52943,"date":"2021-04-14T09:34:48","date_gmt":"2021-04-14T09:34:48","guid":{"rendered":"https:\/\/donaulife-new.ogrisdigital.at\/produkt\/heisenberg-glasbong-gustavo-50-cm\/"},"modified":"2025-01-15T07:11:18","modified_gmt":"2025-01-15T07:11:18","slug":"heisenberg-glasbong-gustavo-50-cm","status":"publish","type":"product","link":"https:\/\/donaulife-new.ogrisdigital.at\/it\/heisenberg-glasbong-gustavo-50-cm\/","title":{"rendered":"HEISENBERG Glasbong &#8216;Gustavo&#8217; | 50 cm"},"content":{"rendered":"<h2>Heisenberg Glasbong mit Eiskerben<\/h2>\n<div id=\"description\" class=\"data item content\" role=\"tabpanel\" data-role=\"content\" aria-labelledby=\"tab-label-description\" aria-hidden=\"false\">\n<div class=\"product attribute description\">\n<div class=\"value\">\n<p>Dieses sch\u00f6ne St\u00fcck Glasware ist 50 cm hoch und hat eine Glasdicke von 7 Millimeter. Das Chillum ist ca. 12 cm lang und hat einen 18,8er Schliff. Mundst\u00fcck, Eiskerben, Fu\u00df und Logo setzten sich in schwarz von dem klaren Glas dieser Bong ab &#8211; und das sieht extrem geil aus! Zus\u00e4tzlich kannst du die Bong mit Eisw\u00fcrfel bef\u00fcllen um den Rauch ab zu k\u00fchlen.<\/p>\n<\/div>\n<\/div>\n<\/div>\n<div>\n<h3>\u00dcber Heisenberg:<\/h3>\n<div>\n<p>Heisenberg \u2013 nicht nur durch Breaking Bad ein Ph\u00e4nomen. Die Marke Heisenberg ist unter anderem durch ihre Glasbongs bekannt geworden. Keine Bong der Heisenberg Serie ist wie die andere. Hier werden verschiedene Gestaltungselemente geboten, wie beispielsweise poppige Farben oder mit Glow in the dark Funktion, Pl\u00e4tzen zum Einsetzen von LED Beleuchtung und anderen Extras.<\/p>\n<p>Bei dem interessanten Sortiment an Glasbongs, ist mit Sicherheit auch was f\u00fcr dich dabei!<\/p>\n<\/div>\n<\/div>\n","protected":false},"excerpt":{"rendered":"<p>Heisenberg Glasbong mit Eiskerben Dieses sch\u00f6ne St\u00fcck Glasware ist 50 cm hoch und hat eine Glasdicke von 7 Millimeter. Das<\/p>\n","protected":false},"featured_media":30899,"comment_status":"open","ping_status":"open","template":"","meta":{"_acf_changed":false},"product_cat":[2514,2459,2510,3404,2523,2515,2506,2463],"product_tag":[3405,2466],"acf":[],"_links":{"self":[{"href":"https:\/\/donaulife-new.ogrisdigital.at\/it\/wp-json\/wp\/v2\/product\/52943"}],"collection":[{"href":"https:\/\/donaulife-new.ogrisdigital.at\/it\/wp-json\/wp\/v2\/product"}],"about":[{"href":"https:\/\/donaulife-new.ogrisdigital.at\/it\/wp-json\/wp\/v2\/types\/product"}],"replies":[{"embeddable":true,"href":"https:\/\/donaulife-new.ogrisdigital.at\/it\/wp-json\/wp\/v2\/comments?post=52943"}],"wp:featuredmedia":[{"embeddable":true,"href":"https:\/\/donaulife-new.ogrisdigital.at\/it\/wp-json\/wp\/v2\/media\/30899"}],"wp:attachment":[{"href":"https:\/\/donaulife-new.ogrisdigital.at\/it\/wp-json\/wp\/v2\/media?parent=52943"}],"wp:term":[{"taxonomy":"product_cat","embeddable":true,"href":"https:\/\/donaulife-new.ogrisdigital.at\/it\/wp-json\/wp\/v2\/product_cat?post=52943"},{"taxonomy":"product_tag","embeddable":true,"href":"https:\/\/donaulife-new.ogrisdigital.at\/it\/wp-json\/wp\/v2\/product_tag?post=52943"}],"curies":[{"name":"wp","href":"https:\/\/api.w.org\/{rel}","templated":true}]}}