{"id":52937,"date":"2021-04-13T09:49:23","date_gmt":"2021-04-13T09:49:23","guid":{"rendered":"https:\/\/donaulife-new.ogrisdigital.at\/produkt\/k-haring-purpfeife-pure-11-cm\/"},"modified":"2024-07-01T00:50:18","modified_gmt":"2024-07-01T00:50:18","slug":"k-haring-purpfeife-pure-11-cm","status":"publish","type":"product","link":"https:\/\/donaulife-new.ogrisdigital.at\/it\/k-haring-purpfeife-pure-11-cm\/","title":{"rendered":"K. HARING Purpfeife &#8216;pure&#8217; | 11 cm"},"content":{"rendered":"<h2>Keith Haring Bubbler in schwarz-wei\u00df-rot<\/h2>\n<div>\n<p>Die K.Haring Spoon Pipe verf\u00fcgt \u00fcber einen hervorragenden Luftstrom und Keith Haring&#8217;s ikonische Kunst bietet ein beeindruckendes Raucherlebnis. Diese robuste und leichte Pfeife im L\u00f6ffel-Hammer-Stil ist sorgf\u00e4ltig aus Borosilikatglas gefertigt und bietet au\u00dfergew\u00f6hnlichen Geschmack. Die Pfeife verf\u00fcgt \u00fcber ein flaches Mundst\u00fcck und ist mit einer breiten Basis ausgestattet, die einen bequemen Griff bietet.<\/p>\n<p>Der Hals und die Basis weisen eine Kaskade von kr\u00e4ftigen, schwankenden Linien und Farben auf, die Harings lebendige Pr\u00e4senz arrangieren. Die Pfeife ist mit dem offiziellen K.Haring-Logo versehen.<\/p>\n<p>Die Verpackung befindet sich in einer Schachtel mit haltbaren W\u00e4nden und Schaumstoffeinlagen und ist mit Harings Unterschrift und Kunst verziert.<\/p>\n<\/div>\n<div><strong>Abmessungen:<\/strong><\/div>\n<div><\/div>\n<div>4.5 x 11 x 3.8 cm<\/div>\n<p><strong>Eigenschaften:<\/strong><\/p>\n<div>\n<ul>\n<li>L\u00f6ffel-Hammer-Stil Pfeife<\/li>\n<li>Breite Basis<\/li>\n<li>Ikonische Keith Haring Kunst<\/li>\n<li>Handaufgetragene, hitzebest\u00e4ndiges Design<\/li>\n<li>Borosilikatglas<\/li>\n<li>Leicht und langlebig<\/li>\n<li>Flaches Mundst\u00fcck<\/li>\n<li>Ergonomischer Grip<\/li>\n<\/ul>\n<\/div>\n<h3>\u00dcber Keith Haring:<\/h3>\n<div>Keith Allen Haring war ein US-amerikanischer K\u00fcnstler, dessen Malstil anhand klarer Linien und Fl\u00e4chigkeit erkennbar ist. Einige Methoden seiner Malerei entnahm er der Graffiti-Szene. Haring gilt als Vertreter der Pop Art der 1980er Jahre. Jetzt lebt die Kunst auch in den Wohnzimmern weiter als Bubbler oder high class Pipes.<\/div>\n","protected":false},"excerpt":{"rendered":"<p>Keith Haring Bubbler in schwarz-wei\u00df-rot Die K.Haring Spoon Pipe verf\u00fcgt \u00fcber einen hervorragenden Luftstrom und Keith Haring&#8217;s ikonische Kunst bietet<\/p>\n","protected":false},"featured_media":30849,"comment_status":"open","ping_status":"open","template":"","meta":{"_acf_changed":false},"product_cat":[2459,2502,2451,3402,2463,2501],"product_tag":[],"acf":[],"_links":{"self":[{"href":"https:\/\/donaulife-new.ogrisdigital.at\/it\/wp-json\/wp\/v2\/product\/52937"}],"collection":[{"href":"https:\/\/donaulife-new.ogrisdigital.at\/it\/wp-json\/wp\/v2\/product"}],"about":[{"href":"https:\/\/donaulife-new.ogrisdigital.at\/it\/wp-json\/wp\/v2\/types\/product"}],"replies":[{"embeddable":true,"href":"https:\/\/donaulife-new.ogrisdigital.at\/it\/wp-json\/wp\/v2\/comments?post=52937"}],"wp:featuredmedia":[{"embeddable":true,"href":"https:\/\/donaulife-new.ogrisdigital.at\/it\/wp-json\/wp\/v2\/media\/30849"}],"wp:attachment":[{"href":"https:\/\/donaulife-new.ogrisdigital.at\/it\/wp-json\/wp\/v2\/media?parent=52937"}],"wp:term":[{"taxonomy":"product_cat","embeddable":true,"href":"https:\/\/donaulife-new.ogrisdigital.at\/it\/wp-json\/wp\/v2\/product_cat?post=52937"},{"taxonomy":"product_tag","embeddable":true,"href":"https:\/\/donaulife-new.ogrisdigital.at\/it\/wp-json\/wp\/v2\/product_tag?post=52937"}],"curies":[{"name":"wp","href":"https:\/\/api.w.org\/{rel}","templated":true}]}}