{"id":52897,"date":"2021-04-06T15:39:40","date_gmt":"2021-04-06T15:39:40","guid":{"rendered":"https:\/\/donaulife-new.ogrisdigital.at\/produkt\/purple-rose-cannagar-mold-personal-115-cm\/"},"modified":"2024-07-01T00:49:56","modified_gmt":"2024-07-01T00:49:56","slug":"purple-rose-cannagar-mold-personal-115-cm","status":"publish","type":"product","link":"https:\/\/donaulife-new.ogrisdigital.at\/it\/purple-rose-cannagar-mold-personal-115-cm\/","title":{"rendered":"PURPLE ROSE Cannagar Mold &#8216;Personal&#8217; | 11,5 cm"},"content":{"rendered":"<h2>Purple Rose Cannagar Form zum selberbauen von Cannabis Zigarren<\/h2>\n<p>Legen Sie die F\u00fc\u00dfe hoch und g\u00f6nnen Sie sich eine stundenlange Solo-Session mit unserer Cannagar Mold. Die Personal fasst 2-4 Gramm, so dass Sie den sanften, langsamen Brand einer Cannagar genie\u00dfen k\u00f6nnen<\/p>\n<p><img fetchpriority=\"high\" decoding=\"async\" class=\"alignnone size-medium wp-image-32125\" src=\"https:\/\/www.donaulife.com\/wp-content\/uploads\/2021\/04\/1-221x300.png\" alt=\"\" width=\"221\" height=\"300\" \/><\/p>\n<h3 class=\"pp-info-box-title\">12 Joints in der Tasche<\/h3>\n<p>Cannabis-Zigarren (aka Cannagars) brennen stundenlang. Sie halten 12x l\u00e4nger als der durchschnittliche Joint. Konzentriere dich darauf Spa\u00df zu haben und nicht den n\u00e4chsten Jay zu rollen.<\/p>\n<p><img decoding=\"async\" class=\"alignnone size-medium wp-image-32126\" src=\"https:\/\/www.donaulife.com\/wp-content\/uploads\/2021\/04\/2-221x300.png\" alt=\"\" width=\"221\" height=\"300\" \/><\/p>\n<h2>Der sanfteste Rauch, der m\u00f6glich ist<\/h2>\n<p>Der sanfteste Rauch, der m\u00f6glich ist, jedesmal. Genie\u00dfe den vollen Geschmack deiner Cannagar und nimm fettere Z\u00fcge.<\/p>\n<p><img decoding=\"async\" class=\"alignnone size-medium wp-image-32127\" src=\"https:\/\/www.donaulife.com\/wp-content\/uploads\/2021\/04\/4-221x300.png\" alt=\"\" width=\"221\" height=\"300\" \/><\/p>\n<h2>Die Freiheit zu individualisieren<\/h2>\n<p>Wenn du etwas richtig machen willst mache es selbst. Du kannst deine Cannabis Zigarre bauen wie du m\u00f6chtest und mit Wachs oder Kief individualisieren.<\/p>\n<p><iframe title=\"SMOKE LIKE A BOSS\" width=\"500\" height=\"281\" src=\"https:\/\/www.youtube.com\/embed\/4A5n0CSq1uw?feature=oembed\" frameborder=\"0\" allow=\"accelerometer; autoplay; clipboard-write; encrypted-media; gyroscope; picture-in-picture; web-share\" referrerpolicy=\"strict-origin-when-cross-origin\" allowfullscreen><\/iframe><\/p>\n<h3>\u00dcber Purply Rose:<\/h3>\n<p>Wir kreieren au\u00dfergew\u00f6hnliche Cannabis-Accessoires, die das Raucherlebnis sowohl f\u00fcr den Gelegenheitsenthusiasten als auch f\u00fcr den Kenner verbessern.<\/p>\n<p><strong>Unsere Urspr\u00fcnge<\/strong><\/p>\n<p>Wir wurden von einem Cannabis-Kenner gegr\u00fcndet, der gerne jedes Wochenende mit seinen Freunden Joints rauchte, aber einen Weg suchte, diese Erfahrung noch weiter zu verbessern.<\/p>\n<p>Eine Cannabis-Zigarre (auch bekannt als Thai-Stick oder Cannagar) war das perfekte Werkzeug. Es war stilvoll, aber fast unerschwinglich. Cannagars kosten Hunderte von Dollar und werden vorgefertigt geliefert, was ihm nicht die Freiheit gab, sein Lieblingsprodukt je nach Anlass zu w\u00e4hlen, Konzentrate hinzuzuf\u00fcgen oder seine bevorzugten Rolling Papers auszuw\u00e4hlen.<\/p>\n<p>Nach vielen Recherchen und R\u00fcckmeldungen von anderen Kennern wurde die Cannagar-Form mit dem Gedanken an ein gehobenes Raucherlebnis entwickelt. Purple Rose Supply wurde geschaffen, um es mit dir zu teilen.<\/p>\n","protected":false},"excerpt":{"rendered":"<p>Purple Rose Cannagar Form zum selberbauen von Cannabis Zigarren Legen Sie die F\u00fc\u00dfe hoch und g\u00f6nnen Sie sich eine stundenlange<\/p>\n","protected":false},"featured_media":30655,"comment_status":"open","ping_status":"open","template":"","meta":{"_acf_changed":false},"product_cat":[2489,2763,2451,2452,3389],"product_tag":[3390],"acf":[],"_links":{"self":[{"href":"https:\/\/donaulife-new.ogrisdigital.at\/it\/wp-json\/wp\/v2\/product\/52897"}],"collection":[{"href":"https:\/\/donaulife-new.ogrisdigital.at\/it\/wp-json\/wp\/v2\/product"}],"about":[{"href":"https:\/\/donaulife-new.ogrisdigital.at\/it\/wp-json\/wp\/v2\/types\/product"}],"replies":[{"embeddable":true,"href":"https:\/\/donaulife-new.ogrisdigital.at\/it\/wp-json\/wp\/v2\/comments?post=52897"}],"wp:featuredmedia":[{"embeddable":true,"href":"https:\/\/donaulife-new.ogrisdigital.at\/it\/wp-json\/wp\/v2\/media\/30655"}],"wp:attachment":[{"href":"https:\/\/donaulife-new.ogrisdigital.at\/it\/wp-json\/wp\/v2\/media?parent=52897"}],"wp:term":[{"taxonomy":"product_cat","embeddable":true,"href":"https:\/\/donaulife-new.ogrisdigital.at\/it\/wp-json\/wp\/v2\/product_cat?post=52897"},{"taxonomy":"product_tag","embeddable":true,"href":"https:\/\/donaulife-new.ogrisdigital.at\/it\/wp-json\/wp\/v2\/product_tag?post=52897"}],"curies":[{"name":"wp","href":"https:\/\/api.w.org\/{rel}","templated":true}]}}