{"id":52834,"date":"2021-03-29T14:50:03","date_gmt":"2021-03-29T14:50:03","guid":{"rendered":"https:\/\/donaulife-new.ogrisdigital.at\/produkt\/glas-dabber-buntstift-17-cm\/"},"modified":"2024-07-01T00:49:30","modified_gmt":"2024-07-01T00:49:30","slug":"glas-dabber-buntstift-17-cm","status":"publish","type":"product","link":"https:\/\/donaulife-new.ogrisdigital.at\/it\/glas-dabber-buntstift-17-cm\/","title":{"rendered":"Glas Dabber &#8216;Buntstift&#8217; | 17 cm"},"content":{"rendered":"<h2>Glas Dabber mit dem Allsehenden Auge in 17 cm L\u00e4nge<\/h2>\n<p>Dabber sind ein unverzichtbares Werkzeug, wenn man Konzentrate wie \u00d6l oder Wax raucht oder verdampft. Schlie\u00dflich muss man die \u00e4u\u00dferst klebrige Substanz gefahrlos in die erhitzte \u00d6lpfanne des Bangers oder \u00d6l-Nagels bringen.<\/p>\n<p>Mit einem Dabber gelingt dies wirklich easy, einfach das Konzentrat mit der spitzen Seite aufspie\u00dfen und ab damit auf die hei\u00dfe Pfanne. Diese bunten, sch\u00f6nen und witzigen Dabber sind aus hitzebest\u00e4ndigem Borosilikatglas gef\u00fcllt mit Quartz Sand in der jeweiligen Farbe.<\/p>\n","protected":false},"excerpt":{"rendered":"<p>Glas Dabber mit dem Allsehenden Auge in 17 cm L\u00e4nge Dabber sind ein unverzichtbares Werkzeug, wenn man Konzentrate wie \u00d6l<\/p>\n","protected":false},"featured_media":30433,"comment_status":"open","ping_status":"closed","template":"","meta":{"_acf_changed":false},"product_cat":[2579,2549],"product_tag":[],"acf":[],"_links":{"self":[{"href":"https:\/\/donaulife-new.ogrisdigital.at\/it\/wp-json\/wp\/v2\/product\/52834"}],"collection":[{"href":"https:\/\/donaulife-new.ogrisdigital.at\/it\/wp-json\/wp\/v2\/product"}],"about":[{"href":"https:\/\/donaulife-new.ogrisdigital.at\/it\/wp-json\/wp\/v2\/types\/product"}],"replies":[{"embeddable":true,"href":"https:\/\/donaulife-new.ogrisdigital.at\/it\/wp-json\/wp\/v2\/comments?post=52834"}],"wp:featuredmedia":[{"embeddable":true,"href":"https:\/\/donaulife-new.ogrisdigital.at\/it\/wp-json\/wp\/v2\/media\/30433"}],"wp:attachment":[{"href":"https:\/\/donaulife-new.ogrisdigital.at\/it\/wp-json\/wp\/v2\/media?parent=52834"}],"wp:term":[{"taxonomy":"product_cat","embeddable":true,"href":"https:\/\/donaulife-new.ogrisdigital.at\/it\/wp-json\/wp\/v2\/product_cat?post=52834"},{"taxonomy":"product_tag","embeddable":true,"href":"https:\/\/donaulife-new.ogrisdigital.at\/it\/wp-json\/wp\/v2\/product_tag?post=52834"}],"curies":[{"name":"wp","href":"https:\/\/api.w.org\/{rel}","templated":true}]}}