{"id":52629,"date":"2021-03-16T10:15:37","date_gmt":"2021-03-16T10:15:37","guid":{"rendered":"https:\/\/donaulife-new.ogrisdigital.at\/produkt\/black-leaf-reinigungsbuerste-schmal-175-cm\/"},"modified":"2025-01-15T07:11:33","modified_gmt":"2025-01-15T07:11:33","slug":"black-leaf-reinigungsbuerste-schmal-175-cm","status":"publish","type":"product","link":"https:\/\/donaulife-new.ogrisdigital.at\/it\/black-leaf-reinigungsbuerste-schmal-175-cm\/","title":{"rendered":"BLACK LEAF Reinigungsb\u00fcrste schmal | 17,5 cm"},"content":{"rendered":"<h2>Black Leaf Reinigungsb\u00fcrste schmal 17,5 cm<\/h2>\n<p>Black Leaf 175mm lange, extra formstabile Mini-B\u00fcrste, um d\u00fcnne Pfeifen excellent zu reinigen. Sie hat eine Plastikkappe am Ende der B\u00fcrste, um Kratzer zu vermeiden.<\/p>\n<h3>\u00dcber Black Leaf:<\/h3>\n<p>In Weed We Trust ? Smoking\u00a0<em>Paraphernalia<\/em> seit 1988: Bongs, Pfeifen, Vaporizer, Grinder, Dabbing Zubeh\u00f6r, Paper &amp; Filter, Lifestyle Produkte. Es gibt viele Innovative Produkte der Marke die auch die ein oder andere Weltneuheit erschaffen haben. Im Shop bieten wir von allen Produkten die beste Auswahl.<\/p>\n","protected":false},"excerpt":{"rendered":"<p>Black Leaf Reinigungsb\u00fcrste schmal 17,5 cm Black Leaf 175mm lange, extra formstabile Mini-B\u00fcrste, um d\u00fcnne Pfeifen excellent zu reinigen. Sie<\/p>\n","protected":false},"featured_media":29830,"comment_status":"open","ping_status":"open","template":"","meta":{"_acf_changed":false},"product_cat":[2459,2719,2718,2460],"product_tag":[2521],"acf":[],"_links":{"self":[{"href":"https:\/\/donaulife-new.ogrisdigital.at\/it\/wp-json\/wp\/v2\/product\/52629"}],"collection":[{"href":"https:\/\/donaulife-new.ogrisdigital.at\/it\/wp-json\/wp\/v2\/product"}],"about":[{"href":"https:\/\/donaulife-new.ogrisdigital.at\/it\/wp-json\/wp\/v2\/types\/product"}],"replies":[{"embeddable":true,"href":"https:\/\/donaulife-new.ogrisdigital.at\/it\/wp-json\/wp\/v2\/comments?post=52629"}],"wp:featuredmedia":[{"embeddable":true,"href":"https:\/\/donaulife-new.ogrisdigital.at\/it\/wp-json\/wp\/v2\/media\/29830"}],"wp:attachment":[{"href":"https:\/\/donaulife-new.ogrisdigital.at\/it\/wp-json\/wp\/v2\/media?parent=52629"}],"wp:term":[{"taxonomy":"product_cat","embeddable":true,"href":"https:\/\/donaulife-new.ogrisdigital.at\/it\/wp-json\/wp\/v2\/product_cat?post=52629"},{"taxonomy":"product_tag","embeddable":true,"href":"https:\/\/donaulife-new.ogrisdigital.at\/it\/wp-json\/wp\/v2\/product_tag?post=52629"}],"curies":[{"name":"wp","href":"https:\/\/api.w.org\/{rel}","templated":true}]}}