{"id":52613,"date":"2021-03-15T14:49:59","date_gmt":"2021-03-15T14:49:59","guid":{"rendered":"https:\/\/donaulife-new.ogrisdigital.at\/produkt\/nv-grinder-herb-box-wasserdicht-o-55-mm\/"},"modified":"2024-07-01T00:47:50","modified_gmt":"2024-07-01T00:47:50","slug":"nv-grinder-herb-box-wasserdicht-o-55-mm","status":"publish","type":"product","link":"https:\/\/donaulife-new.ogrisdigital.at\/it\/nv-grinder-herb-box-wasserdicht-o-55-mm\/","title":{"rendered":"NV Grinder &#8216;Herb Box&#8217; wasserdicht | \u00d8 55 mm"},"content":{"rendered":"<h2>NV Grinder Aufbewahrungsbox f\u00fcr Kr\u00e4uter<\/h2>\n<p>\u2022 hergestellt aus eloxiertem Aluminium<br \/>\n\u2022 Gewinde mit Dichtung<br \/>\n\u2022 passend f\u00fcr etwa 3 g<br \/>\n\u2022 geruchsdicht und wasserdicht<\/p>\n<p>Mit der Herb Box von NV Grinder hast du nie wieder Probleme mit vorgedrehten in der freien Wildbahn. Geruchs-dicht und m\u00f6glichst unauff\u00e4llig kannst du bis zu 3 g verschiedenster Kr\u00e4uter verstauen.<\/p>\n<h3>\u00dcber NV Grinder:<\/h3>\n<p>NVGRINDER arbeitet st\u00e4ndig daran, die beste Qualit\u00e4t f\u00fcr ihre Produkte zu erzielen.<br \/>\nWir haben immer wieder neue Ideen und arbeiten eng mit den besten Herstellern der Welt zusammen.<br \/>\nUnsere Qualit\u00e4tsstandards sind sehr hoch, egal welches Material, und unser Ziel wird es immer sein, die besten und innovativsten Grinder f\u00fcr dich herzustellen!<\/p>\n<h4><strong>Was macht NV Produkte besonders?<\/strong><\/h4>\n<p>Jeder Grinder Typ der von uns produziert wird durchl\u00e4uft ein Testverfahren, um sicherzustellen, dass er den hohen Bed\u00fcrfnissen eines Rauchers entspricht, bevor wir ihn offiziell releasen.<\/p>\n","protected":false},"excerpt":{"rendered":"<p>NV Grinder Aufbewahrungsbox f\u00fcr Kr\u00e4uter \u2022 hergestellt aus eloxiertem Aluminium \u2022 Gewinde mit Dichtung \u2022 passend f\u00fcr etwa 3 g<\/p>\n","protected":false},"featured_media":29723,"comment_status":"open","ping_status":"open","template":"","meta":{"_acf_changed":false},"product_cat":[2607,2489,2566,2451,2826,3114],"product_tag":[],"acf":[],"_links":{"self":[{"href":"https:\/\/donaulife-new.ogrisdigital.at\/it\/wp-json\/wp\/v2\/product\/52613"}],"collection":[{"href":"https:\/\/donaulife-new.ogrisdigital.at\/it\/wp-json\/wp\/v2\/product"}],"about":[{"href":"https:\/\/donaulife-new.ogrisdigital.at\/it\/wp-json\/wp\/v2\/types\/product"}],"replies":[{"embeddable":true,"href":"https:\/\/donaulife-new.ogrisdigital.at\/it\/wp-json\/wp\/v2\/comments?post=52613"}],"wp:featuredmedia":[{"embeddable":true,"href":"https:\/\/donaulife-new.ogrisdigital.at\/it\/wp-json\/wp\/v2\/media\/29723"}],"wp:attachment":[{"href":"https:\/\/donaulife-new.ogrisdigital.at\/it\/wp-json\/wp\/v2\/media?parent=52613"}],"wp:term":[{"taxonomy":"product_cat","embeddable":true,"href":"https:\/\/donaulife-new.ogrisdigital.at\/it\/wp-json\/wp\/v2\/product_cat?post=52613"},{"taxonomy":"product_tag","embeddable":true,"href":"https:\/\/donaulife-new.ogrisdigital.at\/it\/wp-json\/wp\/v2\/product_tag?post=52613"}],"curies":[{"name":"wp","href":"https:\/\/api.w.org\/{rel}","templated":true}]}}