{"id":52587,"date":"2021-03-11T09:38:53","date_gmt":"2021-03-11T09:38:53","guid":{"rendered":"https:\/\/donaulife-new.ogrisdigital.at\/produkt\/marley-natural-glaspfeife-black-spoon-108-cm\/"},"modified":"2025-01-15T07:11:45","modified_gmt":"2025-01-15T07:11:45","slug":"marley-natural-glaspfeife-black-spoon-108-cm","status":"publish","type":"product","link":"https:\/\/donaulife-new.ogrisdigital.at\/it\/marley-natural-glaspfeife-black-spoon-108-cm\/","title":{"rendered":"MARLEY NATURAL Glaspfeife &#8216;Black Spoon&#8217; | 10,8 cm"},"content":{"rendered":"<h2>Marley Natural Bubbler Mattglas<\/h2>\n<div>Ein wundersch\u00f6ne Mattglaspfeife in L\u00f6ffelform von Marley Natural. Diese Mattglaspeife k\u00fchlt den Rauch effizient ab, indem sie Rauchwirbel erzeugt.<\/div>\n<div><\/div>\n<div><strong>Abmessungen<\/strong><\/div>\n<div><\/div>\n<div>2,5 x 10,8 x 5,1 cm<\/div>\n<h3>\u00dcber Marley Natural:<\/h3>\n<div>Marley Natural\u2122 ist eine Premium-Produktlinie, die mit Bewusstsein, Authentizit\u00e4t und echtem Respekt f\u00fcr die Vorteile der Natur hergestellt wird. Unsere Accessoires stammen alle aus verantwortungsvollen Quellen und sind von Integrit\u00e4t gepr\u00e4gt.<\/div>\n<div>Jedes unserer Angebote ist ein direktes Spiegelbild des Marley-Ethos, das die G\u00fcte der Natur mit dem Glauben an das positive Potenzial der Kr\u00e4uter verbindet. Als Agenten des Wandels f\u00f6rdern wir Positivit\u00e4t, Verbundenheit und pers\u00f6nliche Transformation. Und als Bef\u00fcrworter des Fortschritts bieten wir eine au\u00dfergew\u00f6hnliche Lifestyle-Linie, die von Jamaikas pulsierender Energie inspiriert ist. Wir sind stolz darauf, die offizielle Cannabis-Marke von Bob Marley zu sein.<\/div>\n","protected":false},"excerpt":{"rendered":"<p>Marley Natural Bubbler Mattglas Ein wundersch\u00f6ne Mattglaspfeife in L\u00f6ffelform von Marley Natural. Diese Mattglaspeife k\u00fchlt den Rauch effizient ab, indem<\/p>\n","protected":false},"featured_media":29527,"comment_status":"open","ping_status":"open","template":"","meta":{"_acf_changed":false},"product_cat":[2502,2451,2501],"product_tag":[3343],"acf":[],"_links":{"self":[{"href":"https:\/\/donaulife-new.ogrisdigital.at\/it\/wp-json\/wp\/v2\/product\/52587"}],"collection":[{"href":"https:\/\/donaulife-new.ogrisdigital.at\/it\/wp-json\/wp\/v2\/product"}],"about":[{"href":"https:\/\/donaulife-new.ogrisdigital.at\/it\/wp-json\/wp\/v2\/types\/product"}],"replies":[{"embeddable":true,"href":"https:\/\/donaulife-new.ogrisdigital.at\/it\/wp-json\/wp\/v2\/comments?post=52587"}],"wp:featuredmedia":[{"embeddable":true,"href":"https:\/\/donaulife-new.ogrisdigital.at\/it\/wp-json\/wp\/v2\/media\/29527"}],"wp:attachment":[{"href":"https:\/\/donaulife-new.ogrisdigital.at\/it\/wp-json\/wp\/v2\/media?parent=52587"}],"wp:term":[{"taxonomy":"product_cat","embeddable":true,"href":"https:\/\/donaulife-new.ogrisdigital.at\/it\/wp-json\/wp\/v2\/product_cat?post=52587"},{"taxonomy":"product_tag","embeddable":true,"href":"https:\/\/donaulife-new.ogrisdigital.at\/it\/wp-json\/wp\/v2\/product_tag?post=52587"}],"curies":[{"name":"wp","href":"https:\/\/api.w.org\/{rel}","templated":true}]}}