{"id":52566,"date":"2021-03-10T08:37:39","date_gmt":"2021-03-10T08:37:39","guid":{"rendered":"https:\/\/donaulife-new.ogrisdigital.at\/produkt\/raw-organic-hemp-papers-king-size-slim-32-blatt\/"},"modified":"2025-01-15T07:11:51","modified_gmt":"2025-01-15T07:11:51","slug":"raw-organic-hemp-papers-king-size-slim-32-blatt","status":"publish","type":"product","link":"https:\/\/donaulife-new.ogrisdigital.at\/it\/raw-organic-hemp-papers-king-size-slim-32-blatt\/","title":{"rendered":"RAW Organic Hemp KSS Papers | 32 Blatt"},"content":{"rendered":"<h2>RAW Organic Hanf Kingsize Slim Papers mit 32 Blatt<\/h2>\n<div>RAW Organic Hemp Kingsize Slim ist f\u00fcr diejenigen von uns, die gr\u00f6\u00dfere T\u00fcten m\u00f6gen.\u00a0 Es ist 110mm lang und hat ungef\u00e4hr die gleiche H\u00f6he wie ein 1\u00bc Papier. RAW Organic Hemp Kingsize Slim ist absolut perfekt f\u00fcr sch\u00f6ne gleichm\u00e4\u00dfig abbrennende Jays.<\/div>\n<div><\/div>\n<div>32 Bl\u00e4tter pro Packung<\/div>\n<div>50 Packungen pro Schachtel<\/div>\n<h3>\u00dcber RAW:<\/h3>\n<p>RAW &#8211; Die nat\u00fcrliche Art zu rollen.<\/p>\n<p>Seit dem 1. Tag hat RAW den Auftrag, die F\u00fchrungsrolle in der Papierrollenindustrie zu \u00fcbernehmen. RAW hat die Welt des Rauchens revolutioniert, indem sie Produkte geschaffen hat, die von Natur aus genial gestaltet sind, um das Raucherlebnis zu verbessern.<\/p>\n<p>RAW stellt nur qualitativ hochwertige und umweltfreundliche Produkte her, die Ihr Raucherlebnis verbessern, und wir werden das wof\u00fcr wir stehen niemals \u00e4ndern. Wir genie\u00dfen es, unser unraffiniertes Papier jeden Tag zu rauchen, und wir werden es immer komplett rein also &#8220;RAW&#8221; belassen &#8211; f\u00fcr dich und uns!<\/p>\n","protected":false},"excerpt":{"rendered":"<p>RAW Organic Hanf Kingsize Slim Papers mit 32 Blatt RAW Organic Hemp Kingsize Slim ist f\u00fcr diejenigen von uns, die<\/p>\n","protected":false},"featured_media":29429,"comment_status":"open","ping_status":"open","template":"","meta":{"_acf_changed":false},"product_cat":[2456,2489,2451,2453,2452,2490,2492],"product_tag":[2493],"acf":[],"_links":{"self":[{"href":"https:\/\/donaulife-new.ogrisdigital.at\/it\/wp-json\/wp\/v2\/product\/52566"}],"collection":[{"href":"https:\/\/donaulife-new.ogrisdigital.at\/it\/wp-json\/wp\/v2\/product"}],"about":[{"href":"https:\/\/donaulife-new.ogrisdigital.at\/it\/wp-json\/wp\/v2\/types\/product"}],"replies":[{"embeddable":true,"href":"https:\/\/donaulife-new.ogrisdigital.at\/it\/wp-json\/wp\/v2\/comments?post=52566"}],"wp:featuredmedia":[{"embeddable":true,"href":"https:\/\/donaulife-new.ogrisdigital.at\/it\/wp-json\/wp\/v2\/media\/29429"}],"wp:attachment":[{"href":"https:\/\/donaulife-new.ogrisdigital.at\/it\/wp-json\/wp\/v2\/media?parent=52566"}],"wp:term":[{"taxonomy":"product_cat","embeddable":true,"href":"https:\/\/donaulife-new.ogrisdigital.at\/it\/wp-json\/wp\/v2\/product_cat?post=52566"},{"taxonomy":"product_tag","embeddable":true,"href":"https:\/\/donaulife-new.ogrisdigital.at\/it\/wp-json\/wp\/v2\/product_tag?post=52566"}],"curies":[{"name":"wp","href":"https:\/\/api.w.org\/{rel}","templated":true}]}}