{"id":52561,"date":"2021-03-09T11:47:04","date_gmt":"2021-03-09T11:47:04","guid":{"rendered":"https:\/\/donaulife-new.ogrisdigital.at\/produkt\/nv-grinder-geruchsneutrale-tasche-mit-schloss-l\/"},"modified":"2025-01-15T07:11:52","modified_gmt":"2025-01-15T07:11:52","slug":"nv-grinder-geruchsneutrale-tasche-mit-schloss-l","status":"publish","type":"product","link":"https:\/\/donaulife-new.ogrisdigital.at\/it\/nv-grinder-geruchsneutrale-tasche-mit-schloss-l\/","title":{"rendered":"NV Grinder Geruchsneutrale Tasche mit Schloss | L"},"content":{"rendered":"<div>\n<h2>NV GRINDER Geruchsneutrale Tasche mit Schloss<\/h2>\n<p>Dieser geruchsdichte Tasche ist mit 100 % Aktivkohlefaser ausgekleidet, um sicherzustellen, dass der Geruch des eventuell stinkenden Inhalts im Inneren bleibt. Unsere dicke Kohlefaserschicht absorbiert und h\u00e4lt stinkenden Geruch gefangen! Diese Tasche kommt sogar mit einem Zahlenschloss, um Ihre Wertsachen sicher zu halten!<\/p>\n<h3>\u00dcber NV Grinder:<\/h3>\n<p>NVGRINDER arbeitet st\u00e4ndig daran, die beste Qualit\u00e4t f\u00fcr ihre Produkte zu erzielen.<br \/>\nWir haben immer wieder neue Ideen und arbeiten eng mit den besten Herstellern der Welt zusammen.<br \/>\nUnsere Qualit\u00e4tsstandards sind sehr hoch, egal welches Material, und unser Ziel wird es immer sein, die besten und innovativsten Grinder f\u00fcr dich herzustellen!<\/p>\n<h4><strong>Was macht unsere Produkte\u00a0 besonders?<\/strong><\/h4>\n<h4>Jeder Grinder Typ der von uns produziert wird durchl\u00e4uft ein Testverfahren, um sicherzustellen, dass er den hohen Bed\u00fcrfnissen eines Rauchers entspricht, bevor wir ihn offiziell releasen.<\/h4>\n<\/div>\n<div><\/div>\n<div class=\"std\"><\/div>\n","protected":false},"excerpt":{"rendered":"<p>NV GRINDER Geruchsneutrale Tasche mit Schloss Dieser geruchsdichte Tasche ist mit 100 % Aktivkohlefaser ausgekleidet, um sicherzustellen, dass der Geruch<\/p>\n","protected":false},"featured_media":29396,"comment_status":"open","ping_status":"open","template":"","meta":{"_acf_changed":false},"product_cat":[2607,2969,2566,2451],"product_tag":[],"acf":[],"_links":{"self":[{"href":"https:\/\/donaulife-new.ogrisdigital.at\/it\/wp-json\/wp\/v2\/product\/52561"}],"collection":[{"href":"https:\/\/donaulife-new.ogrisdigital.at\/it\/wp-json\/wp\/v2\/product"}],"about":[{"href":"https:\/\/donaulife-new.ogrisdigital.at\/it\/wp-json\/wp\/v2\/types\/product"}],"replies":[{"embeddable":true,"href":"https:\/\/donaulife-new.ogrisdigital.at\/it\/wp-json\/wp\/v2\/comments?post=52561"}],"wp:featuredmedia":[{"embeddable":true,"href":"https:\/\/donaulife-new.ogrisdigital.at\/it\/wp-json\/wp\/v2\/media\/29396"}],"wp:attachment":[{"href":"https:\/\/donaulife-new.ogrisdigital.at\/it\/wp-json\/wp\/v2\/media?parent=52561"}],"wp:term":[{"taxonomy":"product_cat","embeddable":true,"href":"https:\/\/donaulife-new.ogrisdigital.at\/it\/wp-json\/wp\/v2\/product_cat?post=52561"},{"taxonomy":"product_tag","embeddable":true,"href":"https:\/\/donaulife-new.ogrisdigital.at\/it\/wp-json\/wp\/v2\/product_tag?post=52561"}],"curies":[{"name":"wp","href":"https:\/\/api.w.org\/{rel}","templated":true}]}}