{"id":52560,"date":"2021-03-09T11:25:14","date_gmt":"2021-03-09T11:25:14","guid":{"rendered":"https:\/\/donaulife-new.ogrisdigital.at\/produkt\/nv-grinder-geruchsneutrale-tasche-mit-schloss-m\/"},"modified":"2024-07-01T00:47:03","modified_gmt":"2024-07-01T00:47:03","slug":"nv-grinder-geruchsneutrale-tasche-mit-schloss-m","status":"publish","type":"product","link":"https:\/\/donaulife-new.ogrisdigital.at\/it\/nv-grinder-geruchsneutrale-tasche-mit-schloss-m\/","title":{"rendered":"NV Grinder Geruchsneutrale Tasche mit Schloss | M"},"content":{"rendered":"<div>\n<h2>NV GRINDER Geruchsneutrale Tasche mit Schloss<\/h2>\n<p>Dieser geruchsdichte Tasche ist mit 100 % Aktivkohlefaser ausgekleidet, um sicherzustellen, dass der Geruch des eventuell stinkenden Inhalts im Inneren bleibt. Unsere dicke Kohlefaserschicht absorbiert und h\u00e4lt stinkenden Geruch gefangen! Diese Tasche kommt sogar mit einem Zahlenschloss, um Ihre Wertsachen sicher zu halten!<\/p>\n<h3>\u00dcber NV Grinder:<\/h3>\n<div class=\"rte rte-setting featured-row__subtext\">NV GRINDER arbeitet st\u00e4ndig daran, die beste Qualit\u00e4t f\u00fcr ihre Produkte zu erzielen.<br \/>\nWir haben immer wieder neue Ideen und arbeiten eng mit den besten Herstellern der Welt zusammen.<br \/>\nUnsere Qualit\u00e4tsstandards sind sehr hoch, egal welches Material, und\u00a0<em>unser Ziel wird es immer sein, die besten und innovativsten Grinder f\u00fcr Sie herzustellen!<\/em><\/div>\n<div><\/div>\n<div class=\"rte rte-setting featured-row__subtext\"><span style=\"font-size: 20.16px;\">Was macht unsere Grinders besonders?<\/span><\/div>\n<div><\/div>\n<div class=\"rte rte-setting featured-row__subtext\"><i>Jeder Grinder Typ der von uns produziert wird durchl\u00e4uft ein Testverfahren, um sicherzustellen, dass er den hohen Bed\u00fcrfnissen eines Rauchers entspricht, bevor wir ihn offiziell releasen.<\/i><\/div>\n<div class=\"rte rte-setting featured-row__subtext\"><em>Das zerkleinern von Cannabis war noch nie so einfach wie mit unseren Grindern! Unsere M\u00fchlen wurden entwickelt, um Ihrem Gras w\u00e4hrend des Zerkleinerungsprozesses mehr Volumen zu geben. Volumin\u00f6seres und perfekt zerkleinertes Gras erleichtert das Drehen und erm\u00f6glicht einen perfekten Luftstrom w\u00e4hrend des Rauchens. Kr\u00e4uter, welche mit unseren Produkten gemahlen wurden, brennen gleichm\u00e4\u00dfiger und langsamer ab.<\/em><\/div>\n<\/div>\n<div><\/div>\n<div class=\"std\"><\/div>\n","protected":false},"excerpt":{"rendered":"<p>NV GRINDER Geruchsneutrale Tasche mit Schloss Dieser geruchsdichte Tasche ist mit 100 % Aktivkohlefaser ausgekleidet, um sicherzustellen, dass der Geruch<\/p>\n","protected":false},"featured_media":29387,"comment_status":"open","ping_status":"open","template":"","meta":{"_acf_changed":false},"product_cat":[2607,2969,2566,2451],"product_tag":[],"acf":[],"_links":{"self":[{"href":"https:\/\/donaulife-new.ogrisdigital.at\/it\/wp-json\/wp\/v2\/product\/52560"}],"collection":[{"href":"https:\/\/donaulife-new.ogrisdigital.at\/it\/wp-json\/wp\/v2\/product"}],"about":[{"href":"https:\/\/donaulife-new.ogrisdigital.at\/it\/wp-json\/wp\/v2\/types\/product"}],"replies":[{"embeddable":true,"href":"https:\/\/donaulife-new.ogrisdigital.at\/it\/wp-json\/wp\/v2\/comments?post=52560"}],"wp:featuredmedia":[{"embeddable":true,"href":"https:\/\/donaulife-new.ogrisdigital.at\/it\/wp-json\/wp\/v2\/media\/29387"}],"wp:attachment":[{"href":"https:\/\/donaulife-new.ogrisdigital.at\/it\/wp-json\/wp\/v2\/media?parent=52560"}],"wp:term":[{"taxonomy":"product_cat","embeddable":true,"href":"https:\/\/donaulife-new.ogrisdigital.at\/it\/wp-json\/wp\/v2\/product_cat?post=52560"},{"taxonomy":"product_tag","embeddable":true,"href":"https:\/\/donaulife-new.ogrisdigital.at\/it\/wp-json\/wp\/v2\/product_tag?post=52560"}],"curies":[{"name":"wp","href":"https:\/\/api.w.org\/{rel}","templated":true}]}}