{"id":52556,"date":"2021-03-09T09:26:41","date_gmt":"2021-03-09T09:26:41","guid":{"rendered":"https:\/\/donaulife-new.ogrisdigital.at\/produkt\/nv-grinder-rolling-tray-life-is-good\/"},"modified":"2024-07-01T00:46:58","modified_gmt":"2024-07-01T00:46:58","slug":"nv-grinder-rolling-tray-life-is-good","status":"publish","type":"product","link":"https:\/\/donaulife-new.ogrisdigital.at\/it\/nv-grinder-rolling-tray-life-is-good\/","title":{"rendered":"NV Grinder Rolling Tray | &#8216;Life is Good&#8217;"},"content":{"rendered":"<h2>NV GRINDER Rolling Tray Life is Good<\/h2>\n<p>Ein langlebiges Rolling Tray aus Metall mit hochwertigem Aufdruck. NV sowie donaulife ist der Meinung: Life is Good!<\/p>\n<h3>\u00dcber NV Grinder:<\/h3>\n<p>NVGRINDER arbeitet st\u00e4ndig daran, die beste Qualit\u00e4t f\u00fcr ihre Produkte zu erzielen.<br \/>\nWir haben immer wieder neue Ideen und arbeiten eng mit den besten Herstellern der Welt zusammen.<br \/>\nUnsere Qualit\u00e4tsstandards sind sehr hoch, egal welches Material, und unser Ziel wird es immer sein, die besten und innovativsten Grinder f\u00fcr dich herzustellen!<\/p>\n<h4><strong>Was macht unsere Produkte\u00a0 besonders?<\/strong><\/h4>\n<h4>Jeder Grinder Typ der von uns produziert wird durchl\u00e4uft ein Testverfahren, um sicherzustellen, dass er den hohen Bed\u00fcrfnissen eines Rauchers entspricht, bevor wir ihn offiziell releasen.<\/h4>\n","protected":false},"excerpt":{"rendered":"<p>NV GRINDER Rolling Tray Life is Good Ein langlebiges Rolling Tray aus Metall mit hochwertigem Aufdruck. NV sowie donaulife ist<\/p>\n","protected":false},"featured_media":29363,"comment_status":"open","ping_status":"open","template":"","meta":{"_acf_changed":false},"product_cat":[2794,2451,2793],"product_tag":[],"acf":[],"_links":{"self":[{"href":"https:\/\/donaulife-new.ogrisdigital.at\/it\/wp-json\/wp\/v2\/product\/52556"}],"collection":[{"href":"https:\/\/donaulife-new.ogrisdigital.at\/it\/wp-json\/wp\/v2\/product"}],"about":[{"href":"https:\/\/donaulife-new.ogrisdigital.at\/it\/wp-json\/wp\/v2\/types\/product"}],"replies":[{"embeddable":true,"href":"https:\/\/donaulife-new.ogrisdigital.at\/it\/wp-json\/wp\/v2\/comments?post=52556"}],"wp:featuredmedia":[{"embeddable":true,"href":"https:\/\/donaulife-new.ogrisdigital.at\/it\/wp-json\/wp\/v2\/media\/29363"}],"wp:attachment":[{"href":"https:\/\/donaulife-new.ogrisdigital.at\/it\/wp-json\/wp\/v2\/media?parent=52556"}],"wp:term":[{"taxonomy":"product_cat","embeddable":true,"href":"https:\/\/donaulife-new.ogrisdigital.at\/it\/wp-json\/wp\/v2\/product_cat?post=52556"},{"taxonomy":"product_tag","embeddable":true,"href":"https:\/\/donaulife-new.ogrisdigital.at\/it\/wp-json\/wp\/v2\/product_tag?post=52556"}],"curies":[{"name":"wp","href":"https:\/\/api.w.org\/{rel}","templated":true}]}}