{"id":52553,"date":"2021-03-09T08:24:25","date_gmt":"2021-03-09T08:24:25","guid":{"rendered":"https:\/\/donaulife-new.ogrisdigital.at\/produkt\/purize-aktivkohle-lose-150-g\/"},"modified":"2024-07-01T00:46:57","modified_gmt":"2024-07-01T00:46:57","slug":"purize-aktivkohle-lose-150-g","status":"publish","type":"product","link":"https:\/\/donaulife-new.ogrisdigital.at\/it\/purize-aktivkohle-lose-150-g\/","title":{"rendered":"PURIZE Aktivkohle lose | 150 g"},"content":{"rendered":"<h2>Produktinformationen &#8220;PURIZE\u00ae Aktivkohle \u2013 Coconut 150 g<\/h2>\n<p>PURIZE\u00ae Aktivkohle (150 Gramm, lose im Standbodenbeutel) auf Kokosnuss-Basis. Zum Bef\u00fcllen von Aktivkohle-Adaptern o.\u00c4. Unsere hochwirksame, rein vegane Aktivkohle filtert einen Gro\u00dfteil der Schadstoffe aus dem inhalierten Rauch.<br \/>\nGew\u00fcnschte Wirkstoffe bleiben erhalten, das Rauchen wird sp\u00fcrbar milder! Zudem bleibt Eure Pfeife l\u00e4nger sauber und schlechte Ger\u00fcche werden absorbiert!<\/p>\n<p>Vorteile:<\/p>\n<ul>\n<li>auf Kokosnuss-Basis<\/li>\n<li>f\u00fcr Pfeifen geeignet<\/li>\n<li>preiswert<\/li>\n<\/ul>\n<h3>\u00dcber Purize:<\/h3>\n<p>PURIZE\u00ae Filters verfolgt die Vision, genussorientierten Rauchern \u2013 mit Hilfe eines PURIZE\u00ae Aktivkohlefilters \u2013 ein deutlich schadstoffreduziertes &amp; angenehmeres Raucherlebnis aufzuzeigen.<\/p>\n<p>Egal wie herum Ihr unsere Filter eindreht oder einsetzt, es gibt keine Verwechslungen mehr, ob richtig oder falsch, PURIZE\u00ae passt immer!<\/p>\n<p>L\u00e4stiges Halskratzen &amp; Husten geh\u00f6rt von nun an der Vergangenheit an.<br \/>\nMit Purize Filtern schont Ihr Eure Lunge, soviel ist klar!<\/p>\n<p>PURIZE\u00ae .. makes smoking NIZE!<\/p>\n","protected":false},"excerpt":{"rendered":"<p>Produktinformationen &#8220;PURIZE\u00ae Aktivkohle \u2013 Coconut 150 g PURIZE\u00ae Aktivkohle (150 Gramm, lose im Standbodenbeutel) auf Kokosnuss-Basis. Zum Bef\u00fcllen von Aktivkohle-Adaptern<\/p>\n","protected":false},"featured_media":26761,"comment_status":"open","ping_status":"open","template":"","meta":{"_acf_changed":false},"product_cat":[2785,2489,2459,2499,2451,2917,2861,2460],"product_tag":[],"acf":[],"_links":{"self":[{"href":"https:\/\/donaulife-new.ogrisdigital.at\/it\/wp-json\/wp\/v2\/product\/52553"}],"collection":[{"href":"https:\/\/donaulife-new.ogrisdigital.at\/it\/wp-json\/wp\/v2\/product"}],"about":[{"href":"https:\/\/donaulife-new.ogrisdigital.at\/it\/wp-json\/wp\/v2\/types\/product"}],"replies":[{"embeddable":true,"href":"https:\/\/donaulife-new.ogrisdigital.at\/it\/wp-json\/wp\/v2\/comments?post=52553"}],"wp:featuredmedia":[{"embeddable":true,"href":"https:\/\/donaulife-new.ogrisdigital.at\/it\/wp-json\/wp\/v2\/media\/26761"}],"wp:attachment":[{"href":"https:\/\/donaulife-new.ogrisdigital.at\/it\/wp-json\/wp\/v2\/media?parent=52553"}],"wp:term":[{"taxonomy":"product_cat","embeddable":true,"href":"https:\/\/donaulife-new.ogrisdigital.at\/it\/wp-json\/wp\/v2\/product_cat?post=52553"},{"taxonomy":"product_tag","embeddable":true,"href":"https:\/\/donaulife-new.ogrisdigital.at\/it\/wp-json\/wp\/v2\/product_tag?post=52553"}],"curies":[{"name":"wp","href":"https:\/\/api.w.org\/{rel}","templated":true}]}}